{"id":4867,"date":"2025-04-01T20:26:34","date_gmt":"2025-04-01T18:26:34","guid":{"rendered":"http:\/\/idotqcy.cluster100.hosting.ovh.net\/?page_id=4867"},"modified":"2025-09-26T13:59:39","modified_gmt":"2025-09-26T11:59:39","slug":"politique-de-cookies","status":"publish","type":"page","link":"https:\/\/kozumi.eu\/en\/politique-de-cookies\/","title":{"rendered":"Cookies policy"},"content":{"rendered":"<style>.elementor-4867 .elementor-element.elementor-element-1fa8c51{--display:flex;--min-height:45vh;--flex-direction:row;--container-widget-width:calc( ( 1 - var( --container-widget-flex-grow ) ) * 100% );--container-widget-height:100%;--container-widget-flex-grow:1;--container-widget-align-self:stretch;--flex-wrap-mobile:wrap;--justify-content:center;--align-items:center;--gap:20px 20px;--row-gap:20px;--column-gap:20px;--flex-wrap:wrap;--align-content:center;--overlay-opacity:0.69;--margin-top:0px;--margin-bottom:0px;--margin-left:0px;--margin-right:0px;--padding-top:0%;--padding-bottom:0%;--padding-left:8%;--padding-right:8%;}.elementor-4867 .elementor-element.elementor-element-1fa8c51:not(.elementor-motion-effects-element-type-background), .elementor-4867 .elementor-element.elementor-element-1fa8c51 > .elementor-motion-effects-container > .elementor-motion-effects-layer{background-color:var( --e-global-color-1efece5 );background-image:url(\"https:\/\/kozumi.eu\/wp-content\/uploads\/2025\/08\/img-temoignages-1.webp\");background-position:center center;background-repeat:no-repeat;background-size:cover;}.elementor-4867 .elementor-element.elementor-element-1fa8c51::before, .elementor-4867 .elementor-element.elementor-element-1fa8c51 > .elementor-background-video-container::before, .elementor-4867 .elementor-element.elementor-element-1fa8c51 > .e-con-inner > .elementor-background-video-container::before, .elementor-4867 .elementor-element.elementor-element-1fa8c51 > .elementor-background-slideshow::before, .elementor-4867 .elementor-element.elementor-element-1fa8c51 > .e-con-inner > .elementor-background-slideshow::before, .elementor-4867 .elementor-element.elementor-element-1fa8c51 > .elementor-motion-effects-container > .elementor-motion-effects-layer::before{--background-overlay:'';background-color:#331705BF;}.elementor-4867 .elementor-element.elementor-element-1fa8c51 > .elementor-shape-bottom svg, .elementor-4867 .elementor-element.elementor-element-1fa8c51 > .e-con-inner > .elementor-shape-bottom svg{width:calc(192% + 1.3px);height:83px;}.elementor-4867 .elementor-element.elementor-element-1fa8c51.e-con{--flex-grow:0;--flex-shrink:0;}.elementor-4867 .elementor-element.elementor-element-c853a8f{text-align:center;width:var( --container-widget-width, 60% );max-width:60%;--container-widget-width:60%;--container-widget-flex-grow:0;}.elementor-4867 .elementor-element.elementor-element-c853a8f .elementor-heading-title{font-size:3.5em;font-weight:600;text-transform:none;font-style:normal;text-decoration:none;line-height:1em;letter-spacing:0px;color:#FFFFFF;}.elementor-4867 .elementor-element.elementor-element-c853a8f > .elementor-widget-container{padding:0% 0% 0% 0%;}.elementor-4867 .elementor-element.elementor-element-4bc4ff0{--display:flex;--padding-top:4%;--padding-bottom:0%;--padding-left:0%;--padding-right:0%;}.elementor-4867 .elementor-element.elementor-element-67ef51c > .elementor-widget-container{margin:0px 0px 0px 0px;padding:0px 0px 0px 0px;}:root{--page-title-display:none;}@media(max-width:1366px){.elementor-4867 .elementor-element.elementor-element-c853a8f .elementor-heading-title{font-size:4em;}.elementor-4867 .elementor-element.elementor-element-67ef51c > .elementor-widget-container{padding:0% 5% 0% 5%;}}@media(max-width:1024px){.elementor-4867 .elementor-element.elementor-element-1fa8c51{--min-height:30vh;--padding-top:0%;--padding-bottom:0%;--padding-left:5%;--padding-right:5%;}.elementor-4867 .elementor-element.elementor-element-c853a8f .elementor-heading-title{font-size:3em;}}@media(max-width:768px){.elementor-4867 .elementor-element.elementor-element-1fa8c51{--min-height:185px;--gap:10px 10px;--row-gap:10px;--column-gap:10px;--margin-top:0px;--margin-bottom:0px;--margin-left:0px;--margin-right:0px;--padding-top:5%;--padding-bottom:5%;--padding-left:5%;--padding-right:5%;}.elementor-4867 .elementor-element.elementor-element-1fa8c51:not(.elementor-motion-effects-element-type-background), .elementor-4867 .elementor-element.elementor-element-1fa8c51 > .elementor-motion-effects-container > .elementor-motion-effects-layer{background-position:center center;}.elementor-4867 .elementor-element.elementor-element-c853a8f .elementor-heading-title{font-size:2.3em;line-height:1em;}.elementor-4867 .elementor-element.elementor-element-c853a8f{width:100%;max-width:100%;}.elementor-4867 .elementor-element.elementor-element-4bc4ff0{--padding-top:5%;--padding-bottom:0%;--padding-left:5%;--padding-right:5%;}.elementor-4867 .elementor-element.elementor-element-67ef51c{text-align:center;}.elementor-4867 .elementor-element.elementor-element-67ef51c > .elementor-widget-container{padding:0% 0% 0% 0%;}}<\/style>\t\t<div data-elementor-type=\"wp-page\" data-elementor-id=\"4867\" class=\"elementor elementor-4867\" data-elementor-post-type=\"page\">\n\t\t\t\t<div class=\"elementor-element elementor-element-1fa8c51 e-con-full e-flex e-con e-parent\" data-id=\"1fa8c51\" data-element_type=\"container\" data-e-type=\"container\" data-settings=\"{&quot;background_background&quot;:&quot;classic&quot;,&quot;shape_divider_bottom&quot;:&quot;curve&quot;,&quot;shape_divider_bottom_negative&quot;:&quot;yes&quot;}\">\n\t\t\t\t<div class=\"elementor-shape elementor-shape-bottom\" aria-hidden=\"true\" data-negative=\"true\">\n\t\t\t<svg xmlns=\"http:\/\/www.w3.org\/2000\/svg\" viewbox=\"0 0 1000 100\" preserveaspectratio=\"none\">\n\t<path class=\"elementor-shape-fill\" d=\"M500,97C126.7,96.3,0.8,19.8,0,0v100l1000,0V1C1000,19.4,873.3,97.8,500,97z\"\/>\n<\/svg>\t\t<\/div>\n\t\t\t\t<\/div>\n\t\t<div class=\"elementor-element elementor-element-4bc4ff0 e-flex e-con-boxed e-con e-parent\" data-id=\"4bc4ff0\" data-element_type=\"container\" data-e-type=\"container\">\n\t\t\t\t\t<div class=\"e-con-inner\">\n\t\t\t\t<div class=\"elementor-element elementor-element-67ef51c elementor-widget elementor-widget-text-editor\" data-id=\"67ef51c\" data-element_type=\"widget\" data-e-type=\"widget\" data-widget_type=\"text-editor.default\">\n\t\t\t\t<div class=\"elementor-widget-container\">\n\t\t\t\t\t\t\t\t\t<section data-particle_enable=\"false\" data-particle-mobile-disabled=\"false\" data-id=\"90c9189\" data-element_type=\"section\"><div data-id=\"3dd87f1\" data-element_type=\"column\"><div data-id=\"305c113\" data-element_type=\"widget\" data-widget_type=\"heading.default\"><p data-start=\"294\" data-end=\"582\">At <a href=\"https:\/\/kozumi.eu\/en\/\"><strong data-start=\"299\" data-end=\"309\">KOZUMI<\/strong><\/a>We are committed to respecting your privacy and protecting your personal data. This cookie policy explains how we use cookies on our website. <a class=\"decorated-link\" href=\"https:\/\/kozumi.eu\/en\/\" target=\"_new\" rel=\"noopener\" data-start=\"496\" data-end=\"534\">www.kozumi.eu<\/a> and how you can manage your preferences.<\/p><hr data-start=\"584\" data-end=\"587\" \/><h2 data-start=\"589\" data-end=\"618\">What is a cookie?<\/h2><p data-start=\"619\" data-end=\"886\">A cookie is a small text file stored on your device (computer, tablet or smartphone) when you visit a website. It enables the site to remember your preferences and improve your user experience on future visits.<\/p><hr data-start=\"888\" data-end=\"891\" \/><h2 data-start=\"893\" data-end=\"935\">Why do we use cookies?<\/h2><ul data-start=\"937\" data-end=\"1502\"><li data-start=\"937\" data-end=\"1067\"><p data-start=\"939\" data-end=\"1067\"><strong data-start=\"939\" data-end=\"961\">Essential cookies<\/strong> necessary for the proper operation of the site (browsing, access to secure areas, shopping basket, payment).<\/p><\/li><li data-start=\"1068\" data-end=\"1223\"><p data-start=\"1070\" data-end=\"1223\"><strong data-start=\"1070\" data-end=\"1096\">Performance cookies<\/strong> Web cookies: collect information on the use of the site (pages visited, errors encountered) in order to improve our services.<\/p><\/li><li data-start=\"1224\" data-end=\"1348\"><p data-start=\"1226\" data-end=\"1348\"><strong data-start=\"1226\" data-end=\"1250\">Functional cookies<\/strong> The following functions are available to you: remembering your choices (language, browsing preferences) to personalise your experience.<\/p><\/li><li data-start=\"1349\" data-end=\"1502\"><p data-start=\"1351\" data-end=\"1502\"><strong data-start=\"1351\" data-end=\"1383\">Targeting\/advertising cookies<\/strong> This information is used to display advertising tailored to your interests and to measure the effectiveness of our campaigns.<\/p><\/li><\/ul><hr data-start=\"1504\" data-end=\"1507\" \/><h2 data-start=\"1509\" data-end=\"1527\">Third-party cookies<\/h2><p data-start=\"1528\" data-end=\"1809\">We may authorise certain partners (e.g. analysis services, advertising networks) to place cookies on your device. These third parties may collect information about your online activities in order to improve our services or personalise advertising.<\/p><hr data-start=\"1811\" data-end=\"1814\" \/><h2 data-start=\"1816\" data-end=\"1840\">Cookie management<\/h2><p data-start=\"1841\" data-end=\"1969\">On your first visit, a banner will inform you of the use of cookies and allow you to manage your preferences.<\/p><p data-start=\"1971\" data-end=\"1986\">You can :<\/p><ul data-start=\"1987\" data-end=\"2128\"><li data-start=\"1987\" data-end=\"2057\"><p data-start=\"1989\" data-end=\"2057\">Accept or refuse all or some of the cookies from the banner.<\/p><\/li><li data-start=\"2058\" data-end=\"2128\"><p data-start=\"2060\" data-end=\"2128\">Configure your browser to block or delete cookies.<\/p><\/li><\/ul><p data-start=\"2130\" data-end=\"2265\">\u26a0\ufe0f Please note: some of the site's functions may not work properly if you refuse certain essential cookies.<\/p><p data-start=\"2267\" data-end=\"2369\">\ud83d\udc49 To find out more, visit your browser's official cookie management pages :<\/p><ul data-start=\"2370\" data-end=\"2752\"><li data-start=\"2370\" data-end=\"2443\"><p data-start=\"2372\" data-end=\"2443\"><a class=\"decorated-link cursor-pointer\" target=\"_new\" rel=\"noopener\" data-start=\"2372\" data-end=\"2441\">Google Chrome<\/a><\/p><\/li><li data-start=\"2444\" data-end=\"2527\"><p data-start=\"2446\" data-end=\"2527\"><a class=\"decorated-link cursor-pointer\" target=\"_new\" rel=\"noopener\" data-start=\"2446\" data-end=\"2525\">Mozilla Firefox<\/a><\/p><\/li><li data-start=\"2528\" data-end=\"2679\"><p data-start=\"2530\" data-end=\"2679\"><a class=\"decorated-link cursor-pointer\" target=\"_new\" rel=\"noopener\" data-start=\"2530\" data-end=\"2677\">Microsoft Edge<\/a><\/p><\/li><li data-start=\"2680\" data-end=\"2752\"><p data-start=\"2682\" data-end=\"2752\"><a class=\"decorated-link cursor-pointer\" target=\"_new\" rel=\"noopener\" data-start=\"2682\" data-end=\"2750\">Safari<\/a><\/p><\/li><\/ul><hr data-start=\"2754\" data-end=\"2757\" \/><h2 data-start=\"2759\" data-end=\"2776\">Consent<\/h2><p data-start=\"2777\" data-end=\"2967\">By continuing your navigation on <a class=\"decorated-link\" href=\"https:\/\/kozumi.eu\/en\/\" target=\"_new\" rel=\"noopener\" data-start=\"2813\" data-end=\"2851\">www.kozumi.eu<\/a> or by clicking \"Accept\", you consent to the use of cookies in accordance with this policy.<\/p><hr data-start=\"2969\" data-end=\"2972\" \/><h2 data-start=\"2974\" data-end=\"2992\">Changes<\/h2><p data-start=\"2993\" data-end=\"3156\">KOZUMI reserves the right to change this policy at any time. The updated version will be posted on this page with the corresponding revision date.<\/p><hr data-start=\"3158\" data-end=\"3161\" \/><h2 data-start=\"3163\" data-end=\"3175\">Contact<\/h2><p data-start=\"3176\" data-end=\"3237\">If you have any questions about our cookies policy :<\/p><p data-start=\"3239\" data-end=\"3368\">\ud83d\udce7 Email : <a class=\"decorated-link cursor-pointer\" rel=\"noopener\" data-start=\"3250\" data-end=\"3270\">info@sushi-robots.eu<\/a><br data-start=\"3270\" data-end=\"3273\" \/>\ud83d\udcde Telephone: +33 5 16 07 39 09<br data-start=\"3305\" data-end=\"3308\" \/>\ud83d\udccd Address: KOZUMI, 21 rue Lavoisier, 17440 Aytr\u00e9, France<\/p><\/div><\/div><\/section>\t\t\t\t\t\t\t\t<\/div>\n\t\t\t\t<\/div>\n\t\t\t\t\t<\/div>\n\t\t\t\t<\/div>\n\t\t\t\t<\/div>","protected":false},"excerpt":{"rendered":"<p>Chez Grinmarket, nous nous engageons \u00e0 respecter votre vie priv\u00e9e et \u00e0 prot\u00e9ger vos donn\u00e9es personnelles. Cette politique de cookies explique comment nous utilisons les cookies sur notre site web et comment vous pouvez les g\u00e9rer.\u200bbruneau.fr+2European Commission+2democratiealimentaire.fr+2 Qu&rsquo;est-ce qu&rsquo;un cookie ? Un cookie est un petit fichier texte que votre navigateur enregistre sur votre appareil [&hellip;]<\/p>\n","protected":false},"author":19,"featured_media":0,"parent":0,"menu_order":0,"comment_status":"closed","ping_status":"closed","template":"","meta":{"footnotes":""},"class_list":["post-4867","page","type-page","status-publish","hentry"],"_links":{"self":[{"href":"https:\/\/kozumi.eu\/en\/wp-json\/wp\/v2\/pages\/4867","targetHints":{"allow":["GET"]}}],"collection":[{"href":"https:\/\/kozumi.eu\/en\/wp-json\/wp\/v2\/pages"}],"about":[{"href":"https:\/\/kozumi.eu\/en\/wp-json\/wp\/v2\/types\/page"}],"author":[{"embeddable":true,"href":"https:\/\/kozumi.eu\/en\/wp-json\/wp\/v2\/users\/19"}],"replies":[{"embeddable":true,"href":"https:\/\/kozumi.eu\/en\/wp-json\/wp\/v2\/comments?post=4867"}],"version-history":[{"count":0,"href":"https:\/\/kozumi.eu\/en\/wp-json\/wp\/v2\/pages\/4867\/revisions"}],"wp:attachment":[{"href":"https:\/\/kozumi.eu\/en\/wp-json\/wp\/v2\/media?parent=4867"}],"curies":[{"name":"wp","href":"https:\/\/api.w.org\/{rel}","templated":true}]}}