{"id":7396,"date":"2025-09-18T09:54:28","date_gmt":"2025-09-18T07:54:28","guid":{"rendered":"http:\/\/idotqcy.cluster100.hosting.ovh.net\/produit\/fmk-makisu-sushi-roll-mat-hasegawa\/"},"modified":"2026-04-30T09:42:49","modified_gmt":"2026-04-30T07:42:49","slug":"fmk-makisu-sushi-roll-mat-hasegawa","status":"publish","type":"product","link":"https:\/\/kozumi.eu\/en\/cadeaux\/fmk-makisu-sushi-roll-mat-hasegawa\/","title":{"rendered":"Makisu - Sushi roll mat - Hasegawa"},"content":{"rendered":"<p>Le Makisu de la marque Hasegawa est l\u2019outil parfait pour rouler vos sushi. Con\u00e7u dans un plastique r\u00e9sistant, vous pouvez vous en servir sans utiliser de film alimentaire, contrairement aux makisu en bambou. Pas besoin non plus de le changer aussi r\u00e9guli\u00e8rement \u00e0 cause de la moisissure.<\/p>\n<p>Avec ses petits picots et l\u2019utilisation de l\u2019Ovam Spray, que vous pouvez retrouver sur notre site, vous pourrez rouler autant de sushi que vous le voudrez en une journ\u00e9e sans retrouver un seul grain de riz sur votre Makisu !<\/p>\n<p>Disponible en trois tailles et trois couleurs diff\u00e9rentes.<\/p>","protected":false},"excerpt":{"rendered":"<p>The Makisu will be your ideal ally for rolling your Sushi!<\/p>\n<p>Made from resin, it's easy to clean and means you don't have to use the plastic film you're used to with Makisu.<\/p>","protected":false},"featured_media":7395,"comment_status":"open","ping_status":"closed","template":"","meta":[],"product_brand":[271],"product_cat":[189,192,191],"product_tag":[],"product-origin":[130],"class_list":{"0":"post-7396","1":"product","2":"type-product","3":"status-publish","4":"has-post-thumbnail","6":"product_brand-hasegawa","7":"product_cat-cadeaux","8":"product_cat-coup-de-coeur","9":"product_cat-ustensiles","10":"product-origin-japon","12":"first","13":"instock","14":"taxable","15":"shipping-taxable","16":"purchasable","17":"product-type-variable"},"_links":{"self":[{"href":"https:\/\/kozumi.eu\/en\/wp-json\/wp\/v2\/product\/7396","targetHints":{"allow":["GET"]}}],"collection":[{"href":"https:\/\/kozumi.eu\/en\/wp-json\/wp\/v2\/product"}],"about":[{"href":"https:\/\/kozumi.eu\/en\/wp-json\/wp\/v2\/types\/product"}],"replies":[{"embeddable":true,"href":"https:\/\/kozumi.eu\/en\/wp-json\/wp\/v2\/comments?post=7396"}],"version-history":[{"count":1,"href":"https:\/\/kozumi.eu\/en\/wp-json\/wp\/v2\/product\/7396\/revisions"}],"predecessor-version":[{"id":9367,"href":"https:\/\/kozumi.eu\/en\/wp-json\/wp\/v2\/product\/7396\/revisions\/9367"}],"wp:featuredmedia":[{"embeddable":true,"href":"https:\/\/kozumi.eu\/en\/wp-json\/wp\/v2\/media\/7395"}],"wp:attachment":[{"href":"https:\/\/kozumi.eu\/en\/wp-json\/wp\/v2\/media?parent=7396"}],"wp:term":[{"taxonomy":"product_brand","embeddable":true,"href":"https:\/\/kozumi.eu\/en\/wp-json\/wp\/v2\/product_brand?post=7396"},{"taxonomy":"product_cat","embeddable":true,"href":"https:\/\/kozumi.eu\/en\/wp-json\/wp\/v2\/product_cat?post=7396"},{"taxonomy":"product_tag","embeddable":true,"href":"https:\/\/kozumi.eu\/en\/wp-json\/wp\/v2\/product_tag?post=7396"},{"taxonomy":"product-origin","embeddable":true,"href":"https:\/\/kozumi.eu\/en\/wp-json\/wp\/v2\/product-origin?post=7396"}],"curies":[{"name":"wp","href":"https:\/\/api.w.org\/{rel}","templated":true}]}}