{"id":7415,"date":"2025-09-18T09:54:34","date_gmt":"2025-09-18T07:54:34","guid":{"rendered":"http:\/\/idotqcy.cluster100.hosting.ovh.net\/produit\/frm-soft-mat-board-hasegawa\/"},"modified":"2026-04-30T07:45:18","modified_gmt":"2026-04-30T05:45:18","slug":"frm-soft-mat-board-hasegawa","status":"publish","type":"product","link":"https:\/\/kozumi.eu\/en\/ustensiles\/planches-a-decouper\/frm-soft-mat-board-hasegawa\/","title":{"rendered":"Cutting mat - Hasegawa"},"content":{"rendered":"<p>Le NSF Soft Mat de chez Hasegawa est un tapis de d\u00e9coupe souple et l\u00e9ger, con\u00e7u pour \u00eatre utilis\u00e9 avec des couteaux de haute qualit\u00e9.\u00a0 Il poss\u00e8de une surface douce pour prolonger la coupe du couteau et non glissante permettant des coupes d\u00e9licates.<\/p>\n<p>Ce tapis est facile d&rsquo;entretien.<\/p>","protected":false},"excerpt":{"rendered":"<p>Cut your food easily with NSF Soft Mat. A flexible, lightweight cutting mat.<\/p>","protected":false},"featured_media":7414,"comment_status":"open","ping_status":"closed","template":"","meta":[],"product_brand":[271],"product_cat":[214,191],"product_tag":[],"product-origin":[130],"class_list":{"0":"post-7415","1":"product","2":"type-product","3":"status-publish","4":"has-post-thumbnail","6":"product_brand-hasegawa","7":"product_cat-planches-a-decouper","8":"product_cat-ustensiles","9":"product-origin-japon","11":"first","12":"instock","13":"taxable","14":"shipping-taxable","15":"purchasable","16":"product-type-variable"},"_links":{"self":[{"href":"https:\/\/kozumi.eu\/en\/wp-json\/wp\/v2\/product\/7415","targetHints":{"allow":["GET"]}}],"collection":[{"href":"https:\/\/kozumi.eu\/en\/wp-json\/wp\/v2\/product"}],"about":[{"href":"https:\/\/kozumi.eu\/en\/wp-json\/wp\/v2\/types\/product"}],"replies":[{"embeddable":true,"href":"https:\/\/kozumi.eu\/en\/wp-json\/wp\/v2\/comments?post=7415"}],"version-history":[{"count":0,"href":"https:\/\/kozumi.eu\/en\/wp-json\/wp\/v2\/product\/7415\/revisions"}],"wp:featuredmedia":[{"embeddable":true,"href":"https:\/\/kozumi.eu\/en\/wp-json\/wp\/v2\/media\/7414"}],"wp:attachment":[{"href":"https:\/\/kozumi.eu\/en\/wp-json\/wp\/v2\/media?parent=7415"}],"wp:term":[{"taxonomy":"product_brand","embeddable":true,"href":"https:\/\/kozumi.eu\/en\/wp-json\/wp\/v2\/product_brand?post=7415"},{"taxonomy":"product_cat","embeddable":true,"href":"https:\/\/kozumi.eu\/en\/wp-json\/wp\/v2\/product_cat?post=7415"},{"taxonomy":"product_tag","embeddable":true,"href":"https:\/\/kozumi.eu\/en\/wp-json\/wp\/v2\/product_tag?post=7415"},{"taxonomy":"product-origin","embeddable":true,"href":"https:\/\/kozumi.eu\/en\/wp-json\/wp\/v2\/product-origin?post=7415"}],"curies":[{"name":"wp","href":"https:\/\/api.w.org\/{rel}","templated":true}]}}