{"id":4760,"date":"2025-04-01T13:00:32","date_gmt":"2025-04-01T11:00:32","guid":{"rendered":"http:\/\/idotqcy.cluster100.hosting.ovh.net\/?page_id=4760"},"modified":"2025-10-27T12:18:58","modified_gmt":"2025-10-27T11:18:58","slug":"mentions-legales","status":"publish","type":"page","link":"https:\/\/kozumi.eu\/es\/mentions-legales\/","title":{"rendered":"Informaci\u00f3n jur\u00eddica"},"content":{"rendered":"<style>.elementor-4760 .elementor-element.elementor-element-30d4d2e{--display:flex;--min-height:45vh;--flex-direction:row;--container-widget-width:calc( ( 1 - var( --container-widget-flex-grow ) ) * 100% );--container-widget-height:100%;--container-widget-flex-grow:1;--container-widget-align-self:stretch;--flex-wrap-mobile:wrap;--justify-content:center;--align-items:center;--gap:20px 20px;--row-gap:20px;--column-gap:20px;--flex-wrap:wrap;--align-content:center;--overlay-opacity:0.69;--margin-top:0px;--margin-bottom:0px;--margin-left:0px;--margin-right:0px;--padding-top:0%;--padding-bottom:0%;--padding-left:8%;--padding-right:8%;}.elementor-4760 .elementor-element.elementor-element-30d4d2e:not(.elementor-motion-effects-element-type-background), .elementor-4760 .elementor-element.elementor-element-30d4d2e > .elementor-motion-effects-container > .elementor-motion-effects-layer{background-color:#F3F5F8;background-image:url(\"https:\/\/kozumi.eu\/wp-content\/uploads\/2025\/08\/img-temoignages-1.webp\");background-position:center center;background-repeat:no-repeat;background-size:cover;}.elementor-4760 .elementor-element.elementor-element-30d4d2e::before, .elementor-4760 .elementor-element.elementor-element-30d4d2e > .elementor-background-video-container::before, .elementor-4760 .elementor-element.elementor-element-30d4d2e > .e-con-inner > .elementor-background-video-container::before, .elementor-4760 .elementor-element.elementor-element-30d4d2e > .elementor-background-slideshow::before, .elementor-4760 .elementor-element.elementor-element-30d4d2e > .e-con-inner > .elementor-background-slideshow::before, .elementor-4760 .elementor-element.elementor-element-30d4d2e > .elementor-motion-effects-container > .elementor-motion-effects-layer::before{--background-overlay:'';background-color:#331705BF;}.elementor-4760 .elementor-element.elementor-element-30d4d2e > .elementor-shape-bottom svg, .elementor-4760 .elementor-element.elementor-element-30d4d2e > .e-con-inner > .elementor-shape-bottom svg{width:calc(192% + 1.3px);height:83px;}.elementor-4760 .elementor-element.elementor-element-30d4d2e.e-con{--flex-grow:0;--flex-shrink:0;}.elementor-4760 .elementor-element.elementor-element-f2ef583{text-align:center;width:var( --container-widget-width, 60% );max-width:60%;--container-widget-width:60%;--container-widget-flex-grow:0;}.elementor-4760 .elementor-element.elementor-element-f2ef583 .elementor-heading-title{font-size:3.5em;font-weight:600;text-transform:none;font-style:normal;text-decoration:none;line-height:1em;letter-spacing:0px;color:#FFFFFF;}.elementor-4760 .elementor-element.elementor-element-f2ef583 > .elementor-widget-container{padding:0% 0% 0% 0%;}.elementor-4760 .elementor-element.elementor-element-2e53127{--display:flex;--padding-top:3%;--padding-bottom:8%;--padding-left:0%;--padding-right:0%;}.elementor-4760 .elementor-element.elementor-element-cd87e2e > .elementor-widget-container{margin:0px 0px 0px 0px;padding:0px 0px 0px 0px;}:root{--page-title-display:none;}@media(max-width:1366px){.elementor-4760 .elementor-element.elementor-element-f2ef583 .elementor-heading-title{font-size:4em;}.elementor-4760 .elementor-element.elementor-element-2e53127{--padding-top:8%;--padding-bottom:8%;--padding-left:5%;--padding-right:5%;}}@media(max-width:1024px){.elementor-4760 .elementor-element.elementor-element-30d4d2e{--min-height:30vh;--padding-top:0%;--padding-bottom:0%;--padding-left:5%;--padding-right:5%;}.elementor-4760 .elementor-element.elementor-element-f2ef583 .elementor-heading-title{font-size:3em;}}@media(max-width:768px){.elementor-4760 .elementor-element.elementor-element-30d4d2e{--min-height:185px;--gap:10px 10px;--row-gap:10px;--column-gap:10px;--margin-top:0px;--margin-bottom:0px;--margin-left:0px;--margin-right:0px;--padding-top:5%;--padding-bottom:5%;--padding-left:5%;--padding-right:5%;}.elementor-4760 .elementor-element.elementor-element-30d4d2e:not(.elementor-motion-effects-element-type-background), .elementor-4760 .elementor-element.elementor-element-30d4d2e > .elementor-motion-effects-container > .elementor-motion-effects-layer{background-position:center center;}.elementor-4760 .elementor-element.elementor-element-f2ef583 .elementor-heading-title{font-size:2.3em;line-height:1em;}.elementor-4760 .elementor-element.elementor-element-f2ef583{width:100%;max-width:100%;}.elementor-4760 .elementor-element.elementor-element-cd87e2e{text-align:start;}}<\/style>\t\t<div data-elementor-type=\"wp-page\" data-elementor-id=\"4760\" class=\"elementor elementor-4760\" data-elementor-post-type=\"page\">\n\t\t\t\t<div class=\"elementor-element elementor-element-30d4d2e e-con-full e-flex e-con e-parent\" data-id=\"30d4d2e\" data-element_type=\"container\" data-e-type=\"container\" data-settings=\"{&quot;background_background&quot;:&quot;classic&quot;,&quot;shape_divider_bottom&quot;:&quot;curve&quot;,&quot;shape_divider_bottom_negative&quot;:&quot;yes&quot;}\">\n\t\t\t\t<div class=\"elementor-shape elementor-shape-bottom\" aria-hidden=\"true\" data-negative=\"true\">\n\t\t\t<svg xmlns=\"http:\/\/www.w3.org\/2000\/svg\" viewbox=\"0 0 1000 100\" preserveaspectratio=\"none\">\n\t<path class=\"elementor-shape-fill\" d=\"M500,97C126.7,96.3,0.8,19.8,0,0v100l1000,0V1C1000,19.4,873.3,97.8,500,97z\"\/>\n<\/svg>\t\t<\/div>\n\t\t\t\t<\/div>\n\t\t<div class=\"elementor-element elementor-element-2e53127 e-flex e-con-boxed e-con e-parent\" data-id=\"2e53127\" data-element_type=\"container\" data-e-type=\"container\">\n\t\t\t\t\t<div class=\"e-con-inner\">\n\t\t\t\t<div class=\"elementor-element elementor-element-cd87e2e elementor-widget elementor-widget-text-editor\" data-id=\"cd87e2e\" data-element_type=\"widget\" data-e-type=\"widget\" data-widget_type=\"text-editor.default\">\n\t\t\t\t<div class=\"elementor-widget-container\">\n\t\t\t\t\t\t\t\t\t<section class=\"s_title pt40 o_colored_level pb0\" data-vcss=\"001\" data-snippet=\"s_title\" data-name=\"Titre\"><div class=\"s_allow_columns container\"><h2><b><strong>1. Editor del sitio web www.kozumi.eu<\/strong><\/b><\/h2><\/div><\/section><section class=\"s_text_block o_colored_level pb0 pt0\" data-snippet=\"s_text_block\" data-name=\"Texte\"><div class=\"s_allow_columns container\"><ul><li>Nombre del proveedor de servicios : <a href=\"https:\/\/www.malt.fr\/profile\/franckarnaudkoty\" target=\"_blank\" rel=\"noopener\"><strong data-start=\"153\" data-end=\"168\">Franck KOTY<\/strong><\/a><\/li><li>Direcci\u00f3n: <strong data-start=\"181\" data-end=\"222\" data-is-only-node=\"\">21 rue Lavoisier, 17440 Aytr\u00e9, FRANCIA<\/strong><\/li><li>Correo electr\u00f3nico de contacto : <strong data-start=\"244\" data-end=\"272\"><a class=\"decorated-link cursor-pointer\" rel=\"noopener\" data-start=\"246\" data-end=\"270\">franckpro@franckkoty.com<\/a><\/strong><\/li><li>Director de publicaci\u00f3n : <a href=\"https:\/\/www.malt.fr\/profile\/franckarnaudkoty\" target=\"_blank\" rel=\"noopener\"><strong data-start=\"305\" data-end=\"320\">Franck KOTY<\/strong><\/a><\/li><li>El responsable de la publicaci\u00f3n es <strong data-start=\"364\" data-end=\"385\">persona f\u00edsica<\/strong>.<\/li><li>WhatsApp : <strong data-start=\"447\" data-end=\"466\">+33 970 440 635<\/strong><\/li><li>Reuni\u00f3n con Franck : <a class=\"decorated-link\" href=\"http:\/\/www.cal.com\/franckpro\/appel-strategique\" target=\"_new\" rel=\"noopener\" data-start=\"502\" data-end=\"591\">www.cal.com\/franckpro\/appel-strategique<\/a><\/li><\/ul><\/div><\/section><section class=\"s_title pt40 o_colored_level pb0\" data-vcss=\"001\" data-snippet=\"s_title\" data-name=\"Titre\"><div class=\"s_allow_columns container\"><h2><b><strong>2. Anfitri\u00f3n del sitio<\/strong><\/b><\/h2><\/div><\/section><section class=\"s_text_block o_colored_level pb0 pt0\" data-snippet=\"s_text_block\" data-name=\"Texte\"><div class=\"s_allow_columns container\"><p>El sitio est\u00e1 alojado en :<\/p><ul><li><strong>Nombre del host<\/strong>\u00a0: Odoo S.A.<\/li><li><strong>Direcci\u00f3n<\/strong>\u00a0Chauss\u00e9e de Namur, 40 1367 Grand-Rosi\u00e8re B\u00c9LGICA<\/li><li><strong>P\u00f3ngase en contacto con<\/strong>\u00a0:\u00a0<a href=\"mailto:privacy@odoo.com\" target=\"_blank\" rel=\"noopener\">privacy@odoo.com<\/a>\u00a0<\/li><\/ul><\/div><\/section><section class=\"s_title pt40 o_colored_level pb0\" data-vcss=\"001\" data-snippet=\"s_title\" data-name=\"Titre\"><div class=\"s_allow_columns container\"><h2><b><strong>3. 3. Propiedad intelectual<\/strong><\/b><\/h2><\/div><\/section><section class=\"s_text_block o_colored_level pb0 pt0\" data-snippet=\"s_text_block\" data-name=\"Texte\"><div class=\"s_allow_columns container\"><p>Todos los contenidos del sitio\u00a0<a><strong>www.kozumi.eu<\/strong><\/a>incluidos, entre otros, gr\u00e1ficos, im\u00e1genes, textos, v\u00eddeos, animaciones, sonidos, logotipos, gifs e iconos, as\u00ed como su formato, son propiedad exclusiva de\u00a0<strong>Kozumi<\/strong>Todos los contenidos de este sitio web son propiedad de sus due\u00f1os, a excepci\u00f3n de las marcas, logotipos o contenidos pertenecientes a otros socios o autores.<\/p><p>Cualquier reproducci\u00f3n, distribuci\u00f3n, modificaci\u00f3n, adaptaci\u00f3n, retransmisi\u00f3n o publicaci\u00f3n, incluso parcial, de estos distintos elementos est\u00e1 estrictamente prohibida sin el consentimiento por escrito de\u00a0<strong>Kozumi<\/strong>.<\/p><\/div><\/section><section class=\"s_title pt40 o_colored_level pb0\" data-vcss=\"001\" data-snippet=\"s_title\" data-name=\"Titre\"><div class=\"s_allow_columns container\"><h2><b><strong>4. 4. Datos personales<\/strong><\/b><\/h2><\/div><\/section><section class=\"s_text_block o_colored_level pb0 pt0\" data-snippet=\"s_text_block\" data-name=\"Texte\"><div class=\"s_allow_columns container\"><p>De conformidad con el Reglamento General de Protecci\u00f3n de Datos (RGPD) y la Ley n\u00ba 78-17 de 6 de enero de 1978 modificada, relativa a la inform\u00e1tica, los archivos y las libertades, usted tiene derecho de acceso, rectificaci\u00f3n, supresi\u00f3n y oposici\u00f3n a sus datos personales.<\/p><p>Para ejercer este derecho, p\u00f3ngase en contacto con nosotros en la siguiente direcci\u00f3n:\u00a0<strong>info@sushi-robots.eu<\/strong><\/p><\/div><\/section><section class=\"s_title pt40 o_colored_level pb0\" data-vcss=\"001\" data-snippet=\"s_title\" data-name=\"Titre\"><div class=\"s_allow_columns container\"><h2><b><strong>5. Responsabilidad<\/strong><\/b><\/h2><\/div><\/section><section class=\"s_text_block o_colored_level pb0 pt0\" data-snippet=\"s_text_block\" data-name=\"Texte\"><div class=\"s_allow_columns container\"><p><strong>Kozumi<\/strong>\u00a0no se hace responsable de los errores u omisiones del sitio.\u00a0<a><strong>www.kozumi.eu<\/strong><\/a>No nos hacemos responsables de las p\u00e9rdidas, da\u00f1os, p\u00e9rdidas de datos, problemas t\u00e9cnicos encontrados en el sitio o en otros sitios a los que establezcamos enlaces, ni de la interpretaci\u00f3n de la informaci\u00f3n publicada en estos sitios, as\u00ed como de las consecuencias de su uso.<\/p><\/div><\/section><section class=\"s_text_block o_colored_level pb0 pt0\" data-snippet=\"s_text_block\" data-name=\"Texte\"><div class=\"s_allow_columns container\"><p>Para los Datos Personales recogidos en relaci\u00f3n con la creaci\u00f3n de la cuenta personal del Usuario y la navegaci\u00f3n en el Sitio, el responsable del tratamiento de los Datos Personales es :\u00a0<strong>KOZUMI<\/strong>\u00a0<a href=\"https:\/\/kozumi.eu\/es\/\">https:\/\/www.kozumi.eu<\/a>\u00a0est\u00e1 representada por TOUCHAIS ALICE, su representante legal.<\/p><p>Como responsable del tratamiento de los datos que recoge,\u00a0<a href=\"https:\/\/kozumi.eu\/es\/\">https:\/\/www.kozumi.eu<\/a>\u00a0se compromete a respetar las disposiciones legales vigentes. En particular, es responsabilidad del Cliente establecer las finalidades de su tratamiento de datos, proporcionar a sus prospectos y clientes, una vez obtenido su consentimiento, informaci\u00f3n completa sobre el tratamiento de sus datos personales y mantener un registro preciso de dicho tratamiento. Siempre que\u00a0<a href=\"https:\/\/kozumi.eu\/es\/\">https:\/\/www.kozumi.eu<\/a>\u00a0procesa Datos Personales,\u00a0<a href=\"https:\/\/kozumi.eu\/es\/\">https:\/\/www.kozumi.eu<\/a>\u00a0toma todas las medidas razonables para garantizar que los Datos Personales sean exactos y pertinentes para los fines para los que se van a utilizar.\u00a0<a href=\"https:\/\/kozumi.eu\/es\/\">https:\/\/www.kozumi.eu<\/a>\u00a0los trata.<\/p><h3>5.1 Finalidad de los datos recogidos<\/h3><p><a href=\"https:\/\/kozumi.eu\/es\/\">https:\/\/www.kozumi.eu<\/a>\u00a0puede procesar la totalidad o parte de los datos:<\/p><ul><li>permitir la navegaci\u00f3n en el Sitio y la gesti\u00f3n y trazabilidad de los servicios solicitados por el usuario: datos de conexi\u00f3n y utilizaci\u00f3n del Sitio, facturaci\u00f3n, historial de pedidos, etc.<\/li><li>para prevenir y combatir el fraude inform\u00e1tico (spamming, hacking, etc.): equipo inform\u00e1tico utilizado para la navegaci\u00f3n, direcci\u00f3n IP, contrase\u00f1a (hash), etc.<\/li><li>para mejorar la navegaci\u00f3n en el Sitio: datos de conexi\u00f3n y uso<\/li><li>realizar encuestas de satisfacci\u00f3n voluntarias sobre\u00a0<a href=\"https:\/\/kozumi.eu\/es\/\">https:\/\/www.kozumi.eu<\/a>\u00a0direcci\u00f3n de correo electr\u00f3nico<\/li><li>para realizar campa\u00f1as de comunicaci\u00f3n (sms, correo electr\u00f3nico): n\u00famero de tel\u00e9fono, direcci\u00f3n de correo electr\u00f3nico<\/li><\/ul><p><a href=\"https:\/\/kozumi.eu\/es\/\">https:\/\/www.kozumi.eu<\/a>\u00a0no vende sus datos personales, que s\u00f3lo se utilizan con fines estad\u00edsticos y de an\u00e1lisis.<\/p><h3>5.2 Derecho de acceso, rectificaci\u00f3n y oposici\u00f3n<\/h3><p>De acuerdo con la normativa europea vigente, los usuarios de\u00a0<a href=\"https:\/\/kozumi.eu\/es\/\">https:\/\/www.kozumi.eu<\/a>\u00a0tienen los siguientes derechos:<\/p><ul><li>el derecho de acceso (art\u00edculo 15 del Reglamento General de Protecci\u00f3n de Datos), rectificaci\u00f3n (art\u00edculo 16 del Reglamento General de Protecci\u00f3n de Datos), actualizaci\u00f3n e integridad de los datos de los Usuarios el derecho a bloquear o suprimir los datos personales de los Usuarios (art\u00edculo 17 del Reglamento General de Protecci\u00f3n de Datos), cuando dichos datos sean inexactos, incompletos, equ\u00edvocos, obsoletos, o cuya recogida, utilizaci\u00f3n, comunicaci\u00f3n o conservaci\u00f3n est\u00e9 prohibida<\/li><li>el derecho a retirar el consentimiento en cualquier momento (art\u00edculo 13-2c RGPD)<\/li><li>el derecho a limitar el tratamiento de los datos de los Usuarios (art\u00edculo 18 del RGPD)<\/li><li>el derecho a oponerse al tratamiento de los datos de los Usuarios (art\u00edculo 21 del RGPD)<\/li><li>el derecho a la portabilidad de los datos facilitados por los Usuarios, cuando dichos datos sean objeto de un tratamiento automatizado basado en su consentimiento o en un contrato (art\u00edculo 20 del RGPD)<\/li><li>el derecho a determinar qu\u00e9 ocurre con los datos de los usuarios tras su fallecimiento y a elegir a qui\u00e9n deben revelarse dichos datos.\u00a0<a href=\"http:\/\/www.sushi-robots.eu\/\" target=\"_blank\" rel=\"noopener\">https:\/\/www.kozumi.eu<\/a>\u00a0deber\u00e1 transmitir (o no) sus datos a un tercero que haya designado previamente<\/li><\/ul><p>Tan pronto como\u00a0<a href=\"https:\/\/kozumi.eu\/es\/\">https:\/\/www.kozumi.eu<\/a>\u00a0tenga conocimiento del fallecimiento de un Usuario y en ausencia de instrucciones por parte de \u00e9ste,\u00a0<a href=\"https:\/\/kozumi.eu\/es\/\">https:\/\/www.kozumi.eu<\/a>\u00a0se compromete a destruir sus datos, salvo que sea necesario conservarlos a efectos probatorios o para cumplir una obligaci\u00f3n legal.<\/p><p>Si el usuario desea saber c\u00f3mo\u00a0<a href=\"https:\/\/kozumi.eu\/es\/\">https:\/\/www.kozumi.eu<\/a>\u00a0utilizar sus Datos Personales, solicitar su rectificaci\u00f3n u oponerse a su tratamiento, el Usuario podr\u00e1 dirigirse a\u00a0<a href=\"https:\/\/kozumi.eu\/es\/\">https:\/\/www.kozumi.eu<\/a>\u00a0por escrito a la siguiente direcci\u00f3n SUSHI ROBOTS - DPO, DUPUIS SANDY<\/p><p>21 Rue Lavoisier 17440 AYTR\u00c9.<\/p><p>En este caso, el Usuario deber\u00e1 indicar los Datos Personales que desea suprimir.\u00a0<a href=\"https:\/\/kozumi.eu\/es\/\">https:\/\/www.kozumi.eu<\/a>\u00a0corrige, actualiza o suprime, identific\u00e1ndose con precisi\u00f3n mediante una copia de un documento de identidad (carn\u00e9 de identidad o pasaporte).<\/p><p>Las solicitudes de supresi\u00f3n de Datos Personales estar\u00e1n sujetas a las obligaciones impuestas a\u00a0<a href=\"http:\/\/www.sushi-robots.eu\/\" target=\"_blank\" rel=\"noopener\">https:\/\/www.kozumi.eu<\/a>\u00a0por ley, en particular en lo que se refiere a la conservaci\u00f3n o archivo de documentos. Por \u00faltimo, los usuarios de\u00a0<a href=\"https:\/\/kozumi.eu\/es\/\">https:\/\/www.kozumi.eu<\/a>\u00a0puede presentar una reclamaci\u00f3n ante las autoridades de control, en particular la CNIL (https:\/\/www.cnil.fr\/fr\/plaintes).<\/p><h3>5.3 No divulgaci\u00f3n de datos personales<\/h3><p><a href=\"https:\/\/kozumi.eu\/es\/\">https:\/\/www.kozumi.eu<\/a>\u00a0no procesar\u00e1, alojar\u00e1 ni transferir\u00e1 la Informaci\u00f3n recopilada sobre sus Clientes a un pa\u00eds fuera de la Uni\u00f3n Europea o reconocido como \"no adecuado\" por la Comisi\u00f3n Europea sin informar previamente al Cliente. No obstante,\u00a0<a href=\"https:\/\/kozumi.eu\/es\/\">https:\/\/www.kozumi.eu<\/a>\u00a0sigue siendo libre de elegir a sus subcontratistas t\u00e9cnicos y comerciales, siempre que ofrezcan garant\u00edas suficientes con respecto a los requisitos del Reglamento General de Protecci\u00f3n de Datos (GDPR: n.\u00ba 2016-679).<\/p><p><a href=\"https:\/\/kozumi.eu\/es\/\">https:\/\/www.kozumi.eu<\/a>\u00a0se compromete a tomar todas las precauciones necesarias para proteger la seguridad de la Informaci\u00f3n y, en particular, para garantizar que no se comunique a personas no autorizadas. No obstante, si un incidente que afecte a la integridad o confidencialidad de la Informaci\u00f3n del Cliente es puesto en conocimiento de\u00a0<a href=\"https:\/\/kozumi.eu\/es\/\">https:\/\/www.kozumi.eu<\/a>Se informar\u00e1 al Cliente lo antes posible de las medidas correctoras adoptadas. Adem\u00e1s\u00a0<a href=\"https:\/\/kozumi.eu\/es\/\">https:\/\/www.kozumi.eu<\/a>\u00a0no recoge ning\u00fan \"dato sensible\".<\/p><p>Los Datos Personales del Usuario podr\u00e1n ser tratados por filiales de\u00a0<a href=\"https:\/\/kozumi.eu\/es\/\">https:\/\/www.kozumi.eu<\/a>\u00a0y subcontratistas (proveedores de servicios), exclusivamente para alcanzar los fines de esta pol\u00edtica.<\/p><p><strong>Dentro de los l\u00edmites de sus respectivas responsabilidades y para los fines expuestos anteriormente, las principales personas que pueden tener acceso a los datos de los Usuarios de\u00a0<a href=\"https:\/\/kozumi.eu\/es\/\">https:\/\/www.kozumi.eu<\/a>\u00a0son principalmente nuestros agentes de atenci\u00f3n al cliente.<\/strong><\/p><\/div><\/section><section class=\"s_title pt40 o_colored_level pb0\" data-vcss=\"001\" data-snippet=\"s_title\" data-name=\"Titre\"><div class=\"s_allow_columns container\"><h2><b><strong>6. Disputas<\/strong><\/b><\/h2><\/div><\/section><section class=\"s_text_block o_colored_level pb0 pt0\" data-snippet=\"s_text_block\" data-name=\"Texte\"><div class=\"s_allow_columns container\"><p>El presente aviso legal se rige por la legislaci\u00f3n francesa. En caso de litigio, y a falta de soluci\u00f3n amistosa, los tribunales franceses ser\u00e1n los \u00fanicos competentes.<\/p><\/div><\/section><section class=\"s_title pt40 o_colored_level pb0\" data-vcss=\"001\" data-snippet=\"s_title\" data-name=\"Titre\"><div class=\"s_allow_columns container\"><h2><b><strong>7. Contacto<\/strong><\/b><\/h2><\/div><\/section><section class=\"s_text_block o_colored_level pb0 pt0\" data-snippet=\"s_text_block\" data-name=\"Texte\"><div class=\"s_allow_columns container\"><p>Para cualquier pregunta o solicitud de informaci\u00f3n sobre el sitio web\u00a0<a><strong>www.kozumi.eu<\/strong><\/a>Puede ponerse en contacto con nosotros en la siguiente direcci\u00f3n\u00a0<strong>info@sushi-robots.eu - +33 5 16 07 39 09<\/strong><\/p><\/div><\/section>\t\t\t\t\t\t\t\t<\/div>\n\t\t\t\t<\/div>\n\t\t\t\t\t<\/div>\n\t\t\t\t<\/div>\n\t\t\t\t<\/div>","protected":false},"excerpt":{"rendered":"<p>1.\u00a0\u00c9diteur du site\u00a0\u00a0www.kozumi.eu Nom du prestataire : Franck KOTY Adresse : 21 rue Lavoisier, 17440 Aytr\u00e9, FRANCE Email de contact : franckpro@franckkoty.com Directeur de la publication : Franck KOTY Le responsable de la publication est une personne physique. WhatsApp : +33 970 440 635 RDV avec Franck : www.cal.com\/franckpro\/appel-strategique 2. H\u00e9bergeur du site Le site [&hellip;]<\/p>\n","protected":false},"author":19,"featured_media":0,"parent":0,"menu_order":0,"comment_status":"closed","ping_status":"closed","template":"","meta":{"footnotes":""},"class_list":["post-4760","page","type-page","status-publish","hentry"],"_links":{"self":[{"href":"https:\/\/kozumi.eu\/es\/wp-json\/wp\/v2\/pages\/4760","targetHints":{"allow":["GET"]}}],"collection":[{"href":"https:\/\/kozumi.eu\/es\/wp-json\/wp\/v2\/pages"}],"about":[{"href":"https:\/\/kozumi.eu\/es\/wp-json\/wp\/v2\/types\/page"}],"author":[{"embeddable":true,"href":"https:\/\/kozumi.eu\/es\/wp-json\/wp\/v2\/users\/19"}],"replies":[{"embeddable":true,"href":"https:\/\/kozumi.eu\/es\/wp-json\/wp\/v2\/comments?post=4760"}],"version-history":[{"count":0,"href":"https:\/\/kozumi.eu\/es\/wp-json\/wp\/v2\/pages\/4760\/revisions"}],"wp:attachment":[{"href":"https:\/\/kozumi.eu\/es\/wp-json\/wp\/v2\/media?parent=4760"}],"curies":[{"name":"wp","href":"https:\/\/api.w.org\/{rel}","templated":true}]}}