{"id":7359,"date":"2025-09-18T09:54:02","date_gmt":"2025-09-18T07:54:02","guid":{"rendered":"http:\/\/idotqcy.cluster100.hosting.ovh.net\/produit\/dm002-mont-fuji-maekake-anything-co-ltd\/"},"modified":"2026-04-11T04:49:23","modified_gmt":"2026-04-11T02:49:23","slug":"tablier-japonais-mont-fuji","status":"publish","type":"product","link":"https:\/\/kozumi.eu\/es\/cadeaux\/tablier-japonais-mont-fuji\/","title":{"rendered":"Delantal japon\u00e9s Maekake - Monte Fuji"},"content":{"rendered":"<p data-start=\"313\" data-end=\"480\"><strong data-start=\"313\" data-end=\"376\">\u00bfQuiere trabajar con un delantal tradicional japon\u00e9s?<\/strong><br data-start=\"376\" data-end=\"379\" \/>Descubre la <strong data-start=\"395\" data-end=\"426\">maekake 100 % made in Japan<\/strong>, Estos delantales son emblem\u00e1ticos de la artesan\u00eda japonesa.<\/p>\n<p data-start=\"485\" data-end=\"677\">Fabricado en un taller que existe desde <strong data-start=\"527\" data-end=\"546\">casi 200 a\u00f1os<\/strong>, Estos delantales est\u00e1n fabricados con los siguientes materiales <strong data-start=\"592\" data-end=\"616\">m\u00e1quinas centenarias<\/strong>, Son garant\u00edas de calidad y autenticidad incomparables.<\/p>\n<p data-start=\"682\" data-end=\"925\">Cada baraja tiene <strong data-start=\"708\" data-end=\"733\">dos pr\u00e1cticos bolsillos<\/strong>. Sonido <strong data-start=\"739\" data-end=\"777\">tela gruesa de algod\u00f3n 100 % natural<\/strong> garantiza comodidad y durabilidad. Gracias a <strong data-start=\"819\" data-end=\"856\">correa para atar alrededor de las caderas<\/strong>, el peso se distribuye mejor y el <strong data-start=\"891\" data-end=\"924\">la espalda se alivia de forma natural<\/strong>.<\/p>\n<p data-start=\"930\" data-end=\"1048\"><strong data-start=\"930\" data-end=\"1004\">Un aut\u00e9ntico delantal japon\u00e9s que causar\u00e1 sensaci\u00f3n<\/strong> a sus clientes y amigos.<\/p>","protected":false},"excerpt":{"rendered":"<p><strong data-start=\"136\" data-end=\"184\">Delantal japon\u00e9s maekake 100 % made in Japan<\/strong>, fabricados en un taller tradicional que existe desde hace casi 200 a\u00f1os.<br data-start=\"256\" data-end=\"259\" \/>Visite <strong data-start=\"264\" data-end=\"290\">algod\u00f3n grueso de calidad<\/strong>, con <strong data-start=\"297\" data-end=\"322\">dos pr\u00e1cticos bolsillos<\/strong> y un <strong data-start=\"330\" data-end=\"360\">Correa de cadera<\/strong> para mayor comodidad y apoyo de la espalda.<br data-start=\"412\" data-end=\"415\" \/>Un delantal aut\u00e9ntico, duradero y elegante, perfecto para uso profesional o cotidiano.<\/p>","protected":false},"featured_media":7358,"comment_status":"open","ping_status":"closed","template":"","meta":[],"product_brand":[277],"product_cat":[189,188],"product_tag":[],"product-origin":[130],"class_list":{"0":"post-7359","1":"product","2":"type-product","3":"status-publish","4":"has-post-thumbnail","6":"product_brand-anything-co","7":"product_cat-cadeaux","8":"product_cat-textile","9":"product-origin-japon","11":"first","12":"outofstock","13":"taxable","14":"shipping-taxable","15":"purchasable","16":"product-type-simple"},"_links":{"self":[{"href":"https:\/\/kozumi.eu\/es\/wp-json\/wp\/v2\/product\/7359","targetHints":{"allow":["GET"]}}],"collection":[{"href":"https:\/\/kozumi.eu\/es\/wp-json\/wp\/v2\/product"}],"about":[{"href":"https:\/\/kozumi.eu\/es\/wp-json\/wp\/v2\/types\/product"}],"replies":[{"embeddable":true,"href":"https:\/\/kozumi.eu\/es\/wp-json\/wp\/v2\/comments?post=7359"}],"version-history":[{"count":0,"href":"https:\/\/kozumi.eu\/es\/wp-json\/wp\/v2\/product\/7359\/revisions"}],"wp:featuredmedia":[{"embeddable":true,"href":"https:\/\/kozumi.eu\/es\/wp-json\/wp\/v2\/media\/7358"}],"wp:attachment":[{"href":"https:\/\/kozumi.eu\/es\/wp-json\/wp\/v2\/media?parent=7359"}],"wp:term":[{"taxonomy":"product_brand","embeddable":true,"href":"https:\/\/kozumi.eu\/es\/wp-json\/wp\/v2\/product_brand?post=7359"},{"taxonomy":"product_cat","embeddable":true,"href":"https:\/\/kozumi.eu\/es\/wp-json\/wp\/v2\/product_cat?post=7359"},{"taxonomy":"product_tag","embeddable":true,"href":"https:\/\/kozumi.eu\/es\/wp-json\/wp\/v2\/product_tag?post=7359"},{"taxonomy":"product-origin","embeddable":true,"href":"https:\/\/kozumi.eu\/es\/wp-json\/wp\/v2\/product-origin?post=7359"}],"curies":[{"name":"wp","href":"https:\/\/api.w.org\/{rel}","templated":true}]}}