{"id":7377,"date":"2025-09-18T09:54:20","date_gmt":"2025-09-18T07:54:20","guid":{"rendered":"http:\/\/idotqcy.cluster100.hosting.ovh.net\/produit\/fho-ohitsu-hasegawa\/"},"modified":"2026-04-30T08:35:17","modified_gmt":"2026-04-30T06:35:17","slug":"fho-ohitsu-hasegawa","status":"publish","type":"product","link":"https:\/\/kozumi.eu\/es\/cadeaux\/fho-ohitsu-hasegawa\/","title":{"rendered":"OHITSU - Hasegawa"},"content":{"rendered":"<p>El Ohitsu est\u00e1 dise\u00f1ado para mantener el arroz caliente. El pl\u00e1stico antimanchas facilita su limpieza y evita la formaci\u00f3n de moho negro o virutas de madera. Su peso es una ventaja innegable a la hora de limpiarlo.<\/p>","protected":false},"excerpt":{"rendered":"<p>El Ohitsu es ideal para guardar el arroz con estilo.<\/p>","protected":false},"featured_media":7376,"comment_status":"open","ping_status":"closed","template":"","meta":[],"product_brand":[271],"product_cat":[189,192,191],"product_tag":[],"product-origin":[130],"class_list":{"0":"post-7377","1":"product","2":"type-product","3":"status-publish","4":"has-post-thumbnail","6":"product_brand-hasegawa","7":"product_cat-cadeaux","8":"product_cat-coup-de-coeur","9":"product_cat-ustensiles","10":"product-origin-japon","12":"first","13":"instock","14":"taxable","15":"shipping-taxable","16":"purchasable","17":"product-type-variable"},"_links":{"self":[{"href":"https:\/\/kozumi.eu\/es\/wp-json\/wp\/v2\/product\/7377","targetHints":{"allow":["GET"]}}],"collection":[{"href":"https:\/\/kozumi.eu\/es\/wp-json\/wp\/v2\/product"}],"about":[{"href":"https:\/\/kozumi.eu\/es\/wp-json\/wp\/v2\/types\/product"}],"replies":[{"embeddable":true,"href":"https:\/\/kozumi.eu\/es\/wp-json\/wp\/v2\/comments?post=7377"}],"version-history":[{"count":0,"href":"https:\/\/kozumi.eu\/es\/wp-json\/wp\/v2\/product\/7377\/revisions"}],"wp:featuredmedia":[{"embeddable":true,"href":"https:\/\/kozumi.eu\/es\/wp-json\/wp\/v2\/media\/7376"}],"wp:attachment":[{"href":"https:\/\/kozumi.eu\/es\/wp-json\/wp\/v2\/media?parent=7377"}],"wp:term":[{"taxonomy":"product_brand","embeddable":true,"href":"https:\/\/kozumi.eu\/es\/wp-json\/wp\/v2\/product_brand?post=7377"},{"taxonomy":"product_cat","embeddable":true,"href":"https:\/\/kozumi.eu\/es\/wp-json\/wp\/v2\/product_cat?post=7377"},{"taxonomy":"product_tag","embeddable":true,"href":"https:\/\/kozumi.eu\/es\/wp-json\/wp\/v2\/product_tag?post=7377"},{"taxonomy":"product-origin","embeddable":true,"href":"https:\/\/kozumi.eu\/es\/wp-json\/wp\/v2\/product-origin?post=7377"}],"curies":[{"name":"wp","href":"https:\/\/api.w.org\/{rel}","templated":true}]}}