{"id":7382,"date":"2025-09-18T09:54:23","date_gmt":"2025-09-18T07:54:23","guid":{"rendered":"http:\/\/idotqcy.cluster100.hosting.ovh.net\/produit\/flf-cutting-board-lifter-hasegawa-copie\/"},"modified":"2026-04-11T04:49:06","modified_gmt":"2026-04-11T02:49:06","slug":"flf-cutting-board-lifter-hasegawa","status":"publish","type":"product","link":"https:\/\/kozumi.eu\/es\/ustensiles\/flf-cutting-board-lifter-hasegawa\/","title":{"rendered":"Contrahuellas - Hasegawa"},"content":{"rendered":"<p>Les r\u00e9hausseurs pour planche \u00e0 d\u00e9couper vous permettent de sur\u00e9lever votre planche de 2 cm \u00e0 15 cm et pourront soutenir un poids allant jusqu&rsquo;\u00e0 1,5 kg. Ils seront alors id\u00e9aux pour am\u00e9liorer votre confort lors des d\u00e9coupes. Petit plus, en fonction des r\u00e9hausseurs que vous choisissez, vous pourrez \u00e9galement ranger facilement des \u00e9l\u00e9ments sous votre planche.<\/p>\n<p>La taille des r\u00e9hausseurs peut varier en fonction de votre planche. N\u2019h\u00e9sitez pas \u00e0 nous consulter avant de passer votre commande pour que votre exp\u00e9rience avec les r\u00e9hausseurs d\u2019Hasegawa soit une r\u00e9ussite !<\/p>\n<p>Une unit\u00e9 comprend deux r\u00e9hausseurs.<\/p>","protected":false},"excerpt":{"rendered":"<p>Los elevadores para tablas de cortar de Hasegawa son muy \u00fatiles, sobre todo si eres alto o tienes una superficie de trabajo baja. Equipado con una tira antideslizante, este soporte puede utilizarse en cualquier superficie, incluso mojada. Son 100 % antideslizantes.<\/p>","protected":false},"featured_media":7381,"comment_status":"open","ping_status":"closed","template":"","meta":[],"product_brand":[],"product_cat":[191],"product_tag":[],"product-origin":[],"class_list":{"0":"post-7382","1":"product","2":"type-product","3":"status-publish","4":"has-post-thumbnail","6":"product_cat-ustensiles","8":"first","9":"instock","10":"taxable","11":"shipping-taxable","12":"purchasable","13":"product-type-variable"},"_links":{"self":[{"href":"https:\/\/kozumi.eu\/es\/wp-json\/wp\/v2\/product\/7382","targetHints":{"allow":["GET"]}}],"collection":[{"href":"https:\/\/kozumi.eu\/es\/wp-json\/wp\/v2\/product"}],"about":[{"href":"https:\/\/kozumi.eu\/es\/wp-json\/wp\/v2\/types\/product"}],"replies":[{"embeddable":true,"href":"https:\/\/kozumi.eu\/es\/wp-json\/wp\/v2\/comments?post=7382"}],"version-history":[{"count":0,"href":"https:\/\/kozumi.eu\/es\/wp-json\/wp\/v2\/product\/7382\/revisions"}],"wp:featuredmedia":[{"embeddable":true,"href":"https:\/\/kozumi.eu\/es\/wp-json\/wp\/v2\/media\/7381"}],"wp:attachment":[{"href":"https:\/\/kozumi.eu\/es\/wp-json\/wp\/v2\/media?parent=7382"}],"wp:term":[{"taxonomy":"product_brand","embeddable":true,"href":"https:\/\/kozumi.eu\/es\/wp-json\/wp\/v2\/product_brand?post=7382"},{"taxonomy":"product_cat","embeddable":true,"href":"https:\/\/kozumi.eu\/es\/wp-json\/wp\/v2\/product_cat?post=7382"},{"taxonomy":"product_tag","embeddable":true,"href":"https:\/\/kozumi.eu\/es\/wp-json\/wp\/v2\/product_tag?post=7382"},{"taxonomy":"product-origin","embeddable":true,"href":"https:\/\/kozumi.eu\/es\/wp-json\/wp\/v2\/product-origin?post=7382"}],"curies":[{"name":"wp","href":"https:\/\/api.w.org\/{rel}","templated":true}]}}