{"id":7494,"date":"2025-09-18T09:55:39","date_gmt":"2025-09-18T07:55:39","guid":{"rendered":"http:\/\/idotqcy.cluster100.hosting.ovh.net\/produit\/shari-box-kanematsu\/"},"modified":"2026-04-30T07:58:34","modified_gmt":"2026-04-30T05:58:34","slug":"shari-box-kanematsu","status":"publish","type":"product","link":"https:\/\/kozumi.eu\/es\/coup-de-coeur\/shari-box-kanematsu\/","title":{"rendered":"SHARIBOX - Kanematsu"},"content":{"rendered":"<p>La ShariBox est une bo\u00eete parfaite pour stocker votre riz \u00e0 sushi pr\u00e9par\u00e9. Elle poss\u00e8de d&rsquo;excellentes capacit\u00e9s d&rsquo;isolation thermique et permet de transporter et de conserver facilement le riz cuit et assaisonn\u00e9. Si vous poss\u00e9dez plusieurs ShariBox, vous pourrez facilement les empiler pour gagner de la place dans votre cuisine.<\/p>\n<p>Petit plus, afin de transporter plus facilement vos sushi, nous vous conseillons d&rsquo;utiliser les plateaux Shari, disponibles sur notre site internet, qui s&#8217;empilent \u00e0 l&rsquo;int\u00e9rieur de la ShariBox. Si vous voulez \u00e9viter la condensation dans vos boites, le Liner ShariBox sera parfait pour vous.<\/p>","protected":false},"excerpt":{"rendered":"<p>La Sharibox es una caja que preserva la calidad de su arroz para sushi. Gracias a su dise\u00f1o herm\u00e9tico, ofrece una soluci\u00f3n pr\u00e1ctica para conservar el arroz a una temperatura \u00f3ptima.<\/p>","protected":false},"featured_media":7493,"comment_status":"open","ping_status":"closed","template":"","meta":[],"product_brand":[],"product_cat":[192,191],"product_tag":[],"product-origin":[],"class_list":{"0":"post-7494","1":"product","2":"type-product","3":"status-publish","4":"has-post-thumbnail","6":"product_cat-coup-de-coeur","7":"product_cat-ustensiles","9":"first","10":"instock","11":"taxable","12":"shipping-taxable","13":"purchasable","14":"product-type-simple"},"_links":{"self":[{"href":"https:\/\/kozumi.eu\/es\/wp-json\/wp\/v2\/product\/7494","targetHints":{"allow":["GET"]}}],"collection":[{"href":"https:\/\/kozumi.eu\/es\/wp-json\/wp\/v2\/product"}],"about":[{"href":"https:\/\/kozumi.eu\/es\/wp-json\/wp\/v2\/types\/product"}],"replies":[{"embeddable":true,"href":"https:\/\/kozumi.eu\/es\/wp-json\/wp\/v2\/comments?post=7494"}],"version-history":[{"count":0,"href":"https:\/\/kozumi.eu\/es\/wp-json\/wp\/v2\/product\/7494\/revisions"}],"wp:featuredmedia":[{"embeddable":true,"href":"https:\/\/kozumi.eu\/es\/wp-json\/wp\/v2\/media\/7493"}],"wp:attachment":[{"href":"https:\/\/kozumi.eu\/es\/wp-json\/wp\/v2\/media?parent=7494"}],"wp:term":[{"taxonomy":"product_brand","embeddable":true,"href":"https:\/\/kozumi.eu\/es\/wp-json\/wp\/v2\/product_brand?post=7494"},{"taxonomy":"product_cat","embeddable":true,"href":"https:\/\/kozumi.eu\/es\/wp-json\/wp\/v2\/product_cat?post=7494"},{"taxonomy":"product_tag","embeddable":true,"href":"https:\/\/kozumi.eu\/es\/wp-json\/wp\/v2\/product_tag?post=7494"},{"taxonomy":"product-origin","embeddable":true,"href":"https:\/\/kozumi.eu\/es\/wp-json\/wp\/v2\/product-origin?post=7494"}],"curies":[{"name":"wp","href":"https:\/\/api.w.org\/{rel}","templated":true}]}}