{"id":7502,"date":"2025-09-18T09:55:42","date_gmt":"2025-09-18T07:55:42","guid":{"rendered":"http:\/\/idotqcy.cluster100.hosting.ovh.net\/produit\/si-5a-e-small-manual-kakigori-machine-swan\/"},"modified":"2026-04-11T04:49:04","modified_gmt":"2026-04-11T02:49:04","slug":"machine-a-kakigori-si-5a","status":"publish","type":"product","link":"https:\/\/kozumi.eu\/es\/appareils\/kakigori\/machine-a-kakigori-si-5a\/","title":{"rendered":"M\u00e1quina Kakigori manual - SI-5A - SWAN"},"content":{"rendered":"<div class=\"ewa-rteLine\">\u00a1Prepara deliciosos Kakigori, Bingsu o Snow Ball con la m\u00e1quina SI-5A!<\/div>\n<div class=\"ewa-rteLine\"><\/div>\n<div class=\"ewa-rteLine\">Despu\u00e9s de colocar un bloque o trozos de hielo en la plataforma y un recipiente debajo, gire la manivela para hacer virutas de hielo.<\/div>\n<div class=\"ewa-rteLine\"><\/div>\n<div class=\"ewa-rteLine\">Sirva su kakigori con diferentes sabores: sirope, leche condensada azucarada, fruta fresca, etc.<\/div>\n<div class=\"ewa-rteLine\"><\/div>\n<div class=\"ewa-rteLine\">Esta m\u00e1quina de estilo retro gustar\u00e1 tanto a los amantes del dise\u00f1o como a los gourmets.<\/div>","protected":false},"excerpt":{"rendered":"<p>Descubra la m\u00e1quina kakigori SI-5A de IKENAGA, la herramienta esencial para crear aut\u00e9nticos y deliciosos postres helados.<\/p>","protected":false},"featured_media":7501,"comment_status":"open","ping_status":"closed","template":"","meta":[],"product_brand":[274],"product_cat":[190,192,262],"product_tag":[],"product-origin":[],"class_list":{"0":"post-7502","1":"product","2":"type-product","3":"status-publish","4":"has-post-thumbnail","6":"product_brand-ikenaga","7":"product_cat-appareils","8":"product_cat-coup-de-coeur","9":"product_cat-kakigori","11":"first","12":"instock","13":"taxable","14":"shipping-taxable","15":"purchasable","16":"product-type-simple"},"_links":{"self":[{"href":"https:\/\/kozumi.eu\/es\/wp-json\/wp\/v2\/product\/7502","targetHints":{"allow":["GET"]}}],"collection":[{"href":"https:\/\/kozumi.eu\/es\/wp-json\/wp\/v2\/product"}],"about":[{"href":"https:\/\/kozumi.eu\/es\/wp-json\/wp\/v2\/types\/product"}],"replies":[{"embeddable":true,"href":"https:\/\/kozumi.eu\/es\/wp-json\/wp\/v2\/comments?post=7502"}],"version-history":[{"count":0,"href":"https:\/\/kozumi.eu\/es\/wp-json\/wp\/v2\/product\/7502\/revisions"}],"wp:featuredmedia":[{"embeddable":true,"href":"https:\/\/kozumi.eu\/es\/wp-json\/wp\/v2\/media\/7501"}],"wp:attachment":[{"href":"https:\/\/kozumi.eu\/es\/wp-json\/wp\/v2\/media?parent=7502"}],"wp:term":[{"taxonomy":"product_brand","embeddable":true,"href":"https:\/\/kozumi.eu\/es\/wp-json\/wp\/v2\/product_brand?post=7502"},{"taxonomy":"product_cat","embeddable":true,"href":"https:\/\/kozumi.eu\/es\/wp-json\/wp\/v2\/product_cat?post=7502"},{"taxonomy":"product_tag","embeddable":true,"href":"https:\/\/kozumi.eu\/es\/wp-json\/wp\/v2\/product_tag?post=7502"},{"taxonomy":"product-origin","embeddable":true,"href":"https:\/\/kozumi.eu\/es\/wp-json\/wp\/v2\/product-origin?post=7502"}],"curies":[{"name":"wp","href":"https:\/\/api.w.org\/{rel}","templated":true}]}}