{"id":8915,"date":"2025-11-27T09:50:14","date_gmt":"2025-11-27T08:50:14","guid":{"rendered":"https:\/\/kozumi.eu\/non%20class\u00e9\/black-professional-cutting-board-with-wooden-powder-15mm-parker-2\/"},"modified":"2026-04-30T07:42:55","modified_gmt":"2026-04-30T05:42:55","slug":"black-professional-cutting-board-with-wooden-powder-15mm-parker-2","status":"publish","type":"product","link":"https:\/\/kozumi.eu\/es\/ustensiles\/planches-a-decouper\/black-professional-cutting-board-with-wooden-powder-15mm-parker-2\/","title":{"rendered":"Tabla de cortar - PARKER ASAHI - 15mm"},"content":{"rendered":"<p>La tabla negra Parker Asahi de 15 mm es la combinaci\u00f3n perfecta de robustez y delicadeza: su material de caucho sint\u00e9tico es lo suficientemente el\u00e1stico para proteger el filo de sus cuchillos, pero lo suficientemente denso para permanecer estable sobre la encimera. F\u00e1cil de limpiar gracias a su baja absorci\u00f3n de agua, resiste las manchas y las bacterias.<\/p>","protected":false},"excerpt":{"rendered":"<p>La tabla de cortar Parker Asahi negra de 15 mm tiene una superficie flexible y estable que es f\u00e1cil de limpiar y mantiene los cuchillos perfectamente afilados.<\/p>","protected":false},"featured_media":8914,"comment_status":"open","ping_status":"closed","template":"","meta":[],"product_brand":[281],"product_cat":[189,214,191],"product_tag":[],"product-origin":[130],"class_list":{"0":"post-8915","1":"product","2":"type-product","3":"status-publish","4":"has-post-thumbnail","6":"product_brand-parker-asahi","7":"product_cat-cadeaux","8":"product_cat-planches-a-decouper","9":"product_cat-ustensiles","10":"product-origin-japon","12":"first","13":"instock","14":"taxable","15":"shipping-taxable","16":"purchasable","17":"product-type-simple"},"_links":{"self":[{"href":"https:\/\/kozumi.eu\/es\/wp-json\/wp\/v2\/product\/8915","targetHints":{"allow":["GET"]}}],"collection":[{"href":"https:\/\/kozumi.eu\/es\/wp-json\/wp\/v2\/product"}],"about":[{"href":"https:\/\/kozumi.eu\/es\/wp-json\/wp\/v2\/types\/product"}],"replies":[{"embeddable":true,"href":"https:\/\/kozumi.eu\/es\/wp-json\/wp\/v2\/comments?post=8915"}],"version-history":[{"count":0,"href":"https:\/\/kozumi.eu\/es\/wp-json\/wp\/v2\/product\/8915\/revisions"}],"wp:featuredmedia":[{"embeddable":true,"href":"https:\/\/kozumi.eu\/es\/wp-json\/wp\/v2\/media\/8914"}],"wp:attachment":[{"href":"https:\/\/kozumi.eu\/es\/wp-json\/wp\/v2\/media?parent=8915"}],"wp:term":[{"taxonomy":"product_brand","embeddable":true,"href":"https:\/\/kozumi.eu\/es\/wp-json\/wp\/v2\/product_brand?post=8915"},{"taxonomy":"product_cat","embeddable":true,"href":"https:\/\/kozumi.eu\/es\/wp-json\/wp\/v2\/product_cat?post=8915"},{"taxonomy":"product_tag","embeddable":true,"href":"https:\/\/kozumi.eu\/es\/wp-json\/wp\/v2\/product_tag?post=8915"},{"taxonomy":"product-origin","embeddable":true,"href":"https:\/\/kozumi.eu\/es\/wp-json\/wp\/v2\/product-origin?post=8915"}],"curies":[{"name":"wp","href":"https:\/\/api.w.org\/{rel}","templated":true}]}}