{"id":8922,"date":"2025-11-27T10:45:15","date_gmt":"2025-11-27T09:45:15","guid":{"rendered":"https:\/\/kozumi.eu\/non%20class\u00e9\/rubber-black-cutting-board-square-home-parker-2\/"},"modified":"2026-04-30T08:35:52","modified_gmt":"2026-04-30T06:35:52","slug":"rubber-black-cutting-board-square-home-parker-2","status":"publish","type":"product","link":"https:\/\/kozumi.eu\/es\/ustensiles\/planches-a-decouper\/rubber-black-cutting-board-square-home-parker-2\/","title":{"rendered":"Tabla de cortar cuadrada - PARKER ASAHI"},"content":{"rendered":"<p>Compacta y muy pr\u00e1ctica, la tabla negra Parker Asahi 250\u00d7250 mm ofrece una superficie de corte flexible y resistente, ideal para proteger sus cuchillos. Gracias a su composici\u00f3n de caucho t\u00e9cnico, se mantiene perfectamente estable durante su uso, incluso en superficies h\u00famedas. Es f\u00e1cil de limpiar y no absorbe demasiada agua, por lo que se mantiene limpia e higi\u00e9nica todos los d\u00edas. Su formato cuadrado lo convierte en una herramienta vers\u00e1til, perfecta para preparaciones r\u00e1pidas o peque\u00f1as \u00e1reas de trabajo.<\/p>","protected":false},"excerpt":{"rendered":"<p>La tabla de cortar cuadrada Parker Asahi simplifica el corte. F\u00e1cil de limpiar, tambi\u00e9n mantiene sus cuchillos afilados.<\/p>","protected":false},"featured_media":8921,"comment_status":"open","ping_status":"closed","template":"","meta":[],"product_brand":[281],"product_cat":[189,214,191],"product_tag":[],"product-origin":[130],"class_list":{"0":"post-8922","1":"product","2":"type-product","3":"status-publish","4":"has-post-thumbnail","6":"product_brand-parker-asahi","7":"product_cat-cadeaux","8":"product_cat-planches-a-decouper","9":"product_cat-ustensiles","10":"product-origin-japon","12":"first","13":"instock","14":"taxable","15":"shipping-taxable","16":"purchasable","17":"product-type-simple"},"_links":{"self":[{"href":"https:\/\/kozumi.eu\/es\/wp-json\/wp\/v2\/product\/8922","targetHints":{"allow":["GET"]}}],"collection":[{"href":"https:\/\/kozumi.eu\/es\/wp-json\/wp\/v2\/product"}],"about":[{"href":"https:\/\/kozumi.eu\/es\/wp-json\/wp\/v2\/types\/product"}],"replies":[{"embeddable":true,"href":"https:\/\/kozumi.eu\/es\/wp-json\/wp\/v2\/comments?post=8922"}],"version-history":[{"count":0,"href":"https:\/\/kozumi.eu\/es\/wp-json\/wp\/v2\/product\/8922\/revisions"}],"wp:featuredmedia":[{"embeddable":true,"href":"https:\/\/kozumi.eu\/es\/wp-json\/wp\/v2\/media\/8921"}],"wp:attachment":[{"href":"https:\/\/kozumi.eu\/es\/wp-json\/wp\/v2\/media?parent=8922"}],"wp:term":[{"taxonomy":"product_brand","embeddable":true,"href":"https:\/\/kozumi.eu\/es\/wp-json\/wp\/v2\/product_brand?post=8922"},{"taxonomy":"product_cat","embeddable":true,"href":"https:\/\/kozumi.eu\/es\/wp-json\/wp\/v2\/product_cat?post=8922"},{"taxonomy":"product_tag","embeddable":true,"href":"https:\/\/kozumi.eu\/es\/wp-json\/wp\/v2\/product_tag?post=8922"},{"taxonomy":"product-origin","embeddable":true,"href":"https:\/\/kozumi.eu\/es\/wp-json\/wp\/v2\/product-origin?post=8922"}],"curies":[{"name":"wp","href":"https:\/\/api.w.org\/{rel}","templated":true}]}}