{"id":7425,"date":"2025-09-18T09:54:37","date_gmt":"2025-09-18T07:54:37","guid":{"rendered":"http:\/\/idotqcy.cluster100.hosting.ovh.net\/produit\/fsog-spatula-hangiri-hasegawa\/"},"modified":"2026-04-30T10:50:56","modified_gmt":"2026-04-30T08:50:56","slug":"fsog-spatula-hangiri-hasegawa","status":"publish","type":"product","link":"https:\/\/kozumi.eu\/it\/ustensiles\/fsog-spatula-hangiri-hasegawa\/","title":{"rendered":"Spatola Hangiri - Hasegawa"},"content":{"rendered":"<p>La Spatule Hangiri est un outil indispensable si vous souhaitez m\u00e9langer correctement votre riz \u00e0 la main. Fabriqu\u00e9 en r\u00e9sine, il se nettoie facilement, sans risque de r\u00e9sidus ou de moisissures comme avec des spatules en bois.<\/p>\n<p>Avec sa t\u00eate fine et l\u00e9g\u00e8re, la Spatule Hangiri vous permettra d&rsquo;atteindre les bords de votre Hangiri Bowl et ainsi de m\u00e9langer correctement votre riz \u00e0 sushi.<\/p>","protected":false},"excerpt":{"rendered":"<p>La Spatola Hangiri \u00e8 ideale per mescolare il riso per sushi a mano. Si abbina perfettamente alla ciotola Hangiri, che potete trovare nel nostro negozio.<\/p>","protected":false},"featured_media":7424,"comment_status":"open","ping_status":"closed","template":"","meta":[],"product_brand":[271],"product_cat":[191],"product_tag":[],"product-origin":[],"class_list":{"0":"post-7425","1":"product","2":"type-product","3":"status-publish","4":"has-post-thumbnail","6":"product_brand-hasegawa","7":"product_cat-ustensiles","9":"first","10":"instock","11":"taxable","12":"shipping-taxable","13":"purchasable","14":"product-type-variable"},"_links":{"self":[{"href":"https:\/\/kozumi.eu\/it\/wp-json\/wp\/v2\/product\/7425","targetHints":{"allow":["GET"]}}],"collection":[{"href":"https:\/\/kozumi.eu\/it\/wp-json\/wp\/v2\/product"}],"about":[{"href":"https:\/\/kozumi.eu\/it\/wp-json\/wp\/v2\/types\/product"}],"replies":[{"embeddable":true,"href":"https:\/\/kozumi.eu\/it\/wp-json\/wp\/v2\/comments?post=7425"}],"version-history":[{"count":0,"href":"https:\/\/kozumi.eu\/it\/wp-json\/wp\/v2\/product\/7425\/revisions"}],"wp:featuredmedia":[{"embeddable":true,"href":"https:\/\/kozumi.eu\/it\/wp-json\/wp\/v2\/media\/7424"}],"wp:attachment":[{"href":"https:\/\/kozumi.eu\/it\/wp-json\/wp\/v2\/media?parent=7425"}],"wp:term":[{"taxonomy":"product_brand","embeddable":true,"href":"https:\/\/kozumi.eu\/it\/wp-json\/wp\/v2\/product_brand?post=7425"},{"taxonomy":"product_cat","embeddable":true,"href":"https:\/\/kozumi.eu\/it\/wp-json\/wp\/v2\/product_cat?post=7425"},{"taxonomy":"product_tag","embeddable":true,"href":"https:\/\/kozumi.eu\/it\/wp-json\/wp\/v2\/product_tag?post=7425"},{"taxonomy":"product-origin","embeddable":true,"href":"https:\/\/kozumi.eu\/it\/wp-json\/wp\/v2\/product-origin?post=7425"}],"curies":[{"name":"wp","href":"https:\/\/api.w.org\/{rel}","templated":true}]}}