{"id":3,"date":"2024-09-18T12:36:35","date_gmt":"2024-09-18T10:36:35","guid":{"rendered":"http:\/\/idotqcy.cluster100.hosting.ovh.net\/?page_id=3"},"modified":"2025-09-26T14:01:48","modified_gmt":"2025-09-26T12:01:48","slug":"politique-de-confidentialite","status":"publish","type":"page","link":"https:\/\/kozumi.eu\/pl\/politique-de-confidentialite\/","title":{"rendered":"Polityka prywatno\u015bci"},"content":{"rendered":"<style>.elementor-3 .elementor-element.elementor-element-0563442{--display:flex;--min-height:45vh;--flex-direction:row;--container-widget-width:calc( ( 1 - var( --container-widget-flex-grow ) ) * 100% );--container-widget-height:100%;--container-widget-flex-grow:1;--container-widget-align-self:stretch;--flex-wrap-mobile:wrap;--justify-content:center;--align-items:center;--gap:20px 20px;--row-gap:20px;--column-gap:20px;--flex-wrap:wrap;--align-content:center;--overlay-opacity:0.69;--margin-top:0px;--margin-bottom:0px;--margin-left:0px;--margin-right:0px;--padding-top:0%;--padding-bottom:0%;--padding-left:8%;--padding-right:8%;}.elementor-3 .elementor-element.elementor-element-0563442:not(.elementor-motion-effects-element-type-background), .elementor-3 .elementor-element.elementor-element-0563442 > .elementor-motion-effects-container > .elementor-motion-effects-layer{background-color:#F3F5F8;background-image:url(\"https:\/\/kozumi.eu\/wp-content\/uploads\/2025\/08\/img-temoignages-1.webp\");background-position:center center;background-repeat:no-repeat;background-size:cover;}.elementor-3 .elementor-element.elementor-element-0563442::before, .elementor-3 .elementor-element.elementor-element-0563442 > .elementor-background-video-container::before, .elementor-3 .elementor-element.elementor-element-0563442 > .e-con-inner > .elementor-background-video-container::before, .elementor-3 .elementor-element.elementor-element-0563442 > .elementor-background-slideshow::before, .elementor-3 .elementor-element.elementor-element-0563442 > .e-con-inner > .elementor-background-slideshow::before, .elementor-3 .elementor-element.elementor-element-0563442 > .elementor-motion-effects-container > .elementor-motion-effects-layer::before{--background-overlay:'';background-color:#331705BF;}.elementor-3 .elementor-element.elementor-element-0563442 > .elementor-shape-bottom svg, .elementor-3 .elementor-element.elementor-element-0563442 > .e-con-inner > .elementor-shape-bottom svg{width:calc(192% + 1.3px);height:83px;}.elementor-3 .elementor-element.elementor-element-0563442.e-con{--flex-grow:0;--flex-shrink:0;}.elementor-3 .elementor-element.elementor-element-eedf102{text-align:center;width:var( --container-widget-width, 60% );max-width:60%;--container-widget-width:60%;--container-widget-flex-grow:0;}.elementor-3 .elementor-element.elementor-element-eedf102 .elementor-heading-title{font-size:3.5em;font-weight:600;text-transform:none;font-style:normal;text-decoration:none;line-height:1em;letter-spacing:0px;color:#FFFFFF;}.elementor-3 .elementor-element.elementor-element-eedf102 > .elementor-widget-container{padding:0% 0% 0% 0%;}.elementor-3 .elementor-element.elementor-element-75526bcc{--display:flex;--padding-top:3%;--padding-bottom:8%;--padding-left:0%;--padding-right:0%;}.elementor-3 .elementor-element.elementor-element-1b8eb348 > .elementor-widget-container{margin:0px 0px 0px 0px;padding:0px 0px 0px 0px;}:root{--page-title-display:none;}@media(max-width:1366px){.elementor-3 .elementor-element.elementor-element-eedf102 .elementor-heading-title{font-size:4em;}.elementor-3 .elementor-element.elementor-element-75526bcc{--padding-top:8%;--padding-bottom:8%;--padding-left:5%;--padding-right:5%;}}@media(max-width:1024px){.elementor-3 .elementor-element.elementor-element-0563442{--min-height:30vh;--padding-top:0%;--padding-bottom:0%;--padding-left:5%;--padding-right:5%;}.elementor-3 .elementor-element.elementor-element-eedf102 .elementor-heading-title{font-size:3em;}}@media(max-width:768px){.elementor-3 .elementor-element.elementor-element-0563442{--min-height:185px;--gap:10px 10px;--row-gap:10px;--column-gap:10px;--margin-top:0px;--margin-bottom:0px;--margin-left:0px;--margin-right:0px;--padding-top:5%;--padding-bottom:5%;--padding-left:5%;--padding-right:5%;}.elementor-3 .elementor-element.elementor-element-0563442:not(.elementor-motion-effects-element-type-background), .elementor-3 .elementor-element.elementor-element-0563442 > .elementor-motion-effects-container > .elementor-motion-effects-layer{background-position:center center;}.elementor-3 .elementor-element.elementor-element-eedf102 .elementor-heading-title{font-size:2.3em;line-height:1em;}.elementor-3 .elementor-element.elementor-element-eedf102{width:100%;max-width:100%;}.elementor-3 .elementor-element.elementor-element-1b8eb348{text-align:start;}}<\/style>\t\t<div data-elementor-type=\"wp-page\" data-elementor-id=\"3\" class=\"elementor elementor-3\" data-elementor-post-type=\"page\">\n\t\t\t\t<div class=\"elementor-element elementor-element-0563442 e-con-full e-flex e-con e-parent\" data-id=\"0563442\" data-element_type=\"container\" data-e-type=\"container\" data-settings=\"{&quot;background_background&quot;:&quot;classic&quot;,&quot;shape_divider_bottom&quot;:&quot;curve&quot;,&quot;shape_divider_bottom_negative&quot;:&quot;yes&quot;}\">\n\t\t\t\t<div class=\"elementor-shape elementor-shape-bottom\" aria-hidden=\"true\" data-negative=\"true\">\n\t\t\t<svg xmlns=\"http:\/\/www.w3.org\/2000\/svg\" viewbox=\"0 0 1000 100\" preserveaspectratio=\"none\">\n\t<path class=\"elementor-shape-fill\" d=\"M500,97C126.7,96.3,0.8,19.8,0,0v100l1000,0V1C1000,19.4,873.3,97.8,500,97z\"\/>\n<\/svg>\t\t<\/div>\n\t\t\t\t<\/div>\n\t\t<div class=\"elementor-element elementor-element-75526bcc e-flex e-con-boxed e-con e-parent\" data-id=\"75526bcc\" data-element_type=\"container\" data-e-type=\"container\">\n\t\t\t\t\t<div class=\"e-con-inner\">\n\t\t\t\t<div class=\"elementor-element elementor-element-1b8eb348 elementor-widget elementor-widget-text-editor\" data-id=\"1b8eb348\" data-element_type=\"widget\" data-e-type=\"widget\" data-widget_type=\"text-editor.default\">\n\t\t\t\t<div class=\"elementor-widget-container\">\n\t\t\t\t\t\t\t\t\t\n<section data-particle_enable=\"false\" data-particle-mobile-disabled=\"false\" data-id=\"90c9189\" data-element_type=\"section\">\n<div data-id=\"3dd87f1\" data-element_type=\"column\">\n<div data-id=\"305c113\" data-element_type=\"widget\" data-widget_type=\"heading.default\">\n<h2 class=\"wp-block-heading\" data-start=\"351\" data-end=\"373\">Kim jeste\u015bmy?<\/h2>\n<p data-start=\"374\" data-end=\"431\">Adres naszej strony internetowej to : <strong data-start=\"404\" data-end=\"429\"><a class=\"decorated-link\" href=\"https:\/\/kozumi.eu\/pl\/\" target=\"_new\" rel=\"noopener\" data-start=\"406\" data-end=\"427\">https:\/\/www.kozumi.eu<\/a><\/strong><\/p>\n<p data-start=\"433\" data-end=\"705\">Zgodnie z art. 6 francuskiej ustawy nr 2004-575 z dnia 21 czerwca 2004 r. o zaufaniu w gospodarce cyfrowej, u\u017cytkownicy strony internetowej s\u0105 niniejszym informowani, \u017ce <strong data-start=\"589\" data-end=\"614\"><a class=\"decorated-link\" href=\"https:\/\/kozumi.eu\/pl\/\" target=\"_new\" rel=\"noopener\" data-start=\"591\" data-end=\"612\">https:\/\/www.kozumi.eu<\/a><\/strong> to\u017csamo\u015b\u0107 r\u00f3\u017cnych stron zaanga\u017cowanych w jego wdra\u017canie i monitorowanie:<\/p>\n<ul data-start=\"707\" data-end=\"1309\">\n<li data-start=\"707\" data-end=\"819\">\n<p data-start=\"709\" data-end=\"819\"><strong data-start=\"709\" data-end=\"735\">W\u0142a\u015bciciel strony :<\/strong> KOZUMI - Kontakt : <a class=\"decorated-link cursor-pointer\" rel=\"noopener\" data-start=\"755\" data-end=\"772\">contact@kozumi.eu<\/a> - Adres: Brazzaville, Republika Konga<\/p>\n<\/li>\n<li data-start=\"820\" data-end=\"990\">\n<p data-start=\"822\" data-end=\"990\"><strong data-start=\"822\" data-end=\"858\">Identyfikacja firmy :<\/strong> KOZUMI - Jednoosobowa dzia\u0142alno\u015b\u0107 gospodarcza (lub inny status, je\u015bli chcesz, abym go okre\u015bli\u0142) - Adres pocztowy: Brazzaville, Republika Konga<\/p>\n<\/li>\n<li data-start=\"991\" data-end=\"1065\">\n<p data-start=\"993\" data-end=\"1065\"><strong data-start=\"993\" data-end=\"1026\">Dyrektor ds. publikacji :<\/strong> KOZUMI - Kontakt : <a class=\"decorated-link cursor-pointer\" rel=\"noopener\" data-start=\"1046\" data-end=\"1063\">contact@kozumi.eu<\/a><\/p>\n<\/li>\n<li data-start=\"1066\" data-end=\"1180\">\n<p data-start=\"1068\" data-end=\"1180\"><strong data-start=\"1068\" data-end=\"1083\">Hosted by :<\/strong> o2switch - 222 Boulevard Gustave Flaubert, 63000 Clermont-Ferrand - Telefon: 04 44 44 60 40<\/p>\n<\/li>\n<li data-start=\"1181\" data-end=\"1259\">\n<p data-start=\"1183\" data-end=\"1259\"><strong data-start=\"1183\" data-end=\"1230\">Inspektor ochrony danych (DPO) :<\/strong> KOZUMI - <a class=\"decorated-link cursor-pointer\" rel=\"noopener\" data-start=\"1240\" data-end=\"1257\">contact@kozumi.eu<\/a><\/p>\n<\/li>\n<li data-start=\"1260\" data-end=\"1309\">\n<p data-start=\"1262\" data-end=\"1309\"><strong data-start=\"1262\" data-end=\"1288\">Inni wsp\u00f3\u0142pracownicy :<\/strong> Webmaster: KOZUMI<\/p>\n<\/li>\n<\/ul>\n<hr data-start=\"1311\" data-end=\"1314\" \/>\n<h2 data-start=\"1316\" data-end=\"1333\">Komentarze<\/h2>\n<p data-start=\"1334\" data-end=\"1585\">Gdy u\u017cytkownik zostawia komentarz na naszej stronie, dane wprowadzone w formularzu komentarza, a tak\u017ce adres IP i agent u\u017cytkownika przegl\u0105darki s\u0105 gromadzone, aby pom\u00f3c nam wykry\u0107 niepo\u017c\u0105dane komentarze.<\/p>\n<p data-start=\"1587\" data-end=\"2015\">Anonimowy ci\u0105g znak\u00f3w utworzony z adresu e-mail u\u017cytkownika (znany r\u00f3wnie\u017c jako <em data-start=\"1667\" data-end=\"1673\">hash<\/em>) mog\u0105 zosta\u0107 wys\u0142ane do us\u0142ugi Gravatar w celu sprawdzenia, czy u\u017cytkownik z niej korzysta. Klauzule poufno\u015bci us\u0142ugi Gravatar s\u0105 dost\u0119pne tutaj : <a class=\"decorated-link\" href=\"https:\/\/automattic.com\/privacy\/\" target=\"_new\" rel=\"noopener\" data-start=\"1830\" data-end=\"1896\">https:\/\/automattic.com\/privacy\/<\/a>. Po zatwierdzeniu komentarza zdj\u0119cie profilowe b\u0119dzie widoczne publicznie obok komentarza.<\/p>\n<hr data-start=\"2017\" data-end=\"2020\" \/>\n<h2 data-start=\"2022\" data-end=\"2034\">Pliki cookie<\/h2>\n<p data-start=\"2035\" data-end=\"2180\">Przegl\u0105danie strony <strong data-start=\"2061\" data-end=\"2086\"><a class=\"decorated-link\" href=\"https:\/\/kozumi.eu\/pl\/\" target=\"_new\" rel=\"noopener\" data-start=\"2063\" data-end=\"2084\">https:\/\/www.kozumi.eu<\/a><\/strong> mo\u017ce spowodowa\u0107 zainstalowanie plik\u00f3w cookie na komputerze u\u017cytkownika.<\/p>\n<p data-start=\"2182\" data-end=\"2446\">Plik \"cookie\" to ma\u0142y plik, kt\u00f3ry rejestruje informacje o przegl\u0105daniu witryny przez u\u017cytkownika. Dane uzyskane w ten spos\u00f3b mog\u0105 by\u0107 wykorzystane na przyk\u0142ad do pomiaru ruchu na stronie lub poprawy komfortu u\u017cytkowania.<\/p>\n<p data-start=\"2448\" data-end=\"2613\">U\u017cytkownik mo\u017ce zaakceptowa\u0107 lub odrzuci\u0107 pliki cookie, zmieniaj\u0105c ustawienia przegl\u0105darki. \u017badne pliki cookie nie b\u0119d\u0105 zapisywane bez zgody u\u017cytkownika.<\/p>\n<ul data-start=\"2615\" data-end=\"2866\">\n<li data-start=\"2615\" data-end=\"2686\">\n<p data-start=\"2617\" data-end=\"2686\">Pliki cookie s\u0105 przechowywane przez maksymalnie <strong data-start=\"2673\" data-end=\"2683\">1 miesi\u0105c<\/strong>.<\/p>\n<\/li>\n<li data-start=\"2687\" data-end=\"2866\">\n<p data-start=\"2689\" data-end=\"2866\">Wi\u0119cej informacji na temat korzystania przez nas z plik\u00f3w cookie mo\u017cna znale\u017a\u0107 na stronie <a class=\"decorated-link cursor-pointer\" target=\"_new\" rel=\"noopener\" data-start=\"2780\" data-end=\"2863\">Polityka prywatno\u015bci<\/a>.<\/p>\n<\/li>\n<\/ul>\n<h3 data-start=\"2868\" data-end=\"2901\">Rodzaje u\u017cywanych plik\u00f3w cookie :<\/h3>\n<ul data-start=\"2902\" data-end=\"4087\">\n<li data-start=\"2902\" data-end=\"3204\">\n<p data-start=\"2904\" data-end=\"3204\"><strong data-start=\"2904\" data-end=\"2928\">Wygodne ciasteczka :<\/strong> Je\u015bli zostawisz komentarz, zostaniesz poproszony o zapisanie swojego imienia i nazwiska, adresu e-mail i strony internetowej w plikach cookie. Ma to na celu wy\u0142\u0105cznie Twoj\u0105 wygod\u0119, aby\u015b nie musia\u0142 wprowadza\u0107 tych informacji przy ka\u017cdym nowym komentarzu. Te pliki cookie wygasaj\u0105 po roku.<\/p>\n<\/li>\n<li data-start=\"3205\" data-end=\"3460\">\n<p data-start=\"3207\" data-end=\"3460\"><strong data-start=\"3207\" data-end=\"3231\">Pliki cookie sesji :<\/strong> Po przej\u015bciu na stron\u0119 logowania zostanie utworzony tymczasowy plik cookie w celu ustalenia, czy przegl\u0105darka u\u017cytkownika akceptuje pliki cookie. Nie zawiera on \u017cadnych danych osobowych i zostanie usuni\u0119ty po zamkni\u0119ciu przegl\u0105darki.<\/p>\n<\/li>\n<li data-start=\"3461\" data-end=\"3825\">\n<p data-start=\"3463\" data-end=\"3825\"><strong data-start=\"3463\" data-end=\"3489\">Pliki cookie po\u0142\u0105czenia :<\/strong> Podczas po\u0142\u0105czenia u\u017cywamy plik\u00f3w cookie do rejestrowania informacji o po\u0142\u0105czeniu i preferencjach ekranu. Okres przechowywania pliku cookie po\u0142\u0105czenia wynosi 2 dni, a pliku cookie opcji ekranu - 1 rok. Je\u015bli zaznaczysz opcj\u0119 \"Zapami\u0119taj mnie\", plik cookie po\u0142\u0105czenia b\u0119dzie przechowywany przez 2 tygodnie.<\/p>\n<\/li>\n<li data-start=\"3826\" data-end=\"4087\">\n<p data-start=\"3828\" data-end=\"4087\"><strong data-start=\"3828\" data-end=\"3852\">Techniczne pliki cookie :<\/strong> Podczas modyfikowania lub publikowania tre\u015bci w przegl\u0105darce u\u017cytkownika zapisywany jest dodatkowy plik cookie. Nie zawiera on \u017cadnych danych osobowych i po prostu wskazuje identyfikator tre\u015bci, kt\u00f3ra zosta\u0142a w\u0142a\u015bnie zmodyfikowana. Wygasa on po up\u0142ywie jednego dnia.<\/p>\n<\/li>\n<\/ul>\n<\/div>\n<\/div>\n<\/section>\t\t\t\t\t\t\t\t<\/div>\n\t\t\t\t<\/div>\n\t\t\t\t\t<\/div>\n\t\t\t\t<\/div>\n\t\t\t\t<\/div>","protected":false},"excerpt":{"rendered":"<p>Qui sommes-nous ? L\u2019adresse de notre site est : https:\/\/www.kozumi.eu En vertu de l\u2019article 6 de la loi n\u00b0 2004-575 du 21 juin 2004 pour la confiance dans l\u2019\u00e9conomie num\u00e9rique, il est pr\u00e9cis\u00e9 aux utilisateurs du site internet https:\/\/www.kozumi.eu l\u2019identit\u00e9 des diff\u00e9rents intervenants dans le cadre de sa r\u00e9alisation et de son suivi : Propri\u00e9taire [&hellip;]<\/p>\n","protected":false},"author":19,"featured_media":0,"parent":0,"menu_order":0,"comment_status":"closed","ping_status":"closed","template":"","meta":{"footnotes":""},"class_list":["post-3","page","type-page","status-publish","hentry"],"_links":{"self":[{"href":"https:\/\/kozumi.eu\/pl\/wp-json\/wp\/v2\/pages\/3","targetHints":{"allow":["GET"]}}],"collection":[{"href":"https:\/\/kozumi.eu\/pl\/wp-json\/wp\/v2\/pages"}],"about":[{"href":"https:\/\/kozumi.eu\/pl\/wp-json\/wp\/v2\/types\/page"}],"author":[{"embeddable":true,"href":"https:\/\/kozumi.eu\/pl\/wp-json\/wp\/v2\/users\/19"}],"replies":[{"embeddable":true,"href":"https:\/\/kozumi.eu\/pl\/wp-json\/wp\/v2\/comments?post=3"}],"version-history":[{"count":0,"href":"https:\/\/kozumi.eu\/pl\/wp-json\/wp\/v2\/pages\/3\/revisions"}],"wp:attachment":[{"href":"https:\/\/kozumi.eu\/pl\/wp-json\/wp\/v2\/media?parent=3"}],"curies":[{"name":"wp","href":"https:\/\/api.w.org\/{rel}","templated":true}]}}