{"id":4867,"date":"2025-04-01T20:26:34","date_gmt":"2025-04-01T18:26:34","guid":{"rendered":"http:\/\/idotqcy.cluster100.hosting.ovh.net\/?page_id=4867"},"modified":"2025-09-26T13:59:39","modified_gmt":"2025-09-26T11:59:39","slug":"politique-de-cookies","status":"publish","type":"page","link":"https:\/\/kozumi.eu\/pl\/politique-de-cookies\/","title":{"rendered":"Polityka plik\u00f3w cookie"},"content":{"rendered":"<style>.elementor-4867 .elementor-element.elementor-element-1fa8c51{--display:flex;--min-height:45vh;--flex-direction:row;--container-widget-width:calc( ( 1 - var( --container-widget-flex-grow ) ) * 100% );--container-widget-height:100%;--container-widget-flex-grow:1;--container-widget-align-self:stretch;--flex-wrap-mobile:wrap;--justify-content:center;--align-items:center;--gap:20px 20px;--row-gap:20px;--column-gap:20px;--flex-wrap:wrap;--align-content:center;--overlay-opacity:0.69;--margin-top:0px;--margin-bottom:0px;--margin-left:0px;--margin-right:0px;--padding-top:0%;--padding-bottom:0%;--padding-left:8%;--padding-right:8%;}.elementor-4867 .elementor-element.elementor-element-1fa8c51:not(.elementor-motion-effects-element-type-background), .elementor-4867 .elementor-element.elementor-element-1fa8c51 > .elementor-motion-effects-container > .elementor-motion-effects-layer{background-color:var( --e-global-color-1efece5 );background-image:url(\"https:\/\/kozumi.eu\/wp-content\/uploads\/2025\/08\/img-temoignages-1.webp\");background-position:center center;background-repeat:no-repeat;background-size:cover;}.elementor-4867 .elementor-element.elementor-element-1fa8c51::before, .elementor-4867 .elementor-element.elementor-element-1fa8c51 > .elementor-background-video-container::before, .elementor-4867 .elementor-element.elementor-element-1fa8c51 > .e-con-inner > .elementor-background-video-container::before, .elementor-4867 .elementor-element.elementor-element-1fa8c51 > .elementor-background-slideshow::before, .elementor-4867 .elementor-element.elementor-element-1fa8c51 > .e-con-inner > .elementor-background-slideshow::before, .elementor-4867 .elementor-element.elementor-element-1fa8c51 > .elementor-motion-effects-container > .elementor-motion-effects-layer::before{--background-overlay:'';background-color:#331705BF;}.elementor-4867 .elementor-element.elementor-element-1fa8c51 > .elementor-shape-bottom svg, .elementor-4867 .elementor-element.elementor-element-1fa8c51 > .e-con-inner > .elementor-shape-bottom svg{width:calc(192% + 1.3px);height:83px;}.elementor-4867 .elementor-element.elementor-element-1fa8c51.e-con{--flex-grow:0;--flex-shrink:0;}.elementor-4867 .elementor-element.elementor-element-c853a8f{text-align:center;width:var( --container-widget-width, 60% );max-width:60%;--container-widget-width:60%;--container-widget-flex-grow:0;}.elementor-4867 .elementor-element.elementor-element-c853a8f .elementor-heading-title{font-size:3.5em;font-weight:600;text-transform:none;font-style:normal;text-decoration:none;line-height:1em;letter-spacing:0px;color:#FFFFFF;}.elementor-4867 .elementor-element.elementor-element-c853a8f > .elementor-widget-container{padding:0% 0% 0% 0%;}.elementor-4867 .elementor-element.elementor-element-4bc4ff0{--display:flex;--padding-top:4%;--padding-bottom:0%;--padding-left:0%;--padding-right:0%;}.elementor-4867 .elementor-element.elementor-element-67ef51c > .elementor-widget-container{margin:0px 0px 0px 0px;padding:0px 0px 0px 0px;}:root{--page-title-display:none;}@media(max-width:1366px){.elementor-4867 .elementor-element.elementor-element-c853a8f .elementor-heading-title{font-size:4em;}.elementor-4867 .elementor-element.elementor-element-67ef51c > .elementor-widget-container{padding:0% 5% 0% 5%;}}@media(max-width:1024px){.elementor-4867 .elementor-element.elementor-element-1fa8c51{--min-height:30vh;--padding-top:0%;--padding-bottom:0%;--padding-left:5%;--padding-right:5%;}.elementor-4867 .elementor-element.elementor-element-c853a8f .elementor-heading-title{font-size:3em;}}@media(max-width:768px){.elementor-4867 .elementor-element.elementor-element-1fa8c51{--min-height:185px;--gap:10px 10px;--row-gap:10px;--column-gap:10px;--margin-top:0px;--margin-bottom:0px;--margin-left:0px;--margin-right:0px;--padding-top:5%;--padding-bottom:5%;--padding-left:5%;--padding-right:5%;}.elementor-4867 .elementor-element.elementor-element-1fa8c51:not(.elementor-motion-effects-element-type-background), .elementor-4867 .elementor-element.elementor-element-1fa8c51 > .elementor-motion-effects-container > .elementor-motion-effects-layer{background-position:center center;}.elementor-4867 .elementor-element.elementor-element-c853a8f .elementor-heading-title{font-size:2.3em;line-height:1em;}.elementor-4867 .elementor-element.elementor-element-c853a8f{width:100%;max-width:100%;}.elementor-4867 .elementor-element.elementor-element-4bc4ff0{--padding-top:5%;--padding-bottom:0%;--padding-left:5%;--padding-right:5%;}.elementor-4867 .elementor-element.elementor-element-67ef51c{text-align:center;}.elementor-4867 .elementor-element.elementor-element-67ef51c > .elementor-widget-container{padding:0% 0% 0% 0%;}}<\/style>\t\t<div data-elementor-type=\"wp-page\" data-elementor-id=\"4867\" class=\"elementor elementor-4867\" data-elementor-post-type=\"page\">\n\t\t\t\t<div class=\"elementor-element elementor-element-1fa8c51 e-con-full e-flex e-con e-parent\" data-id=\"1fa8c51\" data-element_type=\"container\" data-e-type=\"container\" data-settings=\"{&quot;background_background&quot;:&quot;classic&quot;,&quot;shape_divider_bottom&quot;:&quot;curve&quot;,&quot;shape_divider_bottom_negative&quot;:&quot;yes&quot;}\">\n\t\t\t\t<div class=\"elementor-shape elementor-shape-bottom\" aria-hidden=\"true\" data-negative=\"true\">\n\t\t\t<svg xmlns=\"http:\/\/www.w3.org\/2000\/svg\" viewbox=\"0 0 1000 100\" preserveaspectratio=\"none\">\n\t<path class=\"elementor-shape-fill\" d=\"M500,97C126.7,96.3,0.8,19.8,0,0v100l1000,0V1C1000,19.4,873.3,97.8,500,97z\"\/>\n<\/svg>\t\t<\/div>\n\t\t\t\t<\/div>\n\t\t<div class=\"elementor-element elementor-element-4bc4ff0 e-flex e-con-boxed e-con e-parent\" data-id=\"4bc4ff0\" data-element_type=\"container\" data-e-type=\"container\">\n\t\t\t\t\t<div class=\"e-con-inner\">\n\t\t\t\t<div class=\"elementor-element elementor-element-67ef51c elementor-widget elementor-widget-text-editor\" data-id=\"67ef51c\" data-element_type=\"widget\" data-e-type=\"widget\" data-widget_type=\"text-editor.default\">\n\t\t\t\t<div class=\"elementor-widget-container\">\n\t\t\t\t\t\t\t\t\t<section data-particle_enable=\"false\" data-particle-mobile-disabled=\"false\" data-id=\"90c9189\" data-element_type=\"section\"><div data-id=\"3dd87f1\" data-element_type=\"column\"><div data-id=\"305c113\" data-element_type=\"widget\" data-widget_type=\"heading.default\"><p data-start=\"294\" data-end=\"582\">Przy <a href=\"https:\/\/kozumi.eu\/pl\/\"><strong data-start=\"299\" data-end=\"309\">KOZUMI<\/strong><\/a>Zobowi\u0105zujemy si\u0119 do poszanowania prywatno\u015bci i ochrony danych osobowych u\u017cytkownik\u00f3w. Niniejsza polityka dotycz\u0105ca plik\u00f3w cookie wyja\u015bnia, w jaki spos\u00f3b u\u017cywamy plik\u00f3w cookie na naszej stronie internetowej <a class=\"decorated-link\" href=\"https:\/\/kozumi.eu\/pl\/\" target=\"_new\" rel=\"noopener\" data-start=\"496\" data-end=\"534\">www.kozumi.eu<\/a> i jak zarz\u0105dza\u0107 swoimi preferencjami.<\/p><hr data-start=\"584\" data-end=\"587\" \/><h2 data-start=\"589\" data-end=\"618\">Co to jest ciasteczko?<\/h2><p data-start=\"619\" data-end=\"886\">Plik cookie to niewielki plik tekstowy zapisywany na urz\u0105dzeniu u\u017cytkownika (komputerze, tablecie lub smartfonie) podczas odwiedzania strony internetowej. Umo\u017cliwia on witrynie zapami\u0119tanie preferencji u\u017cytkownika i popraw\u0119 komfortu korzystania z niej podczas kolejnych wizyt.<\/p><hr data-start=\"888\" data-end=\"891\" \/><h2 data-start=\"893\" data-end=\"935\">Dlaczego u\u017cywamy plik\u00f3w cookie?<\/h2><ul data-start=\"937\" data-end=\"1502\"><li data-start=\"937\" data-end=\"1067\"><p data-start=\"939\" data-end=\"1067\"><strong data-start=\"939\" data-end=\"961\">Niezb\u0119dne pliki cookie<\/strong> niezb\u0119dne do prawid\u0142owego dzia\u0142ania witryny (przegl\u0105danie, dost\u0119p do bezpiecznych obszar\u00f3w, koszyk zakup\u00f3w, p\u0142atno\u015bci).<\/p><\/li><li data-start=\"1068\" data-end=\"1223\"><p data-start=\"1070\" data-end=\"1223\"><strong data-start=\"1070\" data-end=\"1096\">Wydajno\u015bciowe pliki cookie<\/strong> Pliki cookie sieci Web: zbieraj\u0105 informacje na temat korzystania z witryny (odwiedzane strony, napotkane b\u0142\u0119dy) w celu ulepszenia naszych us\u0142ug.<\/p><\/li><li data-start=\"1224\" data-end=\"1348\"><p data-start=\"1226\" data-end=\"1348\"><strong data-start=\"1226\" data-end=\"1250\">Funkcjonalne pliki cookie<\/strong> Dost\u0119pne s\u0105 nast\u0119puj\u0105ce funkcje: zapami\u0119tywanie dokonanych wybor\u00f3w (j\u0119zyk, preferencje przegl\u0105dania) w celu spersonalizowania do\u015bwiadcze\u0144 u\u017cytkownika.<\/p><\/li><li data-start=\"1349\" data-end=\"1502\"><p data-start=\"1351\" data-end=\"1502\"><strong data-start=\"1351\" data-end=\"1383\">Docelowe\/reklamowe pliki cookie<\/strong> Informacje te s\u0105 wykorzystywane do wy\u015bwietlania reklam dostosowanych do zainteresowa\u0144 u\u017cytkownika oraz do pomiaru skuteczno\u015bci naszych kampanii.<\/p><\/li><\/ul><hr data-start=\"1504\" data-end=\"1507\" \/><h2 data-start=\"1509\" data-end=\"1527\">Pliki cookie stron trzecich<\/h2><p data-start=\"1528\" data-end=\"1809\">Mo\u017cemy upowa\u017cni\u0107 niekt\u00f3rych partner\u00f3w (np. us\u0142ugi analityczne, sieci reklamowe) do umieszczania plik\u00f3w cookie na urz\u0105dzeniu u\u017cytkownika. Te strony trzecie mog\u0105 zbiera\u0107 informacje o aktywno\u015bci u\u017cytkownika w Internecie w celu ulepszenia naszych us\u0142ug lub spersonalizowania reklam.<\/p><hr data-start=\"1811\" data-end=\"1814\" \/><h2 data-start=\"1816\" data-end=\"1840\">Zarz\u0105dzanie plikami cookie<\/h2><p data-start=\"1841\" data-end=\"1969\">Podczas pierwszej wizyty na stronie wy\u015bwietlony zostanie baner informuj\u0105cy o korzystaniu z plik\u00f3w cookie i umo\u017cliwiaj\u0105cy zarz\u0105dzanie preferencjami.<\/p><p data-start=\"1971\" data-end=\"1986\">Mo\u017cesz :<\/p><ul data-start=\"1987\" data-end=\"2128\"><li data-start=\"1987\" data-end=\"2057\"><p data-start=\"1989\" data-end=\"2057\">Zaakceptuj lub odrzu\u0107 wszystkie lub niekt\u00f3re pliki cookie z banera.<\/p><\/li><li data-start=\"2058\" data-end=\"2128\"><p data-start=\"2060\" data-end=\"2128\">Skonfiguruj przegl\u0105dark\u0119 tak, aby blokowa\u0142a lub usuwa\u0142a pliki cookie.<\/p><\/li><\/ul><p data-start=\"2130\" data-end=\"2265\">\u26a0\ufe0f Uwaga: niekt\u00f3re funkcje witryny mog\u0105 nie dzia\u0142a\u0107 prawid\u0142owo, je\u015bli u\u017cytkownik odrzuci niekt\u00f3re niezb\u0119dne pliki cookie.<\/p><p data-start=\"2267\" data-end=\"2369\">Aby dowiedzie\u0107 si\u0119 wi\u0119cej, odwied\u017a oficjalne strony zarz\u0105dzania plikami cookie w przegl\u0105darce:<\/p><ul data-start=\"2370\" data-end=\"2752\"><li data-start=\"2370\" data-end=\"2443\"><p data-start=\"2372\" data-end=\"2443\"><a class=\"decorated-link cursor-pointer\" target=\"_new\" rel=\"noopener\" data-start=\"2372\" data-end=\"2441\">Google Chrome<\/a><\/p><\/li><li data-start=\"2444\" data-end=\"2527\"><p data-start=\"2446\" data-end=\"2527\"><a class=\"decorated-link cursor-pointer\" target=\"_new\" rel=\"noopener\" data-start=\"2446\" data-end=\"2525\">Mozilla Firefox<\/a><\/p><\/li><li data-start=\"2528\" data-end=\"2679\"><p data-start=\"2530\" data-end=\"2679\"><a class=\"decorated-link cursor-pointer\" target=\"_new\" rel=\"noopener\" data-start=\"2530\" data-end=\"2677\">Microsoft Edge<\/a><\/p><\/li><li data-start=\"2680\" data-end=\"2752\"><p data-start=\"2682\" data-end=\"2752\"><a class=\"decorated-link cursor-pointer\" target=\"_new\" rel=\"noopener\" data-start=\"2682\" data-end=\"2750\">Safari<\/a><\/p><\/li><\/ul><hr data-start=\"2754\" data-end=\"2757\" \/><h2 data-start=\"2759\" data-end=\"2776\">Zgoda<\/h2><p data-start=\"2777\" data-end=\"2967\">Kontynuuj\u0105c nawigacj\u0119 na stronie <a class=\"decorated-link\" href=\"https:\/\/kozumi.eu\/pl\/\" target=\"_new\" rel=\"noopener\" data-start=\"2813\" data-end=\"2851\">www.kozumi.eu<\/a> lub klikaj\u0105c \"Akceptuj\u0119\", u\u017cytkownik wyra\u017ca zgod\u0119 na korzystanie z plik\u00f3w cookie zgodnie z niniejsz\u0105 polityk\u0105.<\/p><hr data-start=\"2969\" data-end=\"2972\" \/><h2 data-start=\"2974\" data-end=\"2992\">Zmiany<\/h2><p data-start=\"2993\" data-end=\"3156\">KOZUMI zastrzega sobie prawo do zmiany niniejszej polityki w dowolnym momencie. Zaktualizowana wersja zostanie opublikowana na tej stronie z odpowiedni\u0105 dat\u0105 zmiany.<\/p><hr data-start=\"3158\" data-end=\"3161\" \/><h2 data-start=\"3163\" data-end=\"3175\">Kontakt<\/h2><p data-start=\"3176\" data-end=\"3237\">Je\u015bli masz jakiekolwiek pytania dotycz\u0105ce naszej polityki plik\u00f3w cookie:<\/p><p data-start=\"3239\" data-end=\"3368\">Email : <a class=\"decorated-link cursor-pointer\" rel=\"noopener\" data-start=\"3250\" data-end=\"3270\">info@sushi-robots.eu<\/a><br data-start=\"3270\" data-end=\"3273\" \/>Telefon: +33 5 16 07 39 09<br data-start=\"3305\" data-end=\"3308\" \/>Adres: KOZUMI, 21 rue Lavoisier, 17440 Aytr\u00e9, Francja<\/p><\/div><\/div><\/section>\t\t\t\t\t\t\t\t<\/div>\n\t\t\t\t<\/div>\n\t\t\t\t\t<\/div>\n\t\t\t\t<\/div>\n\t\t\t\t<\/div>","protected":false},"excerpt":{"rendered":"<p>Chez Grinmarket, nous nous engageons \u00e0 respecter votre vie priv\u00e9e et \u00e0 prot\u00e9ger vos donn\u00e9es personnelles. Cette politique de cookies explique comment nous utilisons les cookies sur notre site web et comment vous pouvez les g\u00e9rer.\u200bbruneau.fr+2European Commission+2democratiealimentaire.fr+2 Qu&rsquo;est-ce qu&rsquo;un cookie ? Un cookie est un petit fichier texte que votre navigateur enregistre sur votre appareil [&hellip;]<\/p>\n","protected":false},"author":19,"featured_media":0,"parent":0,"menu_order":0,"comment_status":"closed","ping_status":"closed","template":"","meta":{"footnotes":""},"class_list":["post-4867","page","type-page","status-publish","hentry"],"_links":{"self":[{"href":"https:\/\/kozumi.eu\/pl\/wp-json\/wp\/v2\/pages\/4867","targetHints":{"allow":["GET"]}}],"collection":[{"href":"https:\/\/kozumi.eu\/pl\/wp-json\/wp\/v2\/pages"}],"about":[{"href":"https:\/\/kozumi.eu\/pl\/wp-json\/wp\/v2\/types\/page"}],"author":[{"embeddable":true,"href":"https:\/\/kozumi.eu\/pl\/wp-json\/wp\/v2\/users\/19"}],"replies":[{"embeddable":true,"href":"https:\/\/kozumi.eu\/pl\/wp-json\/wp\/v2\/comments?post=4867"}],"version-history":[{"count":0,"href":"https:\/\/kozumi.eu\/pl\/wp-json\/wp\/v2\/pages\/4867\/revisions"}],"wp:attachment":[{"href":"https:\/\/kozumi.eu\/pl\/wp-json\/wp\/v2\/media?parent=4867"}],"curies":[{"name":"wp","href":"https:\/\/api.w.org\/{rel}","templated":true}]}}