{"id":7321,"date":"2025-09-18T09:53:16","date_gmt":"2025-09-18T07:53:16","guid":{"rendered":"http:\/\/idotqcy.cluster100.hosting.ovh.net\/produit\/4l-thermal-rice-bin\/"},"modified":"2026-04-11T04:49:23","modified_gmt":"2026-04-11T02:49:23","slug":"4l-boite-riz-isotherme","status":"publish","type":"product","link":"https:\/\/kozumi.eu\/pl\/coup-de-coeur\/4l-boite-riz-isotherme\/","title":{"rendered":"Izolowany pojemnik na ry\u017c o pojemno\u015bci 4 l"},"content":{"rendered":"<p data-start=\"126\" data-end=\"347\">W profesjonalnej kuchni lub takiej po\u015bwi\u0119conej japo\u0144skiej gastronomii, sprz\u0119t musi \u0142\u0105czy\u0107 w sobie estetyk\u0119, solidno\u015b\u0107 i wydajno\u015b\u0107 termiczn\u0105. Termiczne urz\u0105dzenie do gotowania ry\u017cu Valira 4 L doskonale spe\u0142nia te wymagania.<\/p>\n<p data-start=\"349\" data-end=\"641\">Wyprodukowany w Europie przez Valira, mark\u0119 znan\u0105 z jako\u015bci swoich izolowanych produkt\u00f3w, ma du\u017c\u0105 pojemno\u015b\u0107 4 litr\u00f3w, idealn\u0105 do przechowywania ry\u017cu do sushi, ry\u017cu w occie lub innych preparat\u00f3w, przy jednoczesnym utrzymaniu optymalnej temperatury przez kilka godzin.<\/p>\n<p data-start=\"643\" data-end=\"884\">Praktyczny i ergonomiczny, szeroki otw\u00f3r u\u0142atwia serwowanie, a pokrywka pozwala zachowa\u0107 higien\u0119 i ciep\u0142o.<\/p>\n<p data-start=\"886\" data-end=\"1148\">Niezast\u0105piony dla kucharzy sushi, profesjonalnych kurs\u00f3w szkoleniowych lub fan\u00f3w kuchni japo\u0144skiej.<\/p>","protected":false},"excerpt":{"rendered":"<p>Termiczny pojemnik do gotowania ry\u017cu Valira 4 L oferuje du\u017c\u0105 pojemno\u015b\u0107 4 litr\u00f3w i wysokowydajn\u0105 izolacj\u0119 zaprojektowan\u0105 tak, aby ry\u017c lub inne przetwory by\u0142y gor\u0105ce lub zimne przez kilka godzin. Elegancki i funkcjonalny wyb\u00f3r dla szef\u00f3w kuchni sushi, japo\u0144skich restauracji lub wymagaj\u0105cych amator\u00f3w.<\/p>","protected":false},"featured_media":7320,"comment_status":"open","ping_status":"closed","template":"","meta":[],"product_brand":[279],"product_cat":[192,191],"product_tag":[],"product-origin":[133],"class_list":{"0":"post-7321","1":"product","2":"type-product","3":"status-publish","4":"has-post-thumbnail","6":"product_brand-valira","7":"product_cat-coup-de-coeur","8":"product_cat-ustensiles","9":"product-origin-espagne","11":"first","12":"instock","13":"taxable","14":"shipping-taxable","15":"purchasable","16":"product-type-simple"},"_links":{"self":[{"href":"https:\/\/kozumi.eu\/pl\/wp-json\/wp\/v2\/product\/7321","targetHints":{"allow":["GET"]}}],"collection":[{"href":"https:\/\/kozumi.eu\/pl\/wp-json\/wp\/v2\/product"}],"about":[{"href":"https:\/\/kozumi.eu\/pl\/wp-json\/wp\/v2\/types\/product"}],"replies":[{"embeddable":true,"href":"https:\/\/kozumi.eu\/pl\/wp-json\/wp\/v2\/comments?post=7321"}],"version-history":[{"count":0,"href":"https:\/\/kozumi.eu\/pl\/wp-json\/wp\/v2\/product\/7321\/revisions"}],"wp:featuredmedia":[{"embeddable":true,"href":"https:\/\/kozumi.eu\/pl\/wp-json\/wp\/v2\/media\/7320"}],"wp:attachment":[{"href":"https:\/\/kozumi.eu\/pl\/wp-json\/wp\/v2\/media?parent=7321"}],"wp:term":[{"taxonomy":"product_brand","embeddable":true,"href":"https:\/\/kozumi.eu\/pl\/wp-json\/wp\/v2\/product_brand?post=7321"},{"taxonomy":"product_cat","embeddable":true,"href":"https:\/\/kozumi.eu\/pl\/wp-json\/wp\/v2\/product_cat?post=7321"},{"taxonomy":"product_tag","embeddable":true,"href":"https:\/\/kozumi.eu\/pl\/wp-json\/wp\/v2\/product_tag?post=7321"},{"taxonomy":"product-origin","embeddable":true,"href":"https:\/\/kozumi.eu\/pl\/wp-json\/wp\/v2\/product-origin?post=7321"}],"curies":[{"name":"wp","href":"https:\/\/api.w.org\/{rel}","templated":true}]}}