{"id":7345,"date":"2025-09-18T09:53:47","date_gmt":"2025-09-18T07:53:47","guid":{"rendered":"http:\/\/idotqcy.cluster100.hosting.ovh.net\/produit\/couteau-universel-lame-15-cm-shun-classic-kai\/"},"modified":"2026-04-30T09:55:54","modified_gmt":"2026-04-30T07:55:54","slug":"couteau-universel-lame-15-cm-shun-classic-kai","status":"publish","type":"product","link":"https:\/\/kozumi.eu\/pl\/couteaux\/couteau-universel-lame-15-cm-shun-classic-kai\/","title":{"rendered":"N\u00d3\u017b UNIWERSALNY (ostrze 15 cm) - SHUN CLASSIC - KAI"},"content":{"rendered":"<p>N\u00d3\u017b UNIWERSALNY (ostrze 15 cm)<\/p>","protected":false},"excerpt":{"rendered":"<p>N\u00d3\u017b UNIWERSALNY (ostrze 15 cm)<\/p>","protected":false},"featured_media":9077,"comment_status":"open","ping_status":"closed","template":"","meta":[],"product_brand":[],"product_cat":[187],"product_tag":[],"product-origin":[],"class_list":{"0":"post-7345","1":"product","2":"type-product","3":"status-publish","4":"has-post-thumbnail","6":"product_cat-couteaux","8":"first","9":"instock","10":"taxable","11":"shipping-taxable","12":"purchasable","13":"product-type-simple"},"_links":{"self":[{"href":"https:\/\/kozumi.eu\/pl\/wp-json\/wp\/v2\/product\/7345","targetHints":{"allow":["GET"]}}],"collection":[{"href":"https:\/\/kozumi.eu\/pl\/wp-json\/wp\/v2\/product"}],"about":[{"href":"https:\/\/kozumi.eu\/pl\/wp-json\/wp\/v2\/types\/product"}],"replies":[{"embeddable":true,"href":"https:\/\/kozumi.eu\/pl\/wp-json\/wp\/v2\/comments?post=7345"}],"version-history":[{"count":0,"href":"https:\/\/kozumi.eu\/pl\/wp-json\/wp\/v2\/product\/7345\/revisions"}],"wp:featuredmedia":[{"embeddable":true,"href":"https:\/\/kozumi.eu\/pl\/wp-json\/wp\/v2\/media\/9077"}],"wp:attachment":[{"href":"https:\/\/kozumi.eu\/pl\/wp-json\/wp\/v2\/media?parent=7345"}],"wp:term":[{"taxonomy":"product_brand","embeddable":true,"href":"https:\/\/kozumi.eu\/pl\/wp-json\/wp\/v2\/product_brand?post=7345"},{"taxonomy":"product_cat","embeddable":true,"href":"https:\/\/kozumi.eu\/pl\/wp-json\/wp\/v2\/product_cat?post=7345"},{"taxonomy":"product_tag","embeddable":true,"href":"https:\/\/kozumi.eu\/pl\/wp-json\/wp\/v2\/product_tag?post=7345"},{"taxonomy":"product-origin","embeddable":true,"href":"https:\/\/kozumi.eu\/pl\/wp-json\/wp\/v2\/product-origin?post=7345"}],"curies":[{"name":"wp","href":"https:\/\/api.w.org\/{rel}","templated":true}]}}