{"id":7353,"date":"2025-09-18T09:54:00","date_gmt":"2025-09-18T07:54:00","guid":{"rendered":"http:\/\/idotqcy.cluster100.hosting.ovh.net\/produit\/dm-0780-grande-mallette-a-couteaux-shun-capacite-9-grands-8-petits-couteaux-kai\/"},"modified":"2026-04-30T08:58:04","modified_gmt":"2026-04-30T06:58:04","slug":"dm-0780-grande-mallette-a-couteaux-shun-capacite-9-grands-8-petits-couteaux-kai","status":"publish","type":"product","link":"https:\/\/kozumi.eu\/pl\/couteaux\/dm-0780-grande-mallette-a-couteaux-shun-capacite-9-grands-8-petits-couteaux-kai\/","title":{"rendered":"DM-0780 Du\u017ce etui na no\u017ce Shun (pojemno\u015b\u0107 9 du\u017cych i 8 ma\u0142ych no\u017cy) - KAI"},"content":{"rendered":"<p>Grande mallette \u00e0 couteaux Shun (capacit\u00e9 9 grands &amp; 8 petits couteaux)<\/p>","protected":false},"excerpt":{"rendered":"<p>Grande mallette \u00e0 couteaux Shun (capacit\u00e9 9 grands &amp; 8 petits couteaux)<\/p>","protected":false},"featured_media":7352,"comment_status":"open","ping_status":"closed","template":"","meta":[],"product_brand":[],"product_cat":[187],"product_tag":[],"product-origin":[],"class_list":{"0":"post-7353","1":"product","2":"type-product","3":"status-publish","4":"has-post-thumbnail","6":"product_cat-couteaux","8":"first","9":"outofstock","10":"taxable","11":"shipping-taxable","12":"purchasable","13":"product-type-simple"},"_links":{"self":[{"href":"https:\/\/kozumi.eu\/pl\/wp-json\/wp\/v2\/product\/7353","targetHints":{"allow":["GET"]}}],"collection":[{"href":"https:\/\/kozumi.eu\/pl\/wp-json\/wp\/v2\/product"}],"about":[{"href":"https:\/\/kozumi.eu\/pl\/wp-json\/wp\/v2\/types\/product"}],"replies":[{"embeddable":true,"href":"https:\/\/kozumi.eu\/pl\/wp-json\/wp\/v2\/comments?post=7353"}],"version-history":[{"count":1,"href":"https:\/\/kozumi.eu\/pl\/wp-json\/wp\/v2\/product\/7353\/revisions"}],"predecessor-version":[{"id":9353,"href":"https:\/\/kozumi.eu\/pl\/wp-json\/wp\/v2\/product\/7353\/revisions\/9353"}],"wp:featuredmedia":[{"embeddable":true,"href":"https:\/\/kozumi.eu\/pl\/wp-json\/wp\/v2\/media\/7352"}],"wp:attachment":[{"href":"https:\/\/kozumi.eu\/pl\/wp-json\/wp\/v2\/media?parent=7353"}],"wp:term":[{"taxonomy":"product_brand","embeddable":true,"href":"https:\/\/kozumi.eu\/pl\/wp-json\/wp\/v2\/product_brand?post=7353"},{"taxonomy":"product_cat","embeddable":true,"href":"https:\/\/kozumi.eu\/pl\/wp-json\/wp\/v2\/product_cat?post=7353"},{"taxonomy":"product_tag","embeddable":true,"href":"https:\/\/kozumi.eu\/pl\/wp-json\/wp\/v2\/product_tag?post=7353"},{"taxonomy":"product-origin","embeddable":true,"href":"https:\/\/kozumi.eu\/pl\/wp-json\/wp\/v2\/product-origin?post=7353"}],"curies":[{"name":"wp","href":"https:\/\/api.w.org\/{rel}","templated":true}]}}