{"id":7359,"date":"2025-09-18T09:54:02","date_gmt":"2025-09-18T07:54:02","guid":{"rendered":"http:\/\/idotqcy.cluster100.hosting.ovh.net\/produit\/dm002-mont-fuji-maekake-anything-co-ltd\/"},"modified":"2026-04-11T06:30:20","modified_gmt":"2026-04-11T04:30:20","slug":"tablier-japonais-mont-fuji","status":"publish","type":"product","link":"https:\/\/kozumi.eu\/pl\/cadeaux\/tablier-japonais-mont-fuji\/","title":{"rendered":"Japo\u0144ski fartuch Maekake - G\u00f3ra Fuji"},"content":{"rendered":"<p data-start=\"313\" data-end=\"480\"><strong data-start=\"313\" data-end=\"376\">Chcesz pracowa\u0107 w tradycyjnym japo\u0144skim fartuchu?<\/strong><br data-start=\"376\" data-end=\"379\" \/>Odkryj <strong data-start=\"395\" data-end=\"426\">maekake 100 % wyprodukowano w Japonii<\/strong>, Te fartuchy s\u0105 symbolem japo\u0144skiego rzemios\u0142a.<\/p>\n<p data-start=\"485\" data-end=\"677\">Wyprodukowano w warsztacie, kt\u00f3ry istnieje od czas\u00f3w <strong data-start=\"527\" data-end=\"546\">prawie 200 lat<\/strong>, Te fartuchy s\u0105 wykonane z <strong data-start=\"592\" data-end=\"616\">stuletnie maszyny<\/strong>, S\u0105 to gwarancje niepor\u00f3wnywalnej jako\u015bci i autentyczno\u015bci.<\/p>\n<p data-start=\"682\" data-end=\"925\">Ka\u017cda talia ma <strong data-start=\"708\" data-end=\"733\">dwie por\u0119czne kieszenie<\/strong>. D\u017awi\u0119k <strong data-start=\"739\" data-end=\"777\">gruba tkanina bawe\u0142niana 100 % naturalna<\/strong> zapewnia komfort i trwa\u0142o\u015b\u0107. Dzi\u0119ki <strong data-start=\"819\" data-end=\"856\">pasek do zawi\u0105zania wok\u00f3\u0142 bioder<\/strong>, ci\u0119\u017car jest lepiej roz\u0142o\u017cony i <strong data-start=\"891\" data-end=\"924\">plecy s\u0105 naturalnie odci\u0105\u017cone<\/strong>.<\/p>\n<p data-start=\"930\" data-end=\"1048\"><strong data-start=\"930\" data-end=\"1004\">Autentyczny japo\u0144ski fartuch, kt\u00f3ry z pewno\u015bci\u0105 wywo\u0142a poruszenie<\/strong> swoim klientom i znajomym.<\/p>","protected":false},"excerpt":{"rendered":"<p><strong data-start=\"136\" data-end=\"184\">Japo\u0144ski fartuch maekake 100 % wyprodukowany w Japonii<\/strong>, wykonane w tradycyjnym warsztacie, kt\u00f3ry istnieje od prawie 200 lat.<br data-start=\"256\" data-end=\"259\" \/>Odwied\u017a <strong data-start=\"264\" data-end=\"290\">Gruba bawe\u0142na wysokiej jako\u015bci<\/strong>, z <strong data-start=\"297\" data-end=\"322\">dwie por\u0119czne kieszenie<\/strong> oraz <strong data-start=\"330\" data-end=\"360\">Pasek na biodra<\/strong> dla wi\u0119kszego komfortu i wsparcia plec\u00f3w.<br data-start=\"412\" data-end=\"415\" \/>Autentyczny, trwa\u0142y i elegancki fartuch, idealny do u\u017cytku profesjonalnego lub codziennego.<\/p>","protected":false},"featured_media":7358,"comment_status":"open","ping_status":"closed","template":"","meta":[],"product_brand":[277],"product_cat":[189,188],"product_tag":[],"product-origin":[130],"class_list":{"0":"post-7359","1":"product","2":"type-product","3":"status-publish","4":"has-post-thumbnail","6":"product_brand-anything-co","7":"product_cat-cadeaux","8":"product_cat-textile","9":"product-origin-japon","11":"first","12":"outofstock","13":"taxable","14":"shipping-taxable","15":"purchasable","16":"product-type-simple"},"_links":{"self":[{"href":"https:\/\/kozumi.eu\/pl\/wp-json\/wp\/v2\/product\/7359","targetHints":{"allow":["GET"]}}],"collection":[{"href":"https:\/\/kozumi.eu\/pl\/wp-json\/wp\/v2\/product"}],"about":[{"href":"https:\/\/kozumi.eu\/pl\/wp-json\/wp\/v2\/types\/product"}],"replies":[{"embeddable":true,"href":"https:\/\/kozumi.eu\/pl\/wp-json\/wp\/v2\/comments?post=7359"}],"version-history":[{"count":0,"href":"https:\/\/kozumi.eu\/pl\/wp-json\/wp\/v2\/product\/7359\/revisions"}],"wp:featuredmedia":[{"embeddable":true,"href":"https:\/\/kozumi.eu\/pl\/wp-json\/wp\/v2\/media\/7358"}],"wp:attachment":[{"href":"https:\/\/kozumi.eu\/pl\/wp-json\/wp\/v2\/media?parent=7359"}],"wp:term":[{"taxonomy":"product_brand","embeddable":true,"href":"https:\/\/kozumi.eu\/pl\/wp-json\/wp\/v2\/product_brand?post=7359"},{"taxonomy":"product_cat","embeddable":true,"href":"https:\/\/kozumi.eu\/pl\/wp-json\/wp\/v2\/product_cat?post=7359"},{"taxonomy":"product_tag","embeddable":true,"href":"https:\/\/kozumi.eu\/pl\/wp-json\/wp\/v2\/product_tag?post=7359"},{"taxonomy":"product-origin","embeddable":true,"href":"https:\/\/kozumi.eu\/pl\/wp-json\/wp\/v2\/product-origin?post=7359"}],"curies":[{"name":"wp","href":"https:\/\/api.w.org\/{rel}","templated":true}]}}