{"id":7377,"date":"2025-09-18T09:54:20","date_gmt":"2025-09-18T07:54:20","guid":{"rendered":"http:\/\/idotqcy.cluster100.hosting.ovh.net\/produit\/fho-ohitsu-hasegawa\/"},"modified":"2026-04-30T09:30:26","modified_gmt":"2026-04-30T07:30:26","slug":"fho-ohitsu-hasegawa","status":"publish","type":"product","link":"https:\/\/kozumi.eu\/pl\/cadeaux\/fho-ohitsu-hasegawa\/","title":{"rendered":"OHITSU - Hasegawa"},"content":{"rendered":"<p>Ohitsu jest przeznaczony do utrzymywania ry\u017cu w cieple. Odporne na plamy tworzywo sztuczne u\u0142atwia czyszczenie i zapobiega powstawaniu czarnej ple\u015bni lub wi\u00f3r\u00f3w drewnianych. Jego waga jest niezaprzeczaln\u0105 zalet\u0105, je\u015bli chodzi o czyszczenie.<\/p>","protected":false},"excerpt":{"rendered":"<p>Ohitsu jest idealny do stylowego przechowywania ry\u017cu.<\/p>","protected":false},"featured_media":7376,"comment_status":"open","ping_status":"closed","template":"","meta":[],"product_brand":[271],"product_cat":[189,192,191],"product_tag":[],"product-origin":[130],"class_list":{"0":"post-7377","1":"product","2":"type-product","3":"status-publish","4":"has-post-thumbnail","6":"product_brand-hasegawa","7":"product_cat-cadeaux","8":"product_cat-coup-de-coeur","9":"product_cat-ustensiles","10":"product-origin-japon","12":"first","13":"instock","14":"taxable","15":"shipping-taxable","16":"purchasable","17":"product-type-variable"},"_links":{"self":[{"href":"https:\/\/kozumi.eu\/pl\/wp-json\/wp\/v2\/product\/7377","targetHints":{"allow":["GET"]}}],"collection":[{"href":"https:\/\/kozumi.eu\/pl\/wp-json\/wp\/v2\/product"}],"about":[{"href":"https:\/\/kozumi.eu\/pl\/wp-json\/wp\/v2\/types\/product"}],"replies":[{"embeddable":true,"href":"https:\/\/kozumi.eu\/pl\/wp-json\/wp\/v2\/comments?post=7377"}],"version-history":[{"count":0,"href":"https:\/\/kozumi.eu\/pl\/wp-json\/wp\/v2\/product\/7377\/revisions"}],"wp:featuredmedia":[{"embeddable":true,"href":"https:\/\/kozumi.eu\/pl\/wp-json\/wp\/v2\/media\/7376"}],"wp:attachment":[{"href":"https:\/\/kozumi.eu\/pl\/wp-json\/wp\/v2\/media?parent=7377"}],"wp:term":[{"taxonomy":"product_brand","embeddable":true,"href":"https:\/\/kozumi.eu\/pl\/wp-json\/wp\/v2\/product_brand?post=7377"},{"taxonomy":"product_cat","embeddable":true,"href":"https:\/\/kozumi.eu\/pl\/wp-json\/wp\/v2\/product_cat?post=7377"},{"taxonomy":"product_tag","embeddable":true,"href":"https:\/\/kozumi.eu\/pl\/wp-json\/wp\/v2\/product_tag?post=7377"},{"taxonomy":"product-origin","embeddable":true,"href":"https:\/\/kozumi.eu\/pl\/wp-json\/wp\/v2\/product-origin?post=7377"}],"curies":[{"name":"wp","href":"https:\/\/api.w.org\/{rel}","templated":true}]}}