{"id":7484,"date":"2025-09-18T09:55:26","date_gmt":"2025-09-18T07:55:26","guid":{"rendered":"http:\/\/idotqcy.cluster100.hosting.ovh.net\/produit\/rice-cooker-jno-b36w-tiger\/"},"modified":"2026-04-11T04:47:47","modified_gmt":"2026-04-11T02:47:47","slug":"rice-cooker-tiger","status":"publish","type":"product","link":"https:\/\/kozumi.eu\/pl\/appareils\/rice-cooker-tiger\/","title":{"rendered":"Urz\u0105dzenie do gotowania ry\u017cu - Tiger"},"content":{"rendered":"<div class=\"ewa-rteLine\">Urz\u0105dzenie do gotowania ry\u017cu Tiger upraszcza przygotowanie ry\u017cu, zapewniaj\u0105c precyzyjne i r\u00f3wnomierne gotowanie.<\/div>\n<div class=\"ewa-rteLine\"><\/div>\n<div class=\"ewa-rteLine\">Jest wyposa\u017cony w zaawansowane funkcje, takie jak czujniki temperatury, programowalne opcje i nieprzywieraj\u0105ce pow\u0142oki u\u0142atwiaj\u0105ce czyszczenie.<\/div>\n<div class=\"ewa-rteLine\"><\/div>\n<div class=\"ewa-rteLine\">Solidny i niezawodny, gotuje ry\u017c szybko i wydajnie.<\/div>","protected":false},"excerpt":{"rendered":"<p>Ry\u017cowar Tiger to idealne urz\u0105dzenie do perfekcyjnego gotowania ry\u017cu.<\/p>","protected":false},"featured_media":7483,"comment_status":"open","ping_status":"closed","template":"","meta":[],"product_brand":[273],"product_cat":[190,189,268],"product_tag":[],"product-origin":[],"class_list":{"0":"post-7484","1":"product","2":"type-product","3":"status-publish","4":"has-post-thumbnail","6":"product_brand-tiger","7":"product_cat-appareils","8":"product_cat-cadeaux","9":"product_cat-pour-les-professionnels","11":"first","12":"instock","13":"taxable","14":"shipping-taxable","15":"purchasable","16":"product-type-simple"},"_links":{"self":[{"href":"https:\/\/kozumi.eu\/pl\/wp-json\/wp\/v2\/product\/7484","targetHints":{"allow":["GET"]}}],"collection":[{"href":"https:\/\/kozumi.eu\/pl\/wp-json\/wp\/v2\/product"}],"about":[{"href":"https:\/\/kozumi.eu\/pl\/wp-json\/wp\/v2\/types\/product"}],"replies":[{"embeddable":true,"href":"https:\/\/kozumi.eu\/pl\/wp-json\/wp\/v2\/comments?post=7484"}],"version-history":[{"count":0,"href":"https:\/\/kozumi.eu\/pl\/wp-json\/wp\/v2\/product\/7484\/revisions"}],"wp:featuredmedia":[{"embeddable":true,"href":"https:\/\/kozumi.eu\/pl\/wp-json\/wp\/v2\/media\/7483"}],"wp:attachment":[{"href":"https:\/\/kozumi.eu\/pl\/wp-json\/wp\/v2\/media?parent=7484"}],"wp:term":[{"taxonomy":"product_brand","embeddable":true,"href":"https:\/\/kozumi.eu\/pl\/wp-json\/wp\/v2\/product_brand?post=7484"},{"taxonomy":"product_cat","embeddable":true,"href":"https:\/\/kozumi.eu\/pl\/wp-json\/wp\/v2\/product_cat?post=7484"},{"taxonomy":"product_tag","embeddable":true,"href":"https:\/\/kozumi.eu\/pl\/wp-json\/wp\/v2\/product_tag?post=7484"},{"taxonomy":"product-origin","embeddable":true,"href":"https:\/\/kozumi.eu\/pl\/wp-json\/wp\/v2\/product-origin?post=7484"}],"curies":[{"name":"wp","href":"https:\/\/api.w.org\/{rel}","templated":true}]}}