{"id":7486,"date":"2025-09-18T09:55:27","date_gmt":"2025-09-18T07:55:27","guid":{"rendered":"http:\/\/idotqcy.cluster100.hosting.ovh.net\/produit\/rice-net-iguchi\/"},"modified":"2026-04-30T09:39:11","modified_gmt":"2026-04-30T07:39:11","slug":"rice-net-iguchi","status":"publish","type":"product","link":"https:\/\/kozumi.eu\/pl\/ustensiles\/rice-net-iguchi\/","title":{"rendered":"Siatka na ry\u017c - Iguchi"},"content":{"rendered":"<p>Maksymalna zalecana temperatura wynosi 200\u00b0C<br \/>\nOkres trwa\u0142o\u015bci wynosi oko\u0142o 6 miesi\u0119cy<br \/>\nWARTO WIEDZIE\u0106: Wa\u017cne jest, aby gotowa\u0107 sam\u0105 siatk\u0119 ry\u017cow\u0105 przez 10 minut przed pierwszym u\u017cyciem!<\/p>","protected":false},"excerpt":{"rendered":"<p>Maksymalna zalecana temperatura wynosi 200\u00b0C<br \/>\nOkres trwa\u0142o\u015bci wynosi oko\u0142o 6 miesi\u0119cy<br \/>\nWARTO WIEDZIE\u0106: Wa\u017cne jest, aby gotowa\u0107 sam\u0105 siatk\u0119 ry\u017cow\u0105 przez 10 minut przed pierwszym u\u017cyciem!<\/p>","protected":false},"featured_media":7485,"comment_status":"open","ping_status":"closed","template":"","meta":[],"product_brand":[],"product_cat":[191],"product_tag":[],"product-origin":[],"class_list":{"0":"post-7486","1":"product","2":"type-product","3":"status-publish","4":"has-post-thumbnail","6":"product_cat-ustensiles","8":"first","9":"instock","10":"taxable","11":"shipping-taxable","12":"purchasable","13":"product-type-simple"},"_links":{"self":[{"href":"https:\/\/kozumi.eu\/pl\/wp-json\/wp\/v2\/product\/7486","targetHints":{"allow":["GET"]}}],"collection":[{"href":"https:\/\/kozumi.eu\/pl\/wp-json\/wp\/v2\/product"}],"about":[{"href":"https:\/\/kozumi.eu\/pl\/wp-json\/wp\/v2\/types\/product"}],"replies":[{"embeddable":true,"href":"https:\/\/kozumi.eu\/pl\/wp-json\/wp\/v2\/comments?post=7486"}],"version-history":[{"count":0,"href":"https:\/\/kozumi.eu\/pl\/wp-json\/wp\/v2\/product\/7486\/revisions"}],"wp:featuredmedia":[{"embeddable":true,"href":"https:\/\/kozumi.eu\/pl\/wp-json\/wp\/v2\/media\/7485"}],"wp:attachment":[{"href":"https:\/\/kozumi.eu\/pl\/wp-json\/wp\/v2\/media?parent=7486"}],"wp:term":[{"taxonomy":"product_brand","embeddable":true,"href":"https:\/\/kozumi.eu\/pl\/wp-json\/wp\/v2\/product_brand?post=7486"},{"taxonomy":"product_cat","embeddable":true,"href":"https:\/\/kozumi.eu\/pl\/wp-json\/wp\/v2\/product_cat?post=7486"},{"taxonomy":"product_tag","embeddable":true,"href":"https:\/\/kozumi.eu\/pl\/wp-json\/wp\/v2\/product_tag?post=7486"},{"taxonomy":"product-origin","embeddable":true,"href":"https:\/\/kozumi.eu\/pl\/wp-json\/wp\/v2\/product-origin?post=7486"}],"curies":[{"name":"wp","href":"https:\/\/api.w.org\/{rel}","templated":true}]}}