{"id":7502,"date":"2025-09-18T09:55:42","date_gmt":"2025-09-18T07:55:42","guid":{"rendered":"http:\/\/idotqcy.cluster100.hosting.ovh.net\/produit\/si-5a-e-small-manual-kakigori-machine-swan\/"},"modified":"2026-04-11T05:55:11","modified_gmt":"2026-04-11T03:55:11","slug":"machine-a-kakigori-si-5a","status":"publish","type":"product","link":"https:\/\/kozumi.eu\/pl\/appareils\/kakigori\/machine-a-kakigori-si-5a\/","title":{"rendered":"R\u0119czna maszyna Kakigori - SI-5A - SWAN"},"content":{"rendered":"<div class=\"ewa-rteLine\">Przygotuj pyszne Kakigori, Bingsu lub Snow Ball za pomoc\u0105 maszyny SI-5A!<\/div>\n<div class=\"ewa-rteLine\"><\/div>\n<div class=\"ewa-rteLine\">Po umieszczeniu bloku lub kawa\u0142k\u00f3w lodu na platformie i pojemnika pod spodem, obr\u00f3\u0107 korb\u0119, aby wytworzy\u0107 wi\u00f3ry lodowe.<\/div>\n<div class=\"ewa-rteLine\"><\/div>\n<div class=\"ewa-rteLine\">Podawaj kakigori z r\u00f3\u017cnymi dodatkami: syropem, s\u0142odzonym mlekiem skondensowanym, \u015bwie\u017cymi owocami itp.<\/div>\n<div class=\"ewa-rteLine\"><\/div>\n<div class=\"ewa-rteLine\">To urz\u0105dzenie w stylu retro z pewno\u015bci\u0105 zadowoli zar\u00f3wno mi\u0142o\u015bnik\u00f3w designu, jak i smakoszy!<\/div>","protected":false},"excerpt":{"rendered":"<p>Odkryj maszyn\u0119 kakigori SI-5A od IKENAGA, niezb\u0119dne narz\u0119dzie do tworzenia autentycznych i pysznych mro\u017conych deser\u00f3w.<\/p>","protected":false},"featured_media":7501,"comment_status":"open","ping_status":"closed","template":"","meta":[],"product_brand":[274],"product_cat":[190,192,262],"product_tag":[],"product-origin":[],"class_list":{"0":"post-7502","1":"product","2":"type-product","3":"status-publish","4":"has-post-thumbnail","6":"product_brand-ikenaga","7":"product_cat-appareils","8":"product_cat-coup-de-coeur","9":"product_cat-kakigori","11":"first","12":"instock","13":"taxable","14":"shipping-taxable","15":"purchasable","16":"product-type-simple"},"_links":{"self":[{"href":"https:\/\/kozumi.eu\/pl\/wp-json\/wp\/v2\/product\/7502","targetHints":{"allow":["GET"]}}],"collection":[{"href":"https:\/\/kozumi.eu\/pl\/wp-json\/wp\/v2\/product"}],"about":[{"href":"https:\/\/kozumi.eu\/pl\/wp-json\/wp\/v2\/types\/product"}],"replies":[{"embeddable":true,"href":"https:\/\/kozumi.eu\/pl\/wp-json\/wp\/v2\/comments?post=7502"}],"version-history":[{"count":0,"href":"https:\/\/kozumi.eu\/pl\/wp-json\/wp\/v2\/product\/7502\/revisions"}],"wp:featuredmedia":[{"embeddable":true,"href":"https:\/\/kozumi.eu\/pl\/wp-json\/wp\/v2\/media\/7501"}],"wp:attachment":[{"href":"https:\/\/kozumi.eu\/pl\/wp-json\/wp\/v2\/media?parent=7502"}],"wp:term":[{"taxonomy":"product_brand","embeddable":true,"href":"https:\/\/kozumi.eu\/pl\/wp-json\/wp\/v2\/product_brand?post=7502"},{"taxonomy":"product_cat","embeddable":true,"href":"https:\/\/kozumi.eu\/pl\/wp-json\/wp\/v2\/product_cat?post=7502"},{"taxonomy":"product_tag","embeddable":true,"href":"https:\/\/kozumi.eu\/pl\/wp-json\/wp\/v2\/product_tag?post=7502"},{"taxonomy":"product-origin","embeddable":true,"href":"https:\/\/kozumi.eu\/pl\/wp-json\/wp\/v2\/product-origin?post=7502"}],"curies":[{"name":"wp","href":"https:\/\/api.w.org\/{rel}","templated":true}]}}