{"id":7504,"date":"2025-09-18T09:55:43","date_gmt":"2025-09-18T07:55:43","guid":{"rendered":"http:\/\/idotqcy.cluster100.hosting.ovh.net\/produit\/si-8b-large-manual-kakigori-machine-swan\/"},"modified":"2026-04-11T04:50:28","modified_gmt":"2026-04-11T02:50:28","slug":"machine-a-kakigori-si-8b","status":"publish","type":"product","link":"https:\/\/kozumi.eu\/pl\/appareils\/kakigori\/machine-a-kakigori-si-8b\/","title":{"rendered":"R\u0119czna maszyna Kakigori - SI-8B - SWAN"},"content":{"rendered":"<div class=\"ewa-rteLine\">Przygotuj pyszne Kakigori, Bingsu lub Snow Ball za pomoc\u0105 maszyny SI-8B!<\/div>\n<div class=\"ewa-rteLine\"><\/div>\n<div class=\"ewa-rteLine\">Po umieszczeniu bloku lodu na platformie i pojemnika pod spodem, obr\u00f3\u0107 korb\u0119, aby uzyska\u0107 wi\u00f3ry lodowe. Kakigori mo\u017cna podawa\u0107 z r\u00f3\u017cnymi dodatkami: syropem, s\u0142odzonym mlekiem skondensowanym, \u015bwie\u017cymi owocami itp.<\/div>\n<div class=\"ewa-rteLine\"><\/div>\n<div class=\"ewa-rteLine\">To urz\u0105dzenie w stylu retro z pewno\u015bci\u0105 zadowoli zar\u00f3wno mi\u0142o\u015bnik\u00f3w designu, jak i smakoszy!<\/div>","protected":false},"excerpt":{"rendered":"<div>Odkryj maszyn\u0119 kakigori SI-8B od IKENAGA, idealne narz\u0119dzie do tworzenia wyj\u0105tkowych mro\u017conych deser\u00f3w.<\/div>","protected":false},"featured_media":7503,"comment_status":"open","ping_status":"closed","template":"","meta":[],"product_brand":[274],"product_cat":[190,262],"product_tag":[],"product-origin":[],"class_list":{"0":"post-7504","1":"product","2":"type-product","3":"status-publish","4":"has-post-thumbnail","6":"product_brand-ikenaga","7":"product_cat-appareils","8":"product_cat-kakigori","10":"first","11":"instock","12":"taxable","13":"shipping-taxable","14":"purchasable","15":"product-type-simple"},"_links":{"self":[{"href":"https:\/\/kozumi.eu\/pl\/wp-json\/wp\/v2\/product\/7504","targetHints":{"allow":["GET"]}}],"collection":[{"href":"https:\/\/kozumi.eu\/pl\/wp-json\/wp\/v2\/product"}],"about":[{"href":"https:\/\/kozumi.eu\/pl\/wp-json\/wp\/v2\/types\/product"}],"replies":[{"embeddable":true,"href":"https:\/\/kozumi.eu\/pl\/wp-json\/wp\/v2\/comments?post=7504"}],"version-history":[{"count":0,"href":"https:\/\/kozumi.eu\/pl\/wp-json\/wp\/v2\/product\/7504\/revisions"}],"wp:featuredmedia":[{"embeddable":true,"href":"https:\/\/kozumi.eu\/pl\/wp-json\/wp\/v2\/media\/7503"}],"wp:attachment":[{"href":"https:\/\/kozumi.eu\/pl\/wp-json\/wp\/v2\/media?parent=7504"}],"wp:term":[{"taxonomy":"product_brand","embeddable":true,"href":"https:\/\/kozumi.eu\/pl\/wp-json\/wp\/v2\/product_brand?post=7504"},{"taxonomy":"product_cat","embeddable":true,"href":"https:\/\/kozumi.eu\/pl\/wp-json\/wp\/v2\/product_cat?post=7504"},{"taxonomy":"product_tag","embeddable":true,"href":"https:\/\/kozumi.eu\/pl\/wp-json\/wp\/v2\/product_tag?post=7504"},{"taxonomy":"product-origin","embeddable":true,"href":"https:\/\/kozumi.eu\/pl\/wp-json\/wp\/v2\/product-origin?post=7504"}],"curies":[{"name":"wp","href":"https:\/\/api.w.org\/{rel}","templated":true}]}}