{"id":7524,"date":"2025-09-18T09:56:01","date_gmt":"2025-09-18T07:56:01","guid":{"rendered":"http:\/\/idotqcy.cluster100.hosting.ovh.net\/produit\/takoyaki-plate-16-holes-for-electric-cooker-ikenaga\/"},"modified":"2026-04-11T04:49:08","modified_gmt":"2026-04-11T02:49:08","slug":"plaque-a-takoyaki","status":"publish","type":"product","link":"https:\/\/kozumi.eu\/pl\/ustensiles\/planches-a-decouper\/plaque-a-takoyaki\/","title":{"rendered":"P\u0142yta takoyaki z 16 otworami do kuchenek elektrycznych - IKENAGA"},"content":{"rendered":"<p>P\u0142yta Takoyaki 16 otwor\u00f3w do kuchenek elektrycznych - Ikenaga<\/p>","protected":false},"excerpt":{"rendered":"<p>P\u0142yta Takoyaki 16 otwor\u00f3w do kuchenek elektrycznych - Ikenaga<\/p>","protected":false},"featured_media":7523,"comment_status":"open","ping_status":"closed","template":"","meta":[],"product_brand":[274],"product_cat":[214],"product_tag":[],"product-origin":[],"class_list":{"0":"post-7524","1":"product","2":"type-product","3":"status-publish","4":"has-post-thumbnail","6":"product_brand-ikenaga","7":"product_cat-planches-a-decouper","9":"first","10":"outofstock","11":"taxable","12":"shipping-taxable","13":"purchasable","14":"product-type-simple"},"_links":{"self":[{"href":"https:\/\/kozumi.eu\/pl\/wp-json\/wp\/v2\/product\/7524","targetHints":{"allow":["GET"]}}],"collection":[{"href":"https:\/\/kozumi.eu\/pl\/wp-json\/wp\/v2\/product"}],"about":[{"href":"https:\/\/kozumi.eu\/pl\/wp-json\/wp\/v2\/types\/product"}],"replies":[{"embeddable":true,"href":"https:\/\/kozumi.eu\/pl\/wp-json\/wp\/v2\/comments?post=7524"}],"version-history":[{"count":0,"href":"https:\/\/kozumi.eu\/pl\/wp-json\/wp\/v2\/product\/7524\/revisions"}],"wp:featuredmedia":[{"embeddable":true,"href":"https:\/\/kozumi.eu\/pl\/wp-json\/wp\/v2\/media\/7523"}],"wp:attachment":[{"href":"https:\/\/kozumi.eu\/pl\/wp-json\/wp\/v2\/media?parent=7524"}],"wp:term":[{"taxonomy":"product_brand","embeddable":true,"href":"https:\/\/kozumi.eu\/pl\/wp-json\/wp\/v2\/product_brand?post=7524"},{"taxonomy":"product_cat","embeddable":true,"href":"https:\/\/kozumi.eu\/pl\/wp-json\/wp\/v2\/product_cat?post=7524"},{"taxonomy":"product_tag","embeddable":true,"href":"https:\/\/kozumi.eu\/pl\/wp-json\/wp\/v2\/product_tag?post=7524"},{"taxonomy":"product-origin","embeddable":true,"href":"https:\/\/kozumi.eu\/pl\/wp-json\/wp\/v2\/product-origin?post=7524"}],"curies":[{"name":"wp","href":"https:\/\/api.w.org\/{rel}","templated":true}]}}