{"id":7526,"date":"2025-09-18T09:56:02","date_gmt":"2025-09-18T07:56:02","guid":{"rendered":"http:\/\/idotqcy.cluster100.hosting.ovh.net\/produit\/universal-knife-shun-classic-kai\/"},"modified":"2026-04-30T08:44:43","modified_gmt":"2026-04-30T06:44:43","slug":"universal-knife-shun-classic-kai","status":"publish","type":"product","link":"https:\/\/kozumi.eu\/pl\/couteaux\/universal-knife-shun-classic-kai\/","title":{"rendered":"N\u00d3\u017b UNIWERSALNY (ostrze 10 cm) - SHUN CLASSIC - KAI"},"content":{"rendered":"<p>N\u00f3\u017c uniwersalny z ostrzem 10 cm<\/p>","protected":false},"excerpt":{"rendered":"<p>N\u00f3\u017c uniwersalny z ostrzem 10 cm<\/p>","protected":false},"featured_media":9041,"comment_status":"open","ping_status":"closed","template":"","meta":[],"product_brand":[276],"product_cat":[187],"product_tag":[],"product-origin":[],"class_list":{"0":"post-7526","1":"product","2":"type-product","3":"status-publish","4":"has-post-thumbnail","6":"product_brand-kai","7":"product_cat-couteaux","9":"first","10":"instock","11":"taxable","12":"shipping-taxable","13":"purchasable","14":"product-type-simple"},"_links":{"self":[{"href":"https:\/\/kozumi.eu\/pl\/wp-json\/wp\/v2\/product\/7526","targetHints":{"allow":["GET"]}}],"collection":[{"href":"https:\/\/kozumi.eu\/pl\/wp-json\/wp\/v2\/product"}],"about":[{"href":"https:\/\/kozumi.eu\/pl\/wp-json\/wp\/v2\/types\/product"}],"replies":[{"embeddable":true,"href":"https:\/\/kozumi.eu\/pl\/wp-json\/wp\/v2\/comments?post=7526"}],"version-history":[{"count":0,"href":"https:\/\/kozumi.eu\/pl\/wp-json\/wp\/v2\/product\/7526\/revisions"}],"wp:featuredmedia":[{"embeddable":true,"href":"https:\/\/kozumi.eu\/pl\/wp-json\/wp\/v2\/media\/9041"}],"wp:attachment":[{"href":"https:\/\/kozumi.eu\/pl\/wp-json\/wp\/v2\/media?parent=7526"}],"wp:term":[{"taxonomy":"product_brand","embeddable":true,"href":"https:\/\/kozumi.eu\/pl\/wp-json\/wp\/v2\/product_brand?post=7526"},{"taxonomy":"product_cat","embeddable":true,"href":"https:\/\/kozumi.eu\/pl\/wp-json\/wp\/v2\/product_cat?post=7526"},{"taxonomy":"product_tag","embeddable":true,"href":"https:\/\/kozumi.eu\/pl\/wp-json\/wp\/v2\/product_tag?post=7526"},{"taxonomy":"product-origin","embeddable":true,"href":"https:\/\/kozumi.eu\/pl\/wp-json\/wp\/v2\/product-origin?post=7526"}],"curies":[{"name":"wp","href":"https:\/\/api.w.org\/{rel}","templated":true}]}}