{"id":8048,"date":"2025-09-23T19:28:00","date_gmt":"2025-09-23T17:28:00","guid":{"rendered":"https:\/\/idotqcy.cluster100.hosting.ovh.net\/?post_type=product&#038;p=8048"},"modified":"2025-10-22T16:44:44","modified_gmt":"2025-10-22T14:44:44","slug":"carte-cadeau","status":"publish","type":"product","link":"https:\/\/kozumi.eu\/pl\/gift-card\/carte-cadeau\/","title":{"rendered":"Karta podarunkowa"},"content":{"rendered":"<p>Faites plaisir \u00e0 vos proches en leur laissant le choix !<br \/>\nAvec la carte cadeau Kozumi, ils pourront d\u00e9couvrir une s\u00e9lection unique d\u2019ustensiles, d\u2019accessoires et de produits d\u00e9di\u00e9s \u00e0 la gastronomie japonaise.<\/p>\n<p>Comment \u00e7a marche ? Choisissez le montant de la carte.<br \/>\nRemplissez le formulaire avec les informations de son destinataire. Il pourra ensuite utiliser sa carte sur notre site pour commander librement ce qui lui pla\u00eet.<\/p>\n<p>Valable un an \u00e0 partir de sa date d\u2019envoi, l\u2019E-Carte Cadeau Kozumi peut \u00eatre utilis\u00e9e seulement sur notre www.kozumi.eu<\/p>","protected":false},"excerpt":{"rendered":"<p>Karta podarunkowa <strong data-start=\"626\" data-end=\"636\">Kozumi<\/strong> \u2013 l\u2019\u00e9l\u00e9gance et la performance des ustensiles japonais haut de gamme, \u00e0 offrir aux passionn\u00e9s de cuisine.<\/p>","protected":false},"featured_media":0,"comment_status":"open","ping_status":"closed","template":"","meta":[],"product_brand":[],"product_cat":[266],"product_tag":[],"product-origin":[],"class_list":{"0":"post-8048","1":"product","2":"type-product","3":"status-publish","5":"product_cat-gift-card","7":"first","8":"instock","9":"taxable","10":"shipping-taxable","11":"purchasable","12":"product-type-variable"},"_links":{"self":[{"href":"https:\/\/kozumi.eu\/pl\/wp-json\/wp\/v2\/product\/8048","targetHints":{"allow":["GET"]}}],"collection":[{"href":"https:\/\/kozumi.eu\/pl\/wp-json\/wp\/v2\/product"}],"about":[{"href":"https:\/\/kozumi.eu\/pl\/wp-json\/wp\/v2\/types\/product"}],"replies":[{"embeddable":true,"href":"https:\/\/kozumi.eu\/pl\/wp-json\/wp\/v2\/comments?post=8048"}],"version-history":[{"count":0,"href":"https:\/\/kozumi.eu\/pl\/wp-json\/wp\/v2\/product\/8048\/revisions"}],"wp:attachment":[{"href":"https:\/\/kozumi.eu\/pl\/wp-json\/wp\/v2\/media?parent=8048"}],"wp:term":[{"taxonomy":"product_brand","embeddable":true,"href":"https:\/\/kozumi.eu\/pl\/wp-json\/wp\/v2\/product_brand?post=8048"},{"taxonomy":"product_cat","embeddable":true,"href":"https:\/\/kozumi.eu\/pl\/wp-json\/wp\/v2\/product_cat?post=8048"},{"taxonomy":"product_tag","embeddable":true,"href":"https:\/\/kozumi.eu\/pl\/wp-json\/wp\/v2\/product_tag?post=8048"},{"taxonomy":"product-origin","embeddable":true,"href":"https:\/\/kozumi.eu\/pl\/wp-json\/wp\/v2\/product-origin?post=8048"}],"curies":[{"name":"wp","href":"https:\/\/api.w.org\/{rel}","templated":true}]}}