{"id":8592,"date":"2025-10-07T12:10:11","date_gmt":"2025-10-07T10:10:11","guid":{"rendered":"https:\/\/kozumi.eu\/non%20class\u00e9\/pare50ah91-cuve-panasonic-3-6l-tank-for-rice-cooker\/"},"modified":"2026-04-11T06:34:30","modified_gmt":"2026-04-11T04:34:30","slug":"pare50ah91-cuve-panasonic-3-6l-tank-for-rice-cooker","status":"publish","type":"product","link":"https:\/\/kozumi.eu\/pl\/ustensiles\/pare50ah91-cuve-panasonic-3-6l-tank-for-rice-cooker\/","title":{"rendered":"Panasonic 3,6 L - Zbiornik do urz\u0105dzenia do gotowania ry\u017cu"},"content":{"rendered":"<p>Oryginalna misa Panasonic o pojemno\u015bci 3,6 l, idealna do zast\u0105pienia lub uzupe\u0142nienia profesjonalnego urz\u0105dzenia do gotowania ry\u017cu. Zaprojektowana z my\u015bl\u0105 o r\u00f3wnomiernym gotowaniu i optymalnej trwa\u0142o\u015bci.<\/p>","protected":false},"excerpt":{"rendered":"<p>Oryginalna misa do gotowania ry\u017cu firmy Panasonic o pojemno\u015bci 3,6 l - solidna i niezawodna za ka\u017cdym razem.<\/p>","protected":false},"featured_media":8591,"comment_status":"open","ping_status":"closed","template":"","meta":[],"product_brand":[280],"product_cat":[191],"product_tag":[],"product-origin":[130],"class_list":{"0":"post-8592","1":"product","2":"type-product","3":"status-publish","4":"has-post-thumbnail","6":"product_brand-panasonic","7":"product_cat-ustensiles","8":"product-origin-japon","10":"first","11":"instock","12":"taxable","13":"shipping-taxable","14":"purchasable","15":"product-type-simple"},"_links":{"self":[{"href":"https:\/\/kozumi.eu\/pl\/wp-json\/wp\/v2\/product\/8592","targetHints":{"allow":["GET"]}}],"collection":[{"href":"https:\/\/kozumi.eu\/pl\/wp-json\/wp\/v2\/product"}],"about":[{"href":"https:\/\/kozumi.eu\/pl\/wp-json\/wp\/v2\/types\/product"}],"replies":[{"embeddable":true,"href":"https:\/\/kozumi.eu\/pl\/wp-json\/wp\/v2\/comments?post=8592"}],"version-history":[{"count":0,"href":"https:\/\/kozumi.eu\/pl\/wp-json\/wp\/v2\/product\/8592\/revisions"}],"wp:featuredmedia":[{"embeddable":true,"href":"https:\/\/kozumi.eu\/pl\/wp-json\/wp\/v2\/media\/8591"}],"wp:attachment":[{"href":"https:\/\/kozumi.eu\/pl\/wp-json\/wp\/v2\/media?parent=8592"}],"wp:term":[{"taxonomy":"product_brand","embeddable":true,"href":"https:\/\/kozumi.eu\/pl\/wp-json\/wp\/v2\/product_brand?post=8592"},{"taxonomy":"product_cat","embeddable":true,"href":"https:\/\/kozumi.eu\/pl\/wp-json\/wp\/v2\/product_cat?post=8592"},{"taxonomy":"product_tag","embeddable":true,"href":"https:\/\/kozumi.eu\/pl\/wp-json\/wp\/v2\/product_tag?post=8592"},{"taxonomy":"product-origin","embeddable":true,"href":"https:\/\/kozumi.eu\/pl\/wp-json\/wp\/v2\/product-origin?post=8592"}],"curies":[{"name":"wp","href":"https:\/\/api.w.org\/{rel}","templated":true}]}}