{"id":8915,"date":"2025-11-27T09:50:14","date_gmt":"2025-11-27T08:50:14","guid":{"rendered":"https:\/\/kozumi.eu\/non%20class\u00e9\/black-professional-cutting-board-with-wooden-powder-15mm-parker-2\/"},"modified":"2026-04-30T08:58:12","modified_gmt":"2026-04-30T06:58:12","slug":"black-professional-cutting-board-with-wooden-powder-15mm-parker-2","status":"publish","type":"product","link":"https:\/\/kozumi.eu\/pl\/ustensiles\/planches-a-decouper\/black-professional-cutting-board-with-wooden-powder-15mm-parker-2\/","title":{"rendered":"Deska do krojenia - PARKER ASAHI - 15 mm"},"content":{"rendered":"<p>Czarna deska Parker Asahi 15 mm to idealne po\u0142\u0105czenie solidno\u015bci i finezji: jej materia\u0142 z syntetycznej gumy jest wystarczaj\u0105co elastyczny, aby chroni\u0107 kraw\u0119d\u017a tn\u0105c\u0105 no\u017cy, a jednocze\u015bnie wystarczaj\u0105co g\u0119sty, aby pozosta\u0107 stabilnym na blacie. \u0141atwa w czyszczeniu dzi\u0119ki niskiej absorpcji wody, jest odporna na plamy i bakterie.<\/p>","protected":false},"excerpt":{"rendered":"<p>Czarna deska do krojenia Parker Asahi 15 mm ma elastyczn\u0105, ale stabiln\u0105 powierzchni\u0119, kt\u00f3ra jest \u0142atwa do czyszczenia i utrzymuje no\u017ce idealnie ostre.<\/p>","protected":false},"featured_media":8914,"comment_status":"open","ping_status":"closed","template":"","meta":[],"product_brand":[281],"product_cat":[189,214,191],"product_tag":[],"product-origin":[130],"class_list":{"0":"post-8915","1":"product","2":"type-product","3":"status-publish","4":"has-post-thumbnail","6":"product_brand-parker-asahi","7":"product_cat-cadeaux","8":"product_cat-planches-a-decouper","9":"product_cat-ustensiles","10":"product-origin-japon","12":"first","13":"instock","14":"taxable","15":"shipping-taxable","16":"purchasable","17":"product-type-simple"},"_links":{"self":[{"href":"https:\/\/kozumi.eu\/pl\/wp-json\/wp\/v2\/product\/8915","targetHints":{"allow":["GET"]}}],"collection":[{"href":"https:\/\/kozumi.eu\/pl\/wp-json\/wp\/v2\/product"}],"about":[{"href":"https:\/\/kozumi.eu\/pl\/wp-json\/wp\/v2\/types\/product"}],"replies":[{"embeddable":true,"href":"https:\/\/kozumi.eu\/pl\/wp-json\/wp\/v2\/comments?post=8915"}],"version-history":[{"count":0,"href":"https:\/\/kozumi.eu\/pl\/wp-json\/wp\/v2\/product\/8915\/revisions"}],"wp:featuredmedia":[{"embeddable":true,"href":"https:\/\/kozumi.eu\/pl\/wp-json\/wp\/v2\/media\/8914"}],"wp:attachment":[{"href":"https:\/\/kozumi.eu\/pl\/wp-json\/wp\/v2\/media?parent=8915"}],"wp:term":[{"taxonomy":"product_brand","embeddable":true,"href":"https:\/\/kozumi.eu\/pl\/wp-json\/wp\/v2\/product_brand?post=8915"},{"taxonomy":"product_cat","embeddable":true,"href":"https:\/\/kozumi.eu\/pl\/wp-json\/wp\/v2\/product_cat?post=8915"},{"taxonomy":"product_tag","embeddable":true,"href":"https:\/\/kozumi.eu\/pl\/wp-json\/wp\/v2\/product_tag?post=8915"},{"taxonomy":"product-origin","embeddable":true,"href":"https:\/\/kozumi.eu\/pl\/wp-json\/wp\/v2\/product-origin?post=8915"}],"curies":[{"name":"wp","href":"https:\/\/api.w.org\/{rel}","templated":true}]}}