{"id":8922,"date":"2025-11-27T10:45:15","date_gmt":"2025-11-27T09:45:15","guid":{"rendered":"https:\/\/kozumi.eu\/non%20class\u00e9\/rubber-black-cutting-board-square-home-parker-2\/"},"modified":"2026-04-30T08:35:52","modified_gmt":"2026-04-30T06:35:52","slug":"rubber-black-cutting-board-square-home-parker-2","status":"publish","type":"product","link":"https:\/\/kozumi.eu\/pl\/ustensiles\/planches-a-decouper\/rubber-black-cutting-board-square-home-parker-2\/","title":{"rendered":"Kwadratowa deska do krojenia - PARKER ASAHI"},"content":{"rendered":"<p>Kompaktowa i niezwykle praktyczna, czarna deska Parker Asahi 250\u00d7250 mm oferuje powierzchni\u0119 do krojenia, kt\u00f3ra jest zar\u00f3wno elastyczna, jak i odporna, idealna do ochrony no\u017cy. Techniczny sk\u0142ad gumy oznacza, \u017ce pozostaje ona doskonale stabilna podczas u\u017cytkowania, nawet na wilgotnych powierzchniach. Jest \u0142atwa w czyszczeniu i nie wch\u0142ania zbyt du\u017co wody, dzi\u0119ki czemu pozostaje czysta i higieniczna ka\u017cdego dnia. Kwadratowy format sprawia, \u017ce jest to wszechstronne narz\u0119dzie, idealne do szybkich przygotowa\u0144 lub ma\u0142ych obszar\u00f3w roboczych.<\/p>","protected":false},"excerpt":{"rendered":"<p>Kwadratowa deska do krojenia Parker Asahi u\u0142atwia krojenie. Jest \u0142atwa w czyszczeniu i zapewnia ostro\u015b\u0107 no\u017cy.<\/p>","protected":false},"featured_media":8921,"comment_status":"open","ping_status":"closed","template":"","meta":[],"product_brand":[281],"product_cat":[189,214,191],"product_tag":[],"product-origin":[130],"class_list":{"0":"post-8922","1":"product","2":"type-product","3":"status-publish","4":"has-post-thumbnail","6":"product_brand-parker-asahi","7":"product_cat-cadeaux","8":"product_cat-planches-a-decouper","9":"product_cat-ustensiles","10":"product-origin-japon","12":"first","13":"instock","14":"taxable","15":"shipping-taxable","16":"purchasable","17":"product-type-simple"},"_links":{"self":[{"href":"https:\/\/kozumi.eu\/pl\/wp-json\/wp\/v2\/product\/8922","targetHints":{"allow":["GET"]}}],"collection":[{"href":"https:\/\/kozumi.eu\/pl\/wp-json\/wp\/v2\/product"}],"about":[{"href":"https:\/\/kozumi.eu\/pl\/wp-json\/wp\/v2\/types\/product"}],"replies":[{"embeddable":true,"href":"https:\/\/kozumi.eu\/pl\/wp-json\/wp\/v2\/comments?post=8922"}],"version-history":[{"count":0,"href":"https:\/\/kozumi.eu\/pl\/wp-json\/wp\/v2\/product\/8922\/revisions"}],"wp:featuredmedia":[{"embeddable":true,"href":"https:\/\/kozumi.eu\/pl\/wp-json\/wp\/v2\/media\/8921"}],"wp:attachment":[{"href":"https:\/\/kozumi.eu\/pl\/wp-json\/wp\/v2\/media?parent=8922"}],"wp:term":[{"taxonomy":"product_brand","embeddable":true,"href":"https:\/\/kozumi.eu\/pl\/wp-json\/wp\/v2\/product_brand?post=8922"},{"taxonomy":"product_cat","embeddable":true,"href":"https:\/\/kozumi.eu\/pl\/wp-json\/wp\/v2\/product_cat?post=8922"},{"taxonomy":"product_tag","embeddable":true,"href":"https:\/\/kozumi.eu\/pl\/wp-json\/wp\/v2\/product_tag?post=8922"},{"taxonomy":"product-origin","embeddable":true,"href":"https:\/\/kozumi.eu\/pl\/wp-json\/wp\/v2\/product-origin?post=8922"}],"curies":[{"name":"wp","href":"https:\/\/api.w.org\/{rel}","templated":true}]}}