{"id":9016,"date":"2025-12-23T15:35:11","date_gmt":"2025-12-23T14:35:11","guid":{"rendered":"https:\/\/kozumi.eu\/non%20class\u00e9\/nakiri-lame-165-cm-wasabi-black-kai-copie\/"},"modified":"2026-04-11T05:45:16","modified_gmt":"2026-04-11T03:45:16","slug":"nakiri-lame-165-cm-wasabi-black-kai-copie","status":"publish","type":"product","link":"https:\/\/kozumi.eu\/pl\/couteaux\/nakiri-lame-165-cm-wasabi-black-kai-copie\/","title":{"rendered":"NAKIRI (ostrze 16,5 cm) - WASABI BLACK - KAI"},"content":{"rendered":"<p>Wodoodporna i antybakteryjna r\u0119koje\u015b\u0107 z \u017cywicy - Nakiri (ostrze 16,5 cm)<\/p>","protected":false},"excerpt":{"rendered":"<p>Wodoodporna i antybakteryjna r\u0119koje\u015b\u0107 z \u017cywicy - Nakiri (ostrze 16,5 cm)<\/p>","protected":false},"featured_media":9037,"comment_status":"open","ping_status":"closed","template":"","meta":[],"product_brand":[],"product_cat":[187],"product_tag":[],"product-origin":[],"class_list":{"0":"post-9016","1":"product","2":"type-product","3":"status-publish","4":"has-post-thumbnail","6":"product_cat-couteaux","8":"first","9":"instock","10":"taxable","11":"shipping-taxable","12":"purchasable","13":"product-type-simple"},"_links":{"self":[{"href":"https:\/\/kozumi.eu\/pl\/wp-json\/wp\/v2\/product\/9016","targetHints":{"allow":["GET"]}}],"collection":[{"href":"https:\/\/kozumi.eu\/pl\/wp-json\/wp\/v2\/product"}],"about":[{"href":"https:\/\/kozumi.eu\/pl\/wp-json\/wp\/v2\/types\/product"}],"replies":[{"embeddable":true,"href":"https:\/\/kozumi.eu\/pl\/wp-json\/wp\/v2\/comments?post=9016"}],"version-history":[{"count":0,"href":"https:\/\/kozumi.eu\/pl\/wp-json\/wp\/v2\/product\/9016\/revisions"}],"wp:featuredmedia":[{"embeddable":true,"href":"https:\/\/kozumi.eu\/pl\/wp-json\/wp\/v2\/media\/9037"}],"wp:attachment":[{"href":"https:\/\/kozumi.eu\/pl\/wp-json\/wp\/v2\/media?parent=9016"}],"wp:term":[{"taxonomy":"product_brand","embeddable":true,"href":"https:\/\/kozumi.eu\/pl\/wp-json\/wp\/v2\/product_brand?post=9016"},{"taxonomy":"product_cat","embeddable":true,"href":"https:\/\/kozumi.eu\/pl\/wp-json\/wp\/v2\/product_cat?post=9016"},{"taxonomy":"product_tag","embeddable":true,"href":"https:\/\/kozumi.eu\/pl\/wp-json\/wp\/v2\/product_tag?post=9016"},{"taxonomy":"product-origin","embeddable":true,"href":"https:\/\/kozumi.eu\/pl\/wp-json\/wp\/v2\/product-origin?post=9016"}],"curies":[{"name":"wp","href":"https:\/\/api.w.org\/{rel}","templated":true}]}}