{"id":9191,"date":"2026-01-15T11:46:21","date_gmt":"2026-01-15T10:46:21","guid":{"rendered":"https:\/\/kozumi.eu\/non%20class\u00e9\/asa190-maki-maker-manuel-autec\/"},"modified":"2026-04-19T06:54:30","modified_gmt":"2026-04-19T04:54:30","slug":"asa190-maki-maker-manuel-autec","status":"publish","type":"product","link":"https:\/\/kozumi.eu\/pl\/appareils\/asa190-maki-maker-manuel-autec\/","title":{"rendered":"R\u0119czna maszyna Maki - AUTEC"},"content":{"rendered":"<p>AUTEC ASA190 to profesjonalna r\u0119czna maszyna do maki zaprojektowana do szybkiego i sp\u00f3jnego wytwarzania idealnie ukszta\u0142towanych rolek. Bezpr\u0105dowa i \u0142atwa w czyszczeniu, jest idealna dla restauracji, firm cateringowych, podr\u00f3\u017cuj\u0105cych szef\u00f3w kuchni lub wymagaj\u0105cych entuzjast\u00f3w.<\/p>","protected":false},"excerpt":{"rendered":"<p>R\u0119czna maszyna do maki AUTEC ASA190: kompaktowa, \u0142atwa w u\u017cyciu i idealna do regularnego robienia maki z pr\u0119dko\u015bci\u0105 do 120 na godzin\u0119.<\/p>","protected":false},"featured_media":9207,"comment_status":"open","ping_status":"closed","template":"","meta":[],"product_brand":[],"product_cat":[190],"product_tag":[],"product-origin":[],"class_list":{"0":"post-9191","1":"product","2":"type-product","3":"status-publish","4":"has-post-thumbnail","6":"product_cat-appareils","8":"first","9":"instock","10":"taxable","11":"shipping-taxable","12":"purchasable","13":"product-type-simple"},"_links":{"self":[{"href":"https:\/\/kozumi.eu\/pl\/wp-json\/wp\/v2\/product\/9191","targetHints":{"allow":["GET"]}}],"collection":[{"href":"https:\/\/kozumi.eu\/pl\/wp-json\/wp\/v2\/product"}],"about":[{"href":"https:\/\/kozumi.eu\/pl\/wp-json\/wp\/v2\/types\/product"}],"replies":[{"embeddable":true,"href":"https:\/\/kozumi.eu\/pl\/wp-json\/wp\/v2\/comments?post=9191"}],"version-history":[{"count":0,"href":"https:\/\/kozumi.eu\/pl\/wp-json\/wp\/v2\/product\/9191\/revisions"}],"wp:featuredmedia":[{"embeddable":true,"href":"https:\/\/kozumi.eu\/pl\/wp-json\/wp\/v2\/media\/9207"}],"wp:attachment":[{"href":"https:\/\/kozumi.eu\/pl\/wp-json\/wp\/v2\/media?parent=9191"}],"wp:term":[{"taxonomy":"product_brand","embeddable":true,"href":"https:\/\/kozumi.eu\/pl\/wp-json\/wp\/v2\/product_brand?post=9191"},{"taxonomy":"product_cat","embeddable":true,"href":"https:\/\/kozumi.eu\/pl\/wp-json\/wp\/v2\/product_cat?post=9191"},{"taxonomy":"product_tag","embeddable":true,"href":"https:\/\/kozumi.eu\/pl\/wp-json\/wp\/v2\/product_tag?post=9191"},{"taxonomy":"product-origin","embeddable":true,"href":"https:\/\/kozumi.eu\/pl\/wp-json\/wp\/v2\/product-origin?post=9191"}],"curies":[{"name":"wp","href":"https:\/\/api.w.org\/{rel}","templated":true}]}}