{"id":9193,"date":"2026-01-15T11:47:44","date_gmt":"2026-01-15T10:47:44","guid":{"rendered":"https:\/\/kozumi.eu\/non%20class\u00e9\/roller-plus-maki-maker-manual-by-sushi-robots\/"},"modified":"2026-04-19T07:30:19","modified_gmt":"2026-04-19T05:30:19","slug":"roller-plus-maki-maker-manual","status":"publish","type":"product","link":"https:\/\/kozumi.eu\/pl\/appareils\/roller-plus-maki-maker-manual\/","title":{"rendered":"ROLLER PLUS - r\u0119czny ekspres do maki"},"content":{"rendered":"<div class=\"ewa-rteLine\">ROLLER PLUS to r\u0119czna maszyna zaprojektowana w celu u\u0142atwienia produkcji idealnie r\u00f3wnych maki.<\/div>\n<div class=\"ewa-rteLine\"><\/div>\n<div class=\"ewa-rteLine\">Gwarantuje szybko\u015b\u0107, precyzj\u0119 i sp\u00f3jno\u015b\u0107, zachowuj\u0105c przy tym rzemie\u015blniczy charakter. Niezawodne, wydajne narz\u0119dzie, idealne dla wymagaj\u0105cych szef\u00f3w kuchni sushi, restauracji i entuzjast\u00f3w.<\/div>","protected":false},"excerpt":{"rendered":"<p>R\u0119czna maszyna ROLLER PLUS do robienia r\u00f3wnych, precyzyjnych maki. Idealna dla wymagaj\u0105cych kucharzy sushi i profesjonalist\u00f3w.<\/p>","protected":false},"featured_media":9205,"comment_status":"open","ping_status":"closed","template":"","meta":[],"product_brand":[],"product_cat":[190],"product_tag":[],"product-origin":[],"class_list":{"0":"post-9193","1":"product","2":"type-product","3":"status-publish","4":"has-post-thumbnail","6":"product_cat-appareils","8":"first","9":"instock","10":"taxable","11":"shipping-taxable","12":"purchasable","13":"product-type-simple"},"_links":{"self":[{"href":"https:\/\/kozumi.eu\/pl\/wp-json\/wp\/v2\/product\/9193","targetHints":{"allow":["GET"]}}],"collection":[{"href":"https:\/\/kozumi.eu\/pl\/wp-json\/wp\/v2\/product"}],"about":[{"href":"https:\/\/kozumi.eu\/pl\/wp-json\/wp\/v2\/types\/product"}],"replies":[{"embeddable":true,"href":"https:\/\/kozumi.eu\/pl\/wp-json\/wp\/v2\/comments?post=9193"}],"version-history":[{"count":0,"href":"https:\/\/kozumi.eu\/pl\/wp-json\/wp\/v2\/product\/9193\/revisions"}],"wp:featuredmedia":[{"embeddable":true,"href":"https:\/\/kozumi.eu\/pl\/wp-json\/wp\/v2\/media\/9205"}],"wp:attachment":[{"href":"https:\/\/kozumi.eu\/pl\/wp-json\/wp\/v2\/media?parent=9193"}],"wp:term":[{"taxonomy":"product_brand","embeddable":true,"href":"https:\/\/kozumi.eu\/pl\/wp-json\/wp\/v2\/product_brand?post=9193"},{"taxonomy":"product_cat","embeddable":true,"href":"https:\/\/kozumi.eu\/pl\/wp-json\/wp\/v2\/product_cat?post=9193"},{"taxonomy":"product_tag","embeddable":true,"href":"https:\/\/kozumi.eu\/pl\/wp-json\/wp\/v2\/product_tag?post=9193"},{"taxonomy":"product-origin","embeddable":true,"href":"https:\/\/kozumi.eu\/pl\/wp-json\/wp\/v2\/product-origin?post=9193"}],"curies":[{"name":"wp","href":"https:\/\/api.w.org\/{rel}","templated":true}]}}