{"id":9195,"date":"2026-01-15T11:47:51","date_gmt":"2026-01-15T10:47:51","guid":{"rendered":"https:\/\/kozumi.eu\/non%20class\u00e9\/sdm1057-maki-cutter-manuel-orion\/"},"modified":"2026-04-19T06:55:11","modified_gmt":"2026-04-19T04:55:11","slug":"sdm1057-maki-cutter-manuel-orion","status":"publish","type":"product","link":"https:\/\/kozumi.eu\/pl\/appareils\/sdm1057-maki-cutter-manuel-orion\/","title":{"rendered":"R\u0119czna przecinarka Maki - ORION"},"content":{"rendered":"<div class=\"ewa-rteLine\">\n<div class=\"ewa-rteLine\">R\u0119czny n\u00f3\u017c do Maki ORION to idealne narz\u0119dzie dla profesjonalist\u00f3w, kt\u00f3rzy chc\u0105 po\u0142\u0105czy\u0107 szybko\u015b\u0107 i precyzj\u0119 podczas przygotowywania Maki.<\/div>\n<div class=\"ewa-rteLine\"><\/div>\n<div class=\"ewa-rteLine\">Dzi\u0119ki ergonomicznej konstrukcji i prostej obs\u0142udze r\u0119cznej krajalnica ORION gwarantuje czyste, r\u00f3wne ci\u0119cie, jednocze\u015bnie maksymalizuj\u0105c wydajno\u015b\u0107 w japo\u0144skiej kuchni. Idealna dla profesjonalnych szef\u00f3w kuchni lub zak\u0142ad\u00f3w specjalizuj\u0105cych si\u0119 w sushi i maki.<\/div>\n<\/div>","protected":false},"excerpt":{"rendered":"<p>R\u0119czna krajalnica do maki ORION: niezawodna i wytrzyma\u0142a, do 600 maki\/h, pojemno\u015b\u0107 3 rolek, idealna dla profesjonalnych japo\u0144skich kucharzy.<\/p>","protected":false},"featured_media":9206,"comment_status":"open","ping_status":"closed","template":"","meta":[],"product_brand":[],"product_cat":[190,268],"product_tag":[],"product-origin":[],"class_list":{"0":"post-9195","1":"product","2":"type-product","3":"status-publish","4":"has-post-thumbnail","6":"product_cat-appareils","7":"product_cat-pour-les-professionnels","9":"first","10":"instock","11":"taxable","12":"shipping-taxable","13":"purchasable","14":"product-type-variable"},"_links":{"self":[{"href":"https:\/\/kozumi.eu\/pl\/wp-json\/wp\/v2\/product\/9195","targetHints":{"allow":["GET"]}}],"collection":[{"href":"https:\/\/kozumi.eu\/pl\/wp-json\/wp\/v2\/product"}],"about":[{"href":"https:\/\/kozumi.eu\/pl\/wp-json\/wp\/v2\/types\/product"}],"replies":[{"embeddable":true,"href":"https:\/\/kozumi.eu\/pl\/wp-json\/wp\/v2\/comments?post=9195"}],"version-history":[{"count":0,"href":"https:\/\/kozumi.eu\/pl\/wp-json\/wp\/v2\/product\/9195\/revisions"}],"wp:featuredmedia":[{"embeddable":true,"href":"https:\/\/kozumi.eu\/pl\/wp-json\/wp\/v2\/media\/9206"}],"wp:attachment":[{"href":"https:\/\/kozumi.eu\/pl\/wp-json\/wp\/v2\/media?parent=9195"}],"wp:term":[{"taxonomy":"product_brand","embeddable":true,"href":"https:\/\/kozumi.eu\/pl\/wp-json\/wp\/v2\/product_brand?post=9195"},{"taxonomy":"product_cat","embeddable":true,"href":"https:\/\/kozumi.eu\/pl\/wp-json\/wp\/v2\/product_cat?post=9195"},{"taxonomy":"product_tag","embeddable":true,"href":"https:\/\/kozumi.eu\/pl\/wp-json\/wp\/v2\/product_tag?post=9195"},{"taxonomy":"product-origin","embeddable":true,"href":"https:\/\/kozumi.eu\/pl\/wp-json\/wp\/v2\/product-origin?post=9195"}],"curies":[{"name":"wp","href":"https:\/\/api.w.org\/{rel}","templated":true}]}}