{"id":4760,"date":"2025-04-01T13:00:32","date_gmt":"2025-04-01T11:00:32","guid":{"rendered":"http:\/\/idotqcy.cluster100.hosting.ovh.net\/?page_id=4760"},"modified":"2025-10-27T12:18:58","modified_gmt":"2025-10-27T11:18:58","slug":"mentions-legales","status":"publish","type":"page","link":"https:\/\/kozumi.eu\/pt\/mentions-legales\/","title":{"rendered":"Informa\u00e7\u00e3o jur\u00eddica"},"content":{"rendered":"<style>.elementor-4760 .elementor-element.elementor-element-30d4d2e{--display:flex;--min-height:45vh;--flex-direction:row;--container-widget-width:calc( ( 1 - var( --container-widget-flex-grow ) ) * 100% );--container-widget-height:100%;--container-widget-flex-grow:1;--container-widget-align-self:stretch;--flex-wrap-mobile:wrap;--justify-content:center;--align-items:center;--gap:20px 20px;--row-gap:20px;--column-gap:20px;--flex-wrap:wrap;--align-content:center;--overlay-opacity:0.69;--margin-top:0px;--margin-bottom:0px;--margin-left:0px;--margin-right:0px;--padding-top:0%;--padding-bottom:0%;--padding-left:8%;--padding-right:8%;}.elementor-4760 .elementor-element.elementor-element-30d4d2e:not(.elementor-motion-effects-element-type-background), .elementor-4760 .elementor-element.elementor-element-30d4d2e > .elementor-motion-effects-container > .elementor-motion-effects-layer{background-color:#F3F5F8;background-image:url(\"https:\/\/kozumi.eu\/wp-content\/uploads\/2025\/08\/img-temoignages-1.webp\");background-position:center center;background-repeat:no-repeat;background-size:cover;}.elementor-4760 .elementor-element.elementor-element-30d4d2e::before, .elementor-4760 .elementor-element.elementor-element-30d4d2e > .elementor-background-video-container::before, .elementor-4760 .elementor-element.elementor-element-30d4d2e > .e-con-inner > .elementor-background-video-container::before, .elementor-4760 .elementor-element.elementor-element-30d4d2e > .elementor-background-slideshow::before, .elementor-4760 .elementor-element.elementor-element-30d4d2e > .e-con-inner > .elementor-background-slideshow::before, .elementor-4760 .elementor-element.elementor-element-30d4d2e > .elementor-motion-effects-container > .elementor-motion-effects-layer::before{--background-overlay:'';background-color:#331705BF;}.elementor-4760 .elementor-element.elementor-element-30d4d2e > .elementor-shape-bottom svg, .elementor-4760 .elementor-element.elementor-element-30d4d2e > .e-con-inner > .elementor-shape-bottom svg{width:calc(192% + 1.3px);height:83px;}.elementor-4760 .elementor-element.elementor-element-30d4d2e.e-con{--flex-grow:0;--flex-shrink:0;}.elementor-4760 .elementor-element.elementor-element-f2ef583{text-align:center;width:var( --container-widget-width, 60% );max-width:60%;--container-widget-width:60%;--container-widget-flex-grow:0;}.elementor-4760 .elementor-element.elementor-element-f2ef583 .elementor-heading-title{font-size:3.5em;font-weight:600;text-transform:none;font-style:normal;text-decoration:none;line-height:1em;letter-spacing:0px;color:#FFFFFF;}.elementor-4760 .elementor-element.elementor-element-f2ef583 > .elementor-widget-container{padding:0% 0% 0% 0%;}.elementor-4760 .elementor-element.elementor-element-2e53127{--display:flex;--padding-top:3%;--padding-bottom:8%;--padding-left:0%;--padding-right:0%;}.elementor-4760 .elementor-element.elementor-element-cd87e2e > .elementor-widget-container{margin:0px 0px 0px 0px;padding:0px 0px 0px 0px;}:root{--page-title-display:none;}@media(max-width:1366px){.elementor-4760 .elementor-element.elementor-element-f2ef583 .elementor-heading-title{font-size:4em;}.elementor-4760 .elementor-element.elementor-element-2e53127{--padding-top:8%;--padding-bottom:8%;--padding-left:5%;--padding-right:5%;}}@media(max-width:1024px){.elementor-4760 .elementor-element.elementor-element-30d4d2e{--min-height:30vh;--padding-top:0%;--padding-bottom:0%;--padding-left:5%;--padding-right:5%;}.elementor-4760 .elementor-element.elementor-element-f2ef583 .elementor-heading-title{font-size:3em;}}@media(max-width:768px){.elementor-4760 .elementor-element.elementor-element-30d4d2e{--min-height:185px;--gap:10px 10px;--row-gap:10px;--column-gap:10px;--margin-top:0px;--margin-bottom:0px;--margin-left:0px;--margin-right:0px;--padding-top:5%;--padding-bottom:5%;--padding-left:5%;--padding-right:5%;}.elementor-4760 .elementor-element.elementor-element-30d4d2e:not(.elementor-motion-effects-element-type-background), .elementor-4760 .elementor-element.elementor-element-30d4d2e > .elementor-motion-effects-container > .elementor-motion-effects-layer{background-position:center center;}.elementor-4760 .elementor-element.elementor-element-f2ef583 .elementor-heading-title{font-size:2.3em;line-height:1em;}.elementor-4760 .elementor-element.elementor-element-f2ef583{width:100%;max-width:100%;}.elementor-4760 .elementor-element.elementor-element-cd87e2e{text-align:start;}}<\/style>\t\t<div data-elementor-type=\"wp-page\" data-elementor-id=\"4760\" class=\"elementor elementor-4760\" data-elementor-post-type=\"page\">\n\t\t\t\t<div class=\"elementor-element elementor-element-30d4d2e e-con-full e-flex e-con e-parent\" data-id=\"30d4d2e\" data-element_type=\"container\" data-e-type=\"container\" data-settings=\"{&quot;background_background&quot;:&quot;classic&quot;,&quot;shape_divider_bottom&quot;:&quot;curve&quot;,&quot;shape_divider_bottom_negative&quot;:&quot;yes&quot;}\">\n\t\t\t\t<div class=\"elementor-shape elementor-shape-bottom\" aria-hidden=\"true\" data-negative=\"true\">\n\t\t\t<svg xmlns=\"http:\/\/www.w3.org\/2000\/svg\" viewbox=\"0 0 1000 100\" preserveaspectratio=\"none\">\n\t<path class=\"elementor-shape-fill\" d=\"M500,97C126.7,96.3,0.8,19.8,0,0v100l1000,0V1C1000,19.4,873.3,97.8,500,97z\"\/>\n<\/svg>\t\t<\/div>\n\t\t\t\t<\/div>\n\t\t<div class=\"elementor-element elementor-element-2e53127 e-flex e-con-boxed e-con e-parent\" data-id=\"2e53127\" data-element_type=\"container\" data-e-type=\"container\">\n\t\t\t\t\t<div class=\"e-con-inner\">\n\t\t\t\t<div class=\"elementor-element elementor-element-cd87e2e elementor-widget elementor-widget-text-editor\" data-id=\"cd87e2e\" data-element_type=\"widget\" data-e-type=\"widget\" data-widget_type=\"text-editor.default\">\n\t\t\t\t<div class=\"elementor-widget-container\">\n\t\t\t\t\t\t\t\t\t<section class=\"s_title pt40 o_colored_level pb0\" data-vcss=\"001\" data-snippet=\"s_title\" data-name=\"Titre\"><div class=\"s_allow_columns container\"><h2><b><strong>1. Editor do s\u00edtio Web www.kozumi.eu<\/strong><\/b><\/h2><\/div><\/section><section class=\"s_text_block o_colored_level pb0 pt0\" data-snippet=\"s_text_block\" data-name=\"Texte\"><div class=\"s_allow_columns container\"><ul><li>Nome do prestador de servi\u00e7os : <a href=\"https:\/\/www.malt.fr\/profile\/franckarnaudkoty\" target=\"_blank\" rel=\"noopener\"><strong data-start=\"153\" data-end=\"168\">Franck KOTY<\/strong><\/a><\/li><li>Endere\u00e7o: <strong data-start=\"181\" data-end=\"222\" data-is-only-node=\"\">21 rue Lavoisier, 17440 Aytr\u00e9, FRAN\u00c7A<\/strong><\/li><li>E-mail de contacto : <strong data-start=\"244\" data-end=\"272\"><a class=\"decorated-link cursor-pointer\" rel=\"noopener\" data-start=\"246\" data-end=\"270\">franckpro@franckkoty.com<\/a><\/strong><\/li><li>Diretor da publica\u00e7\u00e3o : <a href=\"https:\/\/www.malt.fr\/profile\/franckarnaudkoty\" target=\"_blank\" rel=\"noopener\"><strong data-start=\"305\" data-end=\"320\">Franck KOTY<\/strong><\/a><\/li><li>A pessoa respons\u00e1vel pela publica\u00e7\u00e3o \u00e9 <strong data-start=\"364\" data-end=\"385\">pessoa singular<\/strong>.<\/li><li>WhatsApp : <strong data-start=\"447\" data-end=\"466\">+33 970 440 635<\/strong><\/li><li>Encontro com Franck : <a class=\"decorated-link\" href=\"http:\/\/www.cal.com\/franckpro\/appel-strategique\" target=\"_new\" rel=\"noopener\" data-start=\"502\" data-end=\"591\">www.cal.com\/franckpro\/appel-strategique<\/a><\/li><\/ul><\/div><\/section><section class=\"s_title pt40 o_colored_level pb0\" data-vcss=\"001\" data-snippet=\"s_title\" data-name=\"Titre\"><div class=\"s_allow_columns container\"><h2><b><strong>2. Anfitri\u00e3o do s\u00edtio<\/strong><\/b><\/h2><\/div><\/section><section class=\"s_text_block o_colored_level pb0 pt0\" data-snippet=\"s_text_block\" data-name=\"Texte\"><div class=\"s_allow_columns container\"><p>O s\u00edtio est\u00e1 alojado em :<\/p><ul><li><strong>Nome do anfitri\u00e3o<\/strong>\u00a0: Odoo S.A.<\/li><li><strong>Endere\u00e7o<\/strong>\u00a0Chauss\u00e9e de Namur, 40 1367 Grand-Rosi\u00e8re B\u00c9LGICA<\/li><li><strong>Contacto<\/strong>\u00a0:\u00a0<a href=\"mailto:privacy@odoo.com\" target=\"_blank\" rel=\"noopener\">privacy@odoo.com<\/a>\u00a0<\/li><\/ul><\/div><\/section><section class=\"s_title pt40 o_colored_level pb0\" data-vcss=\"001\" data-snippet=\"s_title\" data-name=\"Titre\"><div class=\"s_allow_columns container\"><h2><b><strong>3. Propriedade intelectual<\/strong><\/b><\/h2><\/div><\/section><section class=\"s_text_block o_colored_level pb0 pt0\" data-snippet=\"s_text_block\" data-name=\"Texte\"><div class=\"s_allow_columns container\"><p>Todo o conte\u00fado do s\u00edtio\u00a0<a><strong>www.kozumi.eu<\/strong><\/a>incluindo, mas n\u00e3o se limitando a, gr\u00e1ficos, imagens, textos, v\u00eddeos, anima\u00e7\u00f5es, sons, log\u00f3tipos, gifs e \u00edcones, bem como a sua formata\u00e7\u00e3o, s\u00e3o propriedade exclusiva de\u00a0<strong>Kozumi<\/strong>Todo o conte\u00fado deste s\u00edtio Web \u00e9 propriedade dos seus propriet\u00e1rios, com exce\u00e7\u00e3o das marcas, log\u00f3tipos ou conte\u00fados pertencentes a outros parceiros ou autores.<\/p><p>Qualquer reprodu\u00e7\u00e3o, distribui\u00e7\u00e3o, modifica\u00e7\u00e3o, adapta\u00e7\u00e3o, retransmiss\u00e3o ou publica\u00e7\u00e3o, mesmo parcial, destes diferentes elementos \u00e9 estritamente proibida sem o consentimento escrito de\u00a0<strong>Kozumi<\/strong>.<\/p><\/div><\/section><section class=\"s_title pt40 o_colored_level pb0\" data-vcss=\"001\" data-snippet=\"s_title\" data-name=\"Titre\"><div class=\"s_allow_columns container\"><h2><b><strong>4. Dados pessoais<\/strong><\/b><\/h2><\/div><\/section><section class=\"s_text_block o_colored_level pb0 pt0\" data-snippet=\"s_text_block\" data-name=\"Texte\"><div class=\"s_allow_columns container\"><p>Nos termos do Regulamento Geral sobre a Prote\u00e7\u00e3o de Dados (RGPD) e da Lei n.\u00ba 78-17, de 6 de janeiro de 1978, relativa ao tratamento de dados, ficheiros de dados e liberdades individuais, tem o direito de aceder, retificar, apagar e opor-se aos seus dados pessoais.<\/p><p>Para exercer este direito, contacte-nos para o seguinte endere\u00e7o:\u00a0<strong>info@sushi-robots.eu<\/strong><\/p><\/div><\/section><section class=\"s_title pt40 o_colored_level pb0\" data-vcss=\"001\" data-snippet=\"s_title\" data-name=\"Titre\"><div class=\"s_allow_columns container\"><h2><b><strong>5. Responsabilidade civil<\/strong><\/b><\/h2><\/div><\/section><section class=\"s_text_block o_colored_level pb0 pt0\" data-snippet=\"s_text_block\" data-name=\"Texte\"><div class=\"s_allow_columns container\"><p><strong>Kozumi<\/strong>\u00a0n\u00e3o pode ser responsabilizada por quaisquer erros ou omiss\u00f5es no s\u00edtio.\u00a0<a><strong>www.kozumi.eu<\/strong><\/a>N\u00e3o nos responsabilizamos por qualquer perda, dano, perda de dados, problemas t\u00e9cnicos encontrados no s\u00edtio ou em quaisquer outros s\u00edtios para os quais estabelecemos liga\u00e7\u00f5es, ou por qualquer interpreta\u00e7\u00e3o das informa\u00e7\u00f5es publicadas nesses s\u00edtios, bem como pelas consequ\u00eancias da sua utiliza\u00e7\u00e3o.<\/p><\/div><\/section><section class=\"s_text_block o_colored_level pb0 pt0\" data-snippet=\"s_text_block\" data-name=\"Texte\"><div class=\"s_allow_columns container\"><p>Para os Dados Pessoais recolhidos no \u00e2mbito da cria\u00e7\u00e3o da conta pessoal do Utilizador e da navega\u00e7\u00e3o no S\u00edtio, o respons\u00e1vel pelo tratamento dos Dados Pessoais \u00e9 :\u00a0<strong>KOZUMI<\/strong>\u00a0<a href=\"https:\/\/kozumi.eu\/pt\/\">https:\/\/www.kozumi.eu<\/a>\u00a0\u00e9 representada por TOUCHAIS ALICE, seu representante legal.<\/p><p>Como respons\u00e1vel pelo tratamento dos dados que recolhe,\u00a0<a href=\"https:\/\/kozumi.eu\/pt\/\">https:\/\/www.kozumi.eu<\/a>\u00a0compromete-se a respeitar as disposi\u00e7\u00f5es legais em vigor. Em particular, \u00e9 da responsabilidade do Cliente estabelecer as finalidades do seu tratamento de dados, fornecer aos seus potenciais clientes e clientes, ap\u00f3s a obten\u00e7\u00e3o do seu consentimento, informa\u00e7\u00f5es completas sobre o tratamento dos seus dados pessoais e manter um registo exato desse tratamento. Sempre que\u00a0<a href=\"https:\/\/kozumi.eu\/pt\/\">https:\/\/www.kozumi.eu<\/a>\u00a0processa dados pessoais,\u00a0<a href=\"https:\/\/kozumi.eu\/pt\/\">https:\/\/www.kozumi.eu<\/a>\u00a0toma todas as medidas razo\u00e1veis para garantir que os Dados Pessoais s\u00e3o exactos e relevantes para os fins para os quais ser\u00e3o utilizados.\u00a0<a href=\"https:\/\/kozumi.eu\/pt\/\">https:\/\/www.kozumi.eu<\/a>\u00a0trata-os.<\/p><h3>5.1 Objetivo dos dados recolhidos<\/h3><p><a href=\"https:\/\/kozumi.eu\/pt\/\">https:\/\/www.kozumi.eu<\/a>\u00a0pode tratar a totalidade ou parte dos dados:<\/p><ul><li>para permitir a navega\u00e7\u00e3o no S\u00edtio e a gest\u00e3o e rastreabilidade dos servi\u00e7os encomendados pelo utilizador: dados de liga\u00e7\u00e3o e de utiliza\u00e7\u00e3o do S\u00edtio, fatura\u00e7\u00e3o, hist\u00f3rico de encomendas, etc.<\/li><li>para prevenir e combater a fraude inform\u00e1tica (spamming, hacking, etc.): equipamento inform\u00e1tico utilizado para a navega\u00e7\u00e3o, endere\u00e7o IP, palavra-passe (hash), etc.<\/li><li>para melhorar a navega\u00e7\u00e3o no S\u00edtio: dados de liga\u00e7\u00e3o e de utiliza\u00e7\u00e3o<\/li><li>realizar inqu\u00e9ritos de satisfa\u00e7\u00e3o volunt\u00e1rios sobre\u00a0<a href=\"https:\/\/kozumi.eu\/pt\/\">https:\/\/www.kozumi.eu<\/a>\u00a0endere\u00e7o eletr\u00f3nico<\/li><li>para efetuar campanhas de comunica\u00e7\u00e3o (sms, correio eletr\u00f3nico): n\u00famero de telefone, endere\u00e7o eletr\u00f3nico<\/li><\/ul><p><a href=\"https:\/\/kozumi.eu\/pt\/\">https:\/\/www.kozumi.eu<\/a>\u00a0n\u00e3o vende os seus dados pessoais, que s\u00e3o apenas utilizados para fins estat\u00edsticos e de an\u00e1lise.<\/p><h3>5.2 Direito de acesso, retifica\u00e7\u00e3o e oposi\u00e7\u00e3o<\/h3><p>De acordo com a regulamenta\u00e7\u00e3o europeia em vigor, os utilizadores de\u00a0<a href=\"https:\/\/kozumi.eu\/pt\/\">https:\/\/www.kozumi.eu<\/a>\u00a0t\u00eam os seguintes direitos:<\/p><ul><li>direito de acesso (artigo 15.\u00ba do Regulamento Geral sobre a Prote\u00e7\u00e3o de Dados), retifica\u00e7\u00e3o (artigo 16.\u00ba do Regulamento Geral sobre a Prote\u00e7\u00e3o de Dados), atualiza\u00e7\u00e3o e integridade dos dados dos Utilizadores direito de bloquear ou apagar os dados pessoais dos Utilizadores (artigo 17.\u00ba do Regulamento Geral sobre a Prote\u00e7\u00e3o de Dados), quando esses dados forem inexactos, incompletos, amb\u00edguos, desactualizados ou cuja recolha, utiliza\u00e7\u00e3o, comunica\u00e7\u00e3o ou conserva\u00e7\u00e3o seja proibida<\/li><li>o direito de retirar o consentimento em qualquer altura (artigo 13-2c RGPD)<\/li><li>o direito de limitar o tratamento dos dados dos Utilizadores (artigo 18.\u00ba do RGPD)<\/li><li>o direito de se opor ao tratamento dos dados dos Utilizadores (artigo 21.\u00ba do RGPD)<\/li><li>o direito \u00e0 portabilidade dos dados fornecidos pelos Utilizadores, quando esses dados s\u00e3o objeto de tratamento automatizado com base no seu consentimento ou num contrato (artigo 20.\u00ba do RGPD)<\/li><li>o direito de determinar o que acontece aos dados dos Utilizadores ap\u00f3s a sua morte e de escolher a quem esses dados devem ser divulgados.\u00a0<a href=\"http:\/\/www.sushi-robots.eu\/\" target=\"_blank\" rel=\"noopener\">https:\/\/www.kozumi.eu<\/a>\u00a0deve transmitir (ou n\u00e3o) os seus dados a um terceiro por si previamente designado<\/li><\/ul><p>Logo que\u00a0<a href=\"https:\/\/kozumi.eu\/pt\/\">https:\/\/www.kozumi.eu<\/a>\u00a0tiver conhecimento da morte de um Utilizador e na aus\u00eancia de instru\u00e7\u00f5es do Utilizador,\u00a0<a href=\"https:\/\/kozumi.eu\/pt\/\">https:\/\/www.kozumi.eu<\/a>\u00a0compromete-se a destruir os seus dados, exceto se for necess\u00e1rio conserv\u00e1-los para efeitos de prova ou para cumprir uma obriga\u00e7\u00e3o legal.<\/p><p>Se o Utilizador desejar saber como\u00a0<a href=\"https:\/\/kozumi.eu\/pt\/\">https:\/\/www.kozumi.eu<\/a>\u00a0utilizar os seus dados pessoais, pedir a sua retifica\u00e7\u00e3o ou opor-se ao seu tratamento, o Utilizador pode contactar\u00a0<a href=\"https:\/\/kozumi.eu\/pt\/\">https:\/\/www.kozumi.eu<\/a>\u00a0por escrito, para o seguinte endere\u00e7o SUSHI ROBOTS - DPO, DUPUIS SANDY<\/p><p>21 Rue Lavoisier 17440 AYTR\u00c9.<\/p><p>Neste caso, o Utilizador deve indicar os Dados Pessoais que pretende que sejam apagados.\u00a0<a href=\"https:\/\/kozumi.eu\/pt\/\">https:\/\/www.kozumi.eu<\/a>\u00a0corrige, actualiza ou suprime, identificando-se precisamente com uma c\u00f3pia de um documento de identidade (bilhete de identidade ou passaporte).<\/p><p>Os pedidos de elimina\u00e7\u00e3o de dados pessoais est\u00e3o sujeitos \u00e0s obriga\u00e7\u00f5es impostas a\u00a0<a href=\"http:\/\/www.sushi-robots.eu\/\" target=\"_blank\" rel=\"noopener\">https:\/\/www.kozumi.eu<\/a>\u00a0por lei, nomeadamente no que respeita \u00e0 conserva\u00e7\u00e3o ou ao arquivo de documentos. Por \u00faltimo, os utilizadores de\u00a0<a href=\"https:\/\/kozumi.eu\/pt\/\">https:\/\/www.kozumi.eu<\/a>\u00a0pode apresentar uma queixa junto das autoridades de controlo, nomeadamente a CNIL (https:\/\/www.cnil.fr\/fr\/plaintes).<\/p><h3>5.3 N\u00e3o divulga\u00e7\u00e3o de dados pessoais<\/h3><p><a href=\"https:\/\/kozumi.eu\/pt\/\">https:\/\/www.kozumi.eu<\/a>\u00a0n\u00e3o processar\u00e1, alojar\u00e1 ou transferir\u00e1 as Informa\u00e7\u00f5es recolhidas sobre os seus Clientes para um pa\u00eds fora da Uni\u00e3o Europeia ou reconhecido como \"n\u00e3o adequado\" pela Comiss\u00e3o Europeia sem informar previamente o Cliente. No entanto,\u00a0<a href=\"https:\/\/kozumi.eu\/pt\/\">https:\/\/www.kozumi.eu<\/a>\u00a0continua a poder escolher livremente os seus subcontratantes t\u00e9cnicos e comerciais, desde que estes ofere\u00e7am garantias suficientes no que diz respeito aos requisitos do Regulamento Geral sobre a Prote\u00e7\u00e3o de Dados (RGPD: n.\u00ba 2016-679).<\/p><p><a href=\"https:\/\/kozumi.eu\/pt\/\">https:\/\/www.kozumi.eu<\/a>\u00a0compromete-se a tomar todas as precau\u00e7\u00f5es necess\u00e1rias para proteger a seguran\u00e7a das informa\u00e7\u00f5es e, nomeadamente, para garantir que estas n\u00e3o sejam comunicadas a pessoas n\u00e3o autorizadas. No entanto, se um incidente que afecte a integridade ou a confidencialidade das informa\u00e7\u00f5es do cliente for levado ao conhecimento de\u00a0<a href=\"https:\/\/kozumi.eu\/pt\/\">https:\/\/www.kozumi.eu<\/a>O cliente ser\u00e1 informado o mais rapidamente poss\u00edvel das medidas corretivas tomadas. Para al\u00e9m disso\u00a0<a href=\"https:\/\/kozumi.eu\/pt\/\">https:\/\/www.kozumi.eu<\/a>\u00a0n\u00e3o recolhe quaisquer \"dados sens\u00edveis\".<\/p><p>Os dados pessoais do utilizador podem ser tratados por filiais de\u00a0<a href=\"https:\/\/kozumi.eu\/pt\/\">https:\/\/www.kozumi.eu<\/a>\u00a0e subcontratantes (prestadores de servi\u00e7os), exclusivamente para atingir os objectivos da presente pol\u00edtica.<\/p><p><strong>Dentro dos limites das respectivas responsabilidades e para os fins acima referidos, as principais pessoas suscept\u00edveis de ter acesso aos dados dos Utilizadores de\u00a0<a href=\"https:\/\/kozumi.eu\/pt\/\">https:\/\/www.kozumi.eu<\/a>\u00a0s\u00e3o principalmente os nossos agentes de servi\u00e7o ao cliente.<\/strong><\/p><\/div><\/section><section class=\"s_title pt40 o_colored_level pb0\" data-vcss=\"001\" data-snippet=\"s_title\" data-name=\"Titre\"><div class=\"s_allow_columns container\"><h2><b><strong>6. Lit\u00edgios<\/strong><\/b><\/h2><\/div><\/section><section class=\"s_text_block o_colored_level pb0 pt0\" data-snippet=\"s_text_block\" data-name=\"Texte\"><div class=\"s_allow_columns container\"><p>O presente aviso legal \u00e9 regido pelo direito franc\u00eas. Em caso de lit\u00edgio, e na aus\u00eancia de resolu\u00e7\u00e3o amig\u00e1vel, os tribunais franceses s\u00e3o os \u00fanicos competentes.<\/p><\/div><\/section><section class=\"s_title pt40 o_colored_level pb0\" data-vcss=\"001\" data-snippet=\"s_title\" data-name=\"Titre\"><div class=\"s_allow_columns container\"><h2><b><strong>7. Contacto<\/strong><\/b><\/h2><\/div><\/section><section class=\"s_text_block o_colored_level pb0 pt0\" data-snippet=\"s_text_block\" data-name=\"Texte\"><div class=\"s_allow_columns container\"><p>Para quaisquer quest\u00f5es ou pedidos de informa\u00e7\u00e3o sobre o s\u00edtio\u00a0<a><strong>www.kozumi.eu<\/strong><\/a>Pode contactar-nos atrav\u00e9s do seguinte endere\u00e7o:\u00a0<strong>info@sushi-robots.eu - +33 5 16 07 39 09<\/strong><\/p><\/div><\/section>\t\t\t\t\t\t\t\t<\/div>\n\t\t\t\t<\/div>\n\t\t\t\t\t<\/div>\n\t\t\t\t<\/div>\n\t\t\t\t<\/div>","protected":false},"excerpt":{"rendered":"<p>1.\u00a0\u00c9diteur du site\u00a0\u00a0www.kozumi.eu Nom du prestataire : Franck KOTY Adresse : 21 rue Lavoisier, 17440 Aytr\u00e9, FRANCE Email de contact : franckpro@franckkoty.com Directeur de la publication : Franck KOTY Le responsable de la publication est une personne physique. WhatsApp : +33 970 440 635 RDV avec Franck : www.cal.com\/franckpro\/appel-strategique 2. H\u00e9bergeur du site Le site [&hellip;]<\/p>\n","protected":false},"author":19,"featured_media":0,"parent":0,"menu_order":0,"comment_status":"closed","ping_status":"closed","template":"","meta":{"footnotes":""},"class_list":["post-4760","page","type-page","status-publish","hentry"],"_links":{"self":[{"href":"https:\/\/kozumi.eu\/pt\/wp-json\/wp\/v2\/pages\/4760","targetHints":{"allow":["GET"]}}],"collection":[{"href":"https:\/\/kozumi.eu\/pt\/wp-json\/wp\/v2\/pages"}],"about":[{"href":"https:\/\/kozumi.eu\/pt\/wp-json\/wp\/v2\/types\/page"}],"author":[{"embeddable":true,"href":"https:\/\/kozumi.eu\/pt\/wp-json\/wp\/v2\/users\/19"}],"replies":[{"embeddable":true,"href":"https:\/\/kozumi.eu\/pt\/wp-json\/wp\/v2\/comments?post=4760"}],"version-history":[{"count":0,"href":"https:\/\/kozumi.eu\/pt\/wp-json\/wp\/v2\/pages\/4760\/revisions"}],"wp:attachment":[{"href":"https:\/\/kozumi.eu\/pt\/wp-json\/wp\/v2\/media?parent=4760"}],"curies":[{"name":"wp","href":"https:\/\/api.w.org\/{rel}","templated":true}]}}