{"id":7339,"date":"2025-09-18T09:53:33","date_gmt":"2025-09-18T07:53:33","guid":{"rendered":"http:\/\/idotqcy.cluster100.hosting.ovh.net\/produit\/bc-0751-pinces-a-aretes-acier-inoxydable-kai\/"},"modified":"2026-04-30T09:44:04","modified_gmt":"2026-04-30T07:44:04","slug":"bc-0751-pinces-a-aretes-acier-inoxydable-kai","status":"publish","type":"product","link":"https:\/\/kozumi.eu\/pt\/ustensiles\/bc-0751-pinces-a-aretes-acier-inoxydable-kai\/","title":{"rendered":"BC-0751 Cortador de arestas, a\u00e7o inoxid\u00e1vel - KAI"},"content":{"rendered":"<p>Alicate de pontas, A\u00e7o inoxid\u00e1vel - KAI<\/p>","protected":false},"excerpt":{"rendered":"<p>Alicate de pontas, A\u00e7o inoxid\u00e1vel - KAI<\/p>","protected":false},"featured_media":7338,"comment_status":"open","ping_status":"closed","template":"","meta":[],"product_brand":[],"product_cat":[191],"product_tag":[],"product-origin":[],"class_list":{"0":"post-7339","1":"product","2":"type-product","3":"status-publish","4":"has-post-thumbnail","6":"product_cat-ustensiles","8":"first","9":"outofstock","10":"taxable","11":"shipping-taxable","12":"purchasable","13":"product-type-simple"},"_links":{"self":[{"href":"https:\/\/kozumi.eu\/pt\/wp-json\/wp\/v2\/product\/7339","targetHints":{"allow":["GET"]}}],"collection":[{"href":"https:\/\/kozumi.eu\/pt\/wp-json\/wp\/v2\/product"}],"about":[{"href":"https:\/\/kozumi.eu\/pt\/wp-json\/wp\/v2\/types\/product"}],"replies":[{"embeddable":true,"href":"https:\/\/kozumi.eu\/pt\/wp-json\/wp\/v2\/comments?post=7339"}],"version-history":[{"count":0,"href":"https:\/\/kozumi.eu\/pt\/wp-json\/wp\/v2\/product\/7339\/revisions"}],"wp:featuredmedia":[{"embeddable":true,"href":"https:\/\/kozumi.eu\/pt\/wp-json\/wp\/v2\/media\/7338"}],"wp:attachment":[{"href":"https:\/\/kozumi.eu\/pt\/wp-json\/wp\/v2\/media?parent=7339"}],"wp:term":[{"taxonomy":"product_brand","embeddable":true,"href":"https:\/\/kozumi.eu\/pt\/wp-json\/wp\/v2\/product_brand?post=7339"},{"taxonomy":"product_cat","embeddable":true,"href":"https:\/\/kozumi.eu\/pt\/wp-json\/wp\/v2\/product_cat?post=7339"},{"taxonomy":"product_tag","embeddable":true,"href":"https:\/\/kozumi.eu\/pt\/wp-json\/wp\/v2\/product_tag?post=7339"},{"taxonomy":"product-origin","embeddable":true,"href":"https:\/\/kozumi.eu\/pt\/wp-json\/wp\/v2\/product-origin?post=7339"}],"curies":[{"name":"wp","href":"https:\/\/api.w.org\/{rel}","templated":true}]}}