{"id":7357,"date":"2025-09-18T09:54:01","date_gmt":"2025-09-18T07:54:01","guid":{"rendered":"http:\/\/idotqcy.cluster100.hosting.ovh.net\/produit\/dm001-lucky-cat-maekake-anything-co-ltd\/"},"modified":"2026-04-11T04:49:06","modified_gmt":"2026-04-11T02:49:06","slug":"tablier-japonais-lucky-cat","status":"publish","type":"product","link":"https:\/\/kozumi.eu\/pt\/cadeaux\/tablier-japonais-lucky-cat\/","title":{"rendered":"Avental japon\u00eas Maekake - Lucky Cat"},"content":{"rendered":"<p data-start=\"313\" data-end=\"480\"><strong data-start=\"313\" data-end=\"376\">Quer trabalhar com um avental tradicional japon\u00eas?<\/strong><br data-start=\"376\" data-end=\"379\" \/>Descobrir o <strong data-start=\"395\" data-end=\"426\">maekake 100 % fabricado no Jap\u00e3o<\/strong>, Estes aventais s\u00e3o emblem\u00e1ticos do artesanato japon\u00eas.<\/p>\n<p data-start=\"485\" data-end=\"677\">Fabricado numa oficina que existe desde <strong data-start=\"527\" data-end=\"546\">quase 200 anos<\/strong>, Estes aventais s\u00e3o feitos de <strong data-start=\"592\" data-end=\"616\">m\u00e1quinas centen\u00e1rias<\/strong>, Estas s\u00e3o garantias de qualidade e autenticidade incompar\u00e1veis.<\/p>\n<p data-start=\"682\" data-end=\"925\">Cada baralho tem <strong data-start=\"708\" data-end=\"733\">dois bolsos pr\u00e1ticos<\/strong>. Som <strong data-start=\"739\" data-end=\"777\">tecido de algod\u00e3o grosso 100 % natural<\/strong> garante conforto e durabilidade. Gra\u00e7as \u00e0 <strong data-start=\"819\" data-end=\"856\">fita para atar \u00e0 volta das ancas<\/strong>, o peso \u00e9 melhor distribu\u00eddo e o <strong data-start=\"891\" data-end=\"924\">as costas s\u00e3o naturalmente aliviadas<\/strong>.<\/p>\n<p data-start=\"930\" data-end=\"1048\"><strong data-start=\"930\" data-end=\"1004\">Um avental japon\u00eas aut\u00eantico que ir\u00e1 certamente causar furor<\/strong> aos seus clientes e amigos.<\/p>","protected":false},"excerpt":{"rendered":"<p><strong data-start=\"136\" data-end=\"184\">Avental japon\u00eas maekake 100 % fabricado no Jap\u00e3o<\/strong>, fabricado numa oficina tradicional que existe h\u00e1 quase 200 anos.<br data-start=\"256\" data-end=\"259\" \/>Visitar <strong data-start=\"264\" data-end=\"290\">algod\u00e3o grosso de qualidade<\/strong>, com <strong data-start=\"297\" data-end=\"322\">dois bolsos pr\u00e1ticos<\/strong> e um <strong data-start=\"330\" data-end=\"360\">Correia para a anca<\/strong> para maior conforto e apoio das costas.<br data-start=\"412\" data-end=\"415\" \/>Um avental aut\u00eantico, dur\u00e1vel e elegante, perfeito para uso profissional ou quotidiano.<\/p>","protected":false},"featured_media":7356,"comment_status":"open","ping_status":"closed","template":"","meta":[],"product_brand":[277],"product_cat":[189,188],"product_tag":[],"product-origin":[130],"class_list":{"0":"post-7357","1":"product","2":"type-product","3":"status-publish","4":"has-post-thumbnail","6":"product_brand-anything-co","7":"product_cat-cadeaux","8":"product_cat-textile","9":"product-origin-japon","11":"first","12":"instock","13":"taxable","14":"shipping-taxable","15":"purchasable","16":"product-type-simple"},"_links":{"self":[{"href":"https:\/\/kozumi.eu\/pt\/wp-json\/wp\/v2\/product\/7357","targetHints":{"allow":["GET"]}}],"collection":[{"href":"https:\/\/kozumi.eu\/pt\/wp-json\/wp\/v2\/product"}],"about":[{"href":"https:\/\/kozumi.eu\/pt\/wp-json\/wp\/v2\/types\/product"}],"replies":[{"embeddable":true,"href":"https:\/\/kozumi.eu\/pt\/wp-json\/wp\/v2\/comments?post=7357"}],"version-history":[{"count":0,"href":"https:\/\/kozumi.eu\/pt\/wp-json\/wp\/v2\/product\/7357\/revisions"}],"wp:featuredmedia":[{"embeddable":true,"href":"https:\/\/kozumi.eu\/pt\/wp-json\/wp\/v2\/media\/7356"}],"wp:attachment":[{"href":"https:\/\/kozumi.eu\/pt\/wp-json\/wp\/v2\/media?parent=7357"}],"wp:term":[{"taxonomy":"product_brand","embeddable":true,"href":"https:\/\/kozumi.eu\/pt\/wp-json\/wp\/v2\/product_brand?post=7357"},{"taxonomy":"product_cat","embeddable":true,"href":"https:\/\/kozumi.eu\/pt\/wp-json\/wp\/v2\/product_cat?post=7357"},{"taxonomy":"product_tag","embeddable":true,"href":"https:\/\/kozumi.eu\/pt\/wp-json\/wp\/v2\/product_tag?post=7357"},{"taxonomy":"product-origin","embeddable":true,"href":"https:\/\/kozumi.eu\/pt\/wp-json\/wp\/v2\/product-origin?post=7357"}],"curies":[{"name":"wp","href":"https:\/\/api.w.org\/{rel}","templated":true}]}}