{"id":7371,"date":"2025-09-18T09:54:18","date_gmt":"2025-09-18T07:54:18","guid":{"rendered":"http:\/\/idotqcy.cluster100.hosting.ovh.net\/produit\/fhg-hangiri-sushi-rice-bowl-hasegawa\/"},"modified":"2026-04-11T04:49:25","modified_gmt":"2026-04-11T02:49:25","slug":"bol-hangiri-hasegawa","status":"publish","type":"product","link":"https:\/\/kozumi.eu\/pt\/ustensiles\/bol-hangiri-hasegawa\/","title":{"rendered":"Bol Hangiri - Hasegawa"},"content":{"rendered":"<p>M\u00e9langez votre riz \u00e0 sushi facilement gr\u00e2ce au Bol Hangiri Hasegawa.<br \/>\nLe Bol Hangiri est fabriqu\u00e9 \u00e0 partir de r\u00e9sine afin d\u2019\u00e9viter les risques de fissurations et de moisissures.<br \/>\nIl est facile \u00e0 nettoyer : vous pouvez le passer au lave-vaisselle (nous vous recommandons un cycle basse temp\u00e9rature) et le nettoyer \u00e0 la javel sans crainte.<br \/>\nPour compl\u00e9ter, n\u2019h\u00e9sitez pas \u00e0 prendre \u00e9galement la Spatule Hangiri, id\u00e9ale pour m\u00e9langer et assaisonner votre riz \u00e0 sushi.<\/p>","protected":false},"excerpt":{"rendered":"<p>A ta\u00e7a Hangiri da Hasegawa \u00e9 o utens\u00edlio perfeito para misturar o arroz de sushi. \u00c9 feita de resina, pelo que n\u00e3o h\u00e1 risco de rachas ou bolor como acontece com os pratos de madeira. Pode ser lavada na m\u00e1quina de lavar loi\u00e7a ou com lix\u00edvia.<\/p>","protected":false},"featured_media":7370,"comment_status":"open","ping_status":"closed","template":"","meta":[],"product_brand":[271],"product_cat":[191],"product_tag":[],"product-origin":[],"class_list":{"0":"post-7371","1":"product","2":"type-product","3":"status-publish","4":"has-post-thumbnail","6":"product_brand-hasegawa","7":"product_cat-ustensiles","9":"first","10":"instock","11":"taxable","12":"shipping-taxable","13":"purchasable","14":"product-type-variable"},"_links":{"self":[{"href":"https:\/\/kozumi.eu\/pt\/wp-json\/wp\/v2\/product\/7371","targetHints":{"allow":["GET"]}}],"collection":[{"href":"https:\/\/kozumi.eu\/pt\/wp-json\/wp\/v2\/product"}],"about":[{"href":"https:\/\/kozumi.eu\/pt\/wp-json\/wp\/v2\/types\/product"}],"replies":[{"embeddable":true,"href":"https:\/\/kozumi.eu\/pt\/wp-json\/wp\/v2\/comments?post=7371"}],"version-history":[{"count":0,"href":"https:\/\/kozumi.eu\/pt\/wp-json\/wp\/v2\/product\/7371\/revisions"}],"wp:featuredmedia":[{"embeddable":true,"href":"https:\/\/kozumi.eu\/pt\/wp-json\/wp\/v2\/media\/7370"}],"wp:attachment":[{"href":"https:\/\/kozumi.eu\/pt\/wp-json\/wp\/v2\/media?parent=7371"}],"wp:term":[{"taxonomy":"product_brand","embeddable":true,"href":"https:\/\/kozumi.eu\/pt\/wp-json\/wp\/v2\/product_brand?post=7371"},{"taxonomy":"product_cat","embeddable":true,"href":"https:\/\/kozumi.eu\/pt\/wp-json\/wp\/v2\/product_cat?post=7371"},{"taxonomy":"product_tag","embeddable":true,"href":"https:\/\/kozumi.eu\/pt\/wp-json\/wp\/v2\/product_tag?post=7371"},{"taxonomy":"product-origin","embeddable":true,"href":"https:\/\/kozumi.eu\/pt\/wp-json\/wp\/v2\/product-origin?post=7371"}],"curies":[{"name":"wp","href":"https:\/\/api.w.org\/{rel}","templated":true}]}}