{"id":7429,"date":"2025-09-18T09:54:40","date_gmt":"2025-09-18T07:54:40","guid":{"rendered":"http:\/\/idotqcy.cluster100.hosting.ovh.net\/produit\/fsr-soft-cutting-board-hasegawa\/"},"modified":"2026-04-30T10:48:57","modified_gmt":"2026-04-30T08:48:57","slug":"fsr-soft-cutting-board-hasegawa","status":"publish","type":"product","link":"https:\/\/kozumi.eu\/pt\/ustensiles\/planches-a-decouper\/fsr-soft-cutting-board-hasegawa\/","title":{"rendered":"T\u00e1bua de cortar - Hasegawa"},"content":{"rendered":"<p>La planche \u00e0 d\u00e9couper de chez Hasegawa pr\u00e9sente deux avantages principaux.<\/p>\n<p>Elle est robuste : le noyau en bois emp\u00eache la d\u00e9formation et la flexion \u00e0 cause de l\u2019utilisation \u00e0 long terme. Elle est toujours stable et passe au lave-vaisselle. (Attention, veillez \u00e0 ne pas la passer \u00e0 une temp\u00e9rature trop \u00e9lev\u00e9e)<br \/>\nElle est l\u00e9g\u00e8re puisque le noyau de bois r\u00e9duit le poids de 30% par rapport \u00e0 d\u2019autres planches de d\u00e9coupe en plastique solide.<\/p>","protected":false},"excerpt":{"rendered":"<p>T\u00e1bua de cortar macia Hasegawa FSR: superf\u00edcie macia e higi\u00e9nica que preserva a nitidez das facas japonesas, leve e duradoura, ideal para utiliza\u00e7\u00e3o profissional na cozinha ou para preparar sushi.<\/p>","protected":false},"featured_media":7428,"comment_status":"open","ping_status":"closed","template":"","meta":[],"product_brand":[271],"product_cat":[189,214,191],"product_tag":[],"product-origin":[130],"class_list":{"0":"post-7429","1":"product","2":"type-product","3":"status-publish","4":"has-post-thumbnail","6":"product_brand-hasegawa","7":"product_cat-cadeaux","8":"product_cat-planches-a-decouper","9":"product_cat-ustensiles","10":"product-origin-japon","12":"first","13":"instock","14":"taxable","15":"shipping-taxable","16":"purchasable","17":"product-type-variable"},"_links":{"self":[{"href":"https:\/\/kozumi.eu\/pt\/wp-json\/wp\/v2\/product\/7429","targetHints":{"allow":["GET"]}}],"collection":[{"href":"https:\/\/kozumi.eu\/pt\/wp-json\/wp\/v2\/product"}],"about":[{"href":"https:\/\/kozumi.eu\/pt\/wp-json\/wp\/v2\/types\/product"}],"replies":[{"embeddable":true,"href":"https:\/\/kozumi.eu\/pt\/wp-json\/wp\/v2\/comments?post=7429"}],"version-history":[{"count":0,"href":"https:\/\/kozumi.eu\/pt\/wp-json\/wp\/v2\/product\/7429\/revisions"}],"wp:featuredmedia":[{"embeddable":true,"href":"https:\/\/kozumi.eu\/pt\/wp-json\/wp\/v2\/media\/7428"}],"wp:attachment":[{"href":"https:\/\/kozumi.eu\/pt\/wp-json\/wp\/v2\/media?parent=7429"}],"wp:term":[{"taxonomy":"product_brand","embeddable":true,"href":"https:\/\/kozumi.eu\/pt\/wp-json\/wp\/v2\/product_brand?post=7429"},{"taxonomy":"product_cat","embeddable":true,"href":"https:\/\/kozumi.eu\/pt\/wp-json\/wp\/v2\/product_cat?post=7429"},{"taxonomy":"product_tag","embeddable":true,"href":"https:\/\/kozumi.eu\/pt\/wp-json\/wp\/v2\/product_tag?post=7429"},{"taxonomy":"product-origin","embeddable":true,"href":"https:\/\/kozumi.eu\/pt\/wp-json\/wp\/v2\/product-origin?post=7429"}],"curies":[{"name":"wp","href":"https:\/\/api.w.org\/{rel}","templated":true}]}}