{"id":8915,"date":"2025-11-27T09:50:14","date_gmt":"2025-11-27T08:50:14","guid":{"rendered":"https:\/\/kozumi.eu\/non%20class\u00e9\/black-professional-cutting-board-with-wooden-powder-15mm-parker-2\/"},"modified":"2026-04-30T08:58:12","modified_gmt":"2026-04-30T06:58:12","slug":"black-professional-cutting-board-with-wooden-powder-15mm-parker-2","status":"publish","type":"product","link":"https:\/\/kozumi.eu\/pt\/ustensiles\/planches-a-decouper\/black-professional-cutting-board-with-wooden-powder-15mm-parker-2\/","title":{"rendered":"T\u00e1bua de cortar - PARKER ASAHI - 15mm"},"content":{"rendered":"<p>A t\u00e1bua preta Parker Asahi 15 mm \u00e9 a combina\u00e7\u00e3o perfeita entre robustez e requinte: o seu material de borracha sint\u00e9tica \u00e9 suficientemente el\u00e1stico para proteger o fio de corte das suas facas, mas suficientemente denso para se manter est\u00e1vel na bancada de trabalho. F\u00e1cil de limpar gra\u00e7as \u00e0 sua baixa absor\u00e7\u00e3o de \u00e1gua, resiste a manchas e bact\u00e9rias.<\/p>","protected":false},"excerpt":{"rendered":"<p>A t\u00e1bua de cortar Parker Asahi preta de 15 mm tem uma superf\u00edcie flex\u00edvel e est\u00e1vel que \u00e9 f\u00e1cil de limpar e mant\u00e9m as suas facas perfeitamente afiadas.<\/p>","protected":false},"featured_media":8914,"comment_status":"open","ping_status":"closed","template":"","meta":[],"product_brand":[281],"product_cat":[189,214,191],"product_tag":[],"product-origin":[130],"class_list":{"0":"post-8915","1":"product","2":"type-product","3":"status-publish","4":"has-post-thumbnail","6":"product_brand-parker-asahi","7":"product_cat-cadeaux","8":"product_cat-planches-a-decouper","9":"product_cat-ustensiles","10":"product-origin-japon","12":"first","13":"instock","14":"taxable","15":"shipping-taxable","16":"purchasable","17":"product-type-simple"},"_links":{"self":[{"href":"https:\/\/kozumi.eu\/pt\/wp-json\/wp\/v2\/product\/8915","targetHints":{"allow":["GET"]}}],"collection":[{"href":"https:\/\/kozumi.eu\/pt\/wp-json\/wp\/v2\/product"}],"about":[{"href":"https:\/\/kozumi.eu\/pt\/wp-json\/wp\/v2\/types\/product"}],"replies":[{"embeddable":true,"href":"https:\/\/kozumi.eu\/pt\/wp-json\/wp\/v2\/comments?post=8915"}],"version-history":[{"count":0,"href":"https:\/\/kozumi.eu\/pt\/wp-json\/wp\/v2\/product\/8915\/revisions"}],"wp:featuredmedia":[{"embeddable":true,"href":"https:\/\/kozumi.eu\/pt\/wp-json\/wp\/v2\/media\/8914"}],"wp:attachment":[{"href":"https:\/\/kozumi.eu\/pt\/wp-json\/wp\/v2\/media?parent=8915"}],"wp:term":[{"taxonomy":"product_brand","embeddable":true,"href":"https:\/\/kozumi.eu\/pt\/wp-json\/wp\/v2\/product_brand?post=8915"},{"taxonomy":"product_cat","embeddable":true,"href":"https:\/\/kozumi.eu\/pt\/wp-json\/wp\/v2\/product_cat?post=8915"},{"taxonomy":"product_tag","embeddable":true,"href":"https:\/\/kozumi.eu\/pt\/wp-json\/wp\/v2\/product_tag?post=8915"},{"taxonomy":"product-origin","embeddable":true,"href":"https:\/\/kozumi.eu\/pt\/wp-json\/wp\/v2\/product-origin?post=8915"}],"curies":[{"name":"wp","href":"https:\/\/api.w.org\/{rel}","templated":true}]}}