{"id":9166,"date":"2026-01-09T14:20:12","date_gmt":"2026-01-09T13:20:12","guid":{"rendered":"https:\/\/kozumi.eu\/non%20class\u00e9\/jl-e002-oshibori-machine-skopos\/"},"modified":"2026-04-11T05:45:15","modified_gmt":"2026-04-11T03:45:15","slug":"jl-e002-oshibori-machine-skopos","status":"publish","type":"product","link":"https:\/\/kozumi.eu\/pt\/appareils\/jl-e002-oshibori-machine-skopos\/","title":{"rendered":"M\u00e1quina Oshibori - SKOPOS"},"content":{"rendered":"<p>A m\u00e1quina Oshibori JL-E001 da Skopos prepara e armazena toalhas quentes ou frias de forma higi\u00e9nica e uniforme. Compacta e f\u00e1cil de utilizar, \u00e9 perfeita para restaurantes, sushi bars, hot\u00e9is e estabelecimentos de luxo. Fi\u00e1vel e elegante, melhora a experi\u00eancia do cliente desde a \u00e1rea da rece\u00e7\u00e3o, respeitando as normas de higiene profissional.<\/p>","protected":false},"excerpt":{"rendered":"<p>M\u00e1quina Skopos JL-E001 Oshibori: produ\u00e7\u00e3o r\u00e1pida de toalhas quentes ou frias para \u00e1reas de rece\u00e7\u00e3o topo de gama em restaurantes e hot\u00e9is - higiene profissional e eleg\u00e2ncia.<\/p>","protected":false},"featured_media":9165,"comment_status":"open","ping_status":"closed","template":"","meta":[],"product_brand":[],"product_cat":[190,268],"product_tag":[],"product-origin":[],"class_list":{"0":"post-9166","1":"product","2":"type-product","3":"status-publish","4":"has-post-thumbnail","6":"product_cat-appareils","7":"product_cat-pour-les-professionnels","9":"first","10":"instock","11":"taxable","12":"shipping-taxable","13":"purchasable","14":"product-type-simple"},"_links":{"self":[{"href":"https:\/\/kozumi.eu\/pt\/wp-json\/wp\/v2\/product\/9166","targetHints":{"allow":["GET"]}}],"collection":[{"href":"https:\/\/kozumi.eu\/pt\/wp-json\/wp\/v2\/product"}],"about":[{"href":"https:\/\/kozumi.eu\/pt\/wp-json\/wp\/v2\/types\/product"}],"replies":[{"embeddable":true,"href":"https:\/\/kozumi.eu\/pt\/wp-json\/wp\/v2\/comments?post=9166"}],"version-history":[{"count":2,"href":"https:\/\/kozumi.eu\/pt\/wp-json\/wp\/v2\/product\/9166\/revisions"}],"predecessor-version":[{"id":9494,"href":"https:\/\/kozumi.eu\/pt\/wp-json\/wp\/v2\/product\/9166\/revisions\/9494"}],"wp:featuredmedia":[{"embeddable":true,"href":"https:\/\/kozumi.eu\/pt\/wp-json\/wp\/v2\/media\/9165"}],"wp:attachment":[{"href":"https:\/\/kozumi.eu\/pt\/wp-json\/wp\/v2\/media?parent=9166"}],"wp:term":[{"taxonomy":"product_brand","embeddable":true,"href":"https:\/\/kozumi.eu\/pt\/wp-json\/wp\/v2\/product_brand?post=9166"},{"taxonomy":"product_cat","embeddable":true,"href":"https:\/\/kozumi.eu\/pt\/wp-json\/wp\/v2\/product_cat?post=9166"},{"taxonomy":"product_tag","embeddable":true,"href":"https:\/\/kozumi.eu\/pt\/wp-json\/wp\/v2\/product_tag?post=9166"},{"taxonomy":"product-origin","embeddable":true,"href":"https:\/\/kozumi.eu\/pt\/wp-json\/wp\/v2\/product-origin?post=9166"}],"curies":[{"name":"wp","href":"https:\/\/api.w.org\/{rel}","templated":true}]}}