{"id":9191,"date":"2026-01-15T11:46:21","date_gmt":"2026-01-15T10:46:21","guid":{"rendered":"https:\/\/kozumi.eu\/non%20class\u00e9\/asa190-maki-maker-manuel-autec\/"},"modified":"2026-04-19T06:54:30","modified_gmt":"2026-04-19T04:54:30","slug":"asa190-maki-maker-manuel-autec","status":"publish","type":"product","link":"https:\/\/kozumi.eu\/pt\/appareils\/asa190-maki-maker-manuel-autec\/","title":{"rendered":"M\u00e1quina manual Maki - AUTEC"},"content":{"rendered":"<p>A ASA190 da AUTEC \u00e9 uma m\u00e1quina profissional de maki manual projectada para produzir rolos perfeitamente moldados de forma r\u00e1pida e consistente. Sem eletricidade e f\u00e1cil de limpar, \u00e9 ideal para restaurantes, catering, chefs itinerantes ou entusiastas exigentes.<\/p>","protected":false},"excerpt":{"rendered":"<p>M\u00e1quina de maki manual AUTEC ASA190: compacta, f\u00e1cil de usar e ideal para fazer makis regulares a velocidades de at\u00e9 120 por hora.<\/p>","protected":false},"featured_media":9207,"comment_status":"open","ping_status":"closed","template":"","meta":[],"product_brand":[],"product_cat":[190],"product_tag":[],"product-origin":[],"class_list":{"0":"post-9191","1":"product","2":"type-product","3":"status-publish","4":"has-post-thumbnail","6":"product_cat-appareils","8":"first","9":"instock","10":"taxable","11":"shipping-taxable","12":"purchasable","13":"product-type-simple"},"_links":{"self":[{"href":"https:\/\/kozumi.eu\/pt\/wp-json\/wp\/v2\/product\/9191","targetHints":{"allow":["GET"]}}],"collection":[{"href":"https:\/\/kozumi.eu\/pt\/wp-json\/wp\/v2\/product"}],"about":[{"href":"https:\/\/kozumi.eu\/pt\/wp-json\/wp\/v2\/types\/product"}],"replies":[{"embeddable":true,"href":"https:\/\/kozumi.eu\/pt\/wp-json\/wp\/v2\/comments?post=9191"}],"version-history":[{"count":0,"href":"https:\/\/kozumi.eu\/pt\/wp-json\/wp\/v2\/product\/9191\/revisions"}],"wp:featuredmedia":[{"embeddable":true,"href":"https:\/\/kozumi.eu\/pt\/wp-json\/wp\/v2\/media\/9207"}],"wp:attachment":[{"href":"https:\/\/kozumi.eu\/pt\/wp-json\/wp\/v2\/media?parent=9191"}],"wp:term":[{"taxonomy":"product_brand","embeddable":true,"href":"https:\/\/kozumi.eu\/pt\/wp-json\/wp\/v2\/product_brand?post=9191"},{"taxonomy":"product_cat","embeddable":true,"href":"https:\/\/kozumi.eu\/pt\/wp-json\/wp\/v2\/product_cat?post=9191"},{"taxonomy":"product_tag","embeddable":true,"href":"https:\/\/kozumi.eu\/pt\/wp-json\/wp\/v2\/product_tag?post=9191"},{"taxonomy":"product-origin","embeddable":true,"href":"https:\/\/kozumi.eu\/pt\/wp-json\/wp\/v2\/product-origin?post=9191"}],"curies":[{"name":"wp","href":"https:\/\/api.w.org\/{rel}","templated":true}]}}