{"id":9193,"date":"2026-01-15T11:47:44","date_gmt":"2026-01-15T10:47:44","guid":{"rendered":"https:\/\/kozumi.eu\/non%20class\u00e9\/roller-plus-maki-maker-manual-by-sushi-robots\/"},"modified":"2026-04-19T08:25:11","modified_gmt":"2026-04-19T06:25:11","slug":"roller-plus-maki-maker-manual","status":"publish","type":"product","link":"https:\/\/kozumi.eu\/pt\/appareils\/roller-plus-maki-maker-manual\/","title":{"rendered":"ROLLER PLUS - Manual do fabricante de caqui"},"content":{"rendered":"<div class=\"ewa-rteLine\">A ROLLER PLUS \u00e9 uma m\u00e1quina manual concebida para facilitar a produ\u00e7\u00e3o de makis perfeitamente uniformes.<\/div>\n<div class=\"ewa-rteLine\"><\/div>\n<div class=\"ewa-rteLine\">Garante rapidez, precis\u00e3o e consist\u00eancia, preservando o toque artesanal. Uma ferramenta fi\u00e1vel e eficiente, ideal para chefs de sushi exigentes, restaurantes e entusiastas.<\/div>","protected":false},"excerpt":{"rendered":"<p>M\u00e1quina manual ROLLER PLUS para fazer makis uniformes e precisos. Ideal para chefes de sushi e profissionais exigentes.<\/p>","protected":false},"featured_media":9205,"comment_status":"open","ping_status":"closed","template":"","meta":[],"product_brand":[],"product_cat":[190],"product_tag":[],"product-origin":[],"class_list":{"0":"post-9193","1":"product","2":"type-product","3":"status-publish","4":"has-post-thumbnail","6":"product_cat-appareils","8":"first","9":"instock","10":"taxable","11":"shipping-taxable","12":"purchasable","13":"product-type-simple"},"_links":{"self":[{"href":"https:\/\/kozumi.eu\/pt\/wp-json\/wp\/v2\/product\/9193","targetHints":{"allow":["GET"]}}],"collection":[{"href":"https:\/\/kozumi.eu\/pt\/wp-json\/wp\/v2\/product"}],"about":[{"href":"https:\/\/kozumi.eu\/pt\/wp-json\/wp\/v2\/types\/product"}],"replies":[{"embeddable":true,"href":"https:\/\/kozumi.eu\/pt\/wp-json\/wp\/v2\/comments?post=9193"}],"version-history":[{"count":0,"href":"https:\/\/kozumi.eu\/pt\/wp-json\/wp\/v2\/product\/9193\/revisions"}],"wp:featuredmedia":[{"embeddable":true,"href":"https:\/\/kozumi.eu\/pt\/wp-json\/wp\/v2\/media\/9205"}],"wp:attachment":[{"href":"https:\/\/kozumi.eu\/pt\/wp-json\/wp\/v2\/media?parent=9193"}],"wp:term":[{"taxonomy":"product_brand","embeddable":true,"href":"https:\/\/kozumi.eu\/pt\/wp-json\/wp\/v2\/product_brand?post=9193"},{"taxonomy":"product_cat","embeddable":true,"href":"https:\/\/kozumi.eu\/pt\/wp-json\/wp\/v2\/product_cat?post=9193"},{"taxonomy":"product_tag","embeddable":true,"href":"https:\/\/kozumi.eu\/pt\/wp-json\/wp\/v2\/product_tag?post=9193"},{"taxonomy":"product-origin","embeddable":true,"href":"https:\/\/kozumi.eu\/pt\/wp-json\/wp\/v2\/product-origin?post=9193"}],"curies":[{"name":"wp","href":"https:\/\/api.w.org\/{rel}","templated":true}]}}